{"id":13987,"date":"2026-01-14T14:55:06","date_gmt":"2026-01-14T13:55:06","guid":{"rendered":"https:\/\/www.dpmhk.cz\/?page_id=13987"},"modified":"2026-03-12T10:18:10","modified_gmt":"2026-03-12T09:18:10","slug":"nakup-odeslanim-sms","status":"publish","type":"page","link":"https:\/\/www.dpmhk.cz\/cz\/jizdenky\/zpusob-nakupu-jizdenky\/sms-jizdenky\/nakup-odeslanim-sms\/","title":{"rendered":"N\u00e1kup j\u00edzdenky odesl\u00e1n\u00edm SMS"},"content":{"rendered":"\t\t<div data-elementor-type=\"wp-page\" data-elementor-id=\"13987\" class=\"elementor elementor-13987\" wpc-filter-elementor-widget=\"1\" data-elementor-post-type=\"page\">\n\t\t\t\t<div class=\"elementor-element elementor-element-28effec e-flex e-con-boxed e-con e-parent\" data-id=\"28effec\" data-element_type=\"container\" data-e-type=\"container\">\n\t\t\t\t\t<div class=\"e-con-inner\">\n\t\t\t\t<div class=\"elementor-element elementor-element-f4b8a5e elementor-widget elementor-widget-breadcrumbs\" data-id=\"f4b8a5e\" data-element_type=\"widget\" data-e-type=\"widget\" data-widget_type=\"breadcrumbs.default\">\n\t\t\t\t<div class=\"elementor-widget-container\">\n\t\t\t\t\t<p id=\"breadcrumbs\"><span><span><a href=\"https:\/\/www.dpmhk.cz\/cz\/\"><span class=\"fa fa-home\" aria-hidden=\"true\"><\/span><span class=\"screen-reader-text\">Dom\u016f<\/span><\/a><\/span><\/span><\/p>\t\t\t\t<\/div>\n\t\t\t\t<\/div>\n\t\t\t\t<div class=\"elementor-element elementor-element-be62b7b elementor-widget elementor-widget-heading\" data-id=\"be62b7b\" data-element_type=\"widget\" data-e-type=\"widget\" data-widget_type=\"heading.default\">\n\t\t\t\t<div class=\"elementor-widget-container\">\n\t\t\t\t\t<h1 class=\"elementor-heading-title elementor-size-default\">N\u00e1kup j\u00edzdenky odesl\u00e1n\u00edm SMS<\/h1>\t\t\t\t<\/div>\n\t\t\t\t<\/div>\n\t\t\t\t\t<\/div>\n\t\t\t\t<\/div>\n\t\t<div class=\"elementor-element elementor-element-5d6845d e-flex e-con-boxed e-con e-parent\" data-id=\"5d6845d\" data-element_type=\"container\" data-e-type=\"container\">\n\t\t\t\t\t<div class=\"e-con-inner\">\n\t\t\t\t<div class=\"elementor-element elementor-element-f92a91d elementor-widget elementor-widget-heading\" data-id=\"f92a91d\" data-element_type=\"widget\" data-e-type=\"widget\" data-widget_type=\"heading.default\">\n\t\t\t\t<div class=\"elementor-widget-container\">\n\t\t\t\t\t<p class=\"elementor-heading-title elementor-size-default\">Cena t\u00e9to objednac\u00ed SMS je zpoplatn\u011bna jako b\u011b\u017en\u00e1 SMS dle tarifu dan\u00e9ho oper\u00e1tora.<\/p>\t\t\t\t<\/div>\n\t\t\t\t<\/div>\n\t\t<div class=\"elementor-element elementor-element-7241ece e-grid e-con-full e-con e-child\" data-id=\"7241ece\" data-element_type=\"container\" data-e-type=\"container\">\n\t\t<div class=\"elementor-element elementor-element-62af577 e-con-full e-flex e-con e-child\" data-id=\"62af577\" data-element_type=\"container\" data-e-type=\"container\" data-settings=\"{&quot;background_background&quot;:&quot;classic&quot;}\">\n\t\t\t\t<div class=\"elementor-element elementor-element-3f6dc88 elementor-widget elementor-widget-heading\" data-id=\"3f6dc88\" data-element_type=\"widget\" data-e-type=\"widget\" data-widget_type=\"heading.default\">\n\t\t\t\t<div class=\"elementor-widget-container\">\n\t\t\t\t\t<h2 class=\"elementor-heading-title elementor-size-default\">Z\u00e1kladn\u00ed (dosp\u011bl\u00fd)<\/h2>\t\t\t\t<\/div>\n\t\t\t\t<\/div>\n\t\t\t\t<div class=\"elementor-element elementor-element-1c4616b elementor-widget elementor-widget-heading\" data-id=\"1c4616b\" data-element_type=\"widget\" data-e-type=\"widget\" data-widget_type=\"heading.default\">\n\t\t\t\t<div class=\"elementor-widget-container\">\n\t\t\t\t\t<h3 class=\"elementor-heading-title elementor-size-default\">Na 60 min. p\u0159estupn\u00ed<\/h3>\t\t\t\t<\/div>\n\t\t\t\t<\/div>\n\t\t\t\t<div class=\"elementor-element elementor-element-0858e05 elementor-widget elementor-widget-heading\" data-id=\"0858e05\" data-element_type=\"widget\" data-e-type=\"widget\" data-widget_type=\"heading.default\">\n\t\t\t\t<div class=\"elementor-widget-container\">\n\t\t\t\t\t<h4 class=\"elementor-heading-title elementor-size-default\">30 K\u010d<\/h4>\t\t\t\t<\/div>\n\t\t\t\t<\/div>\n\t\t\t\t<div class=\"elementor-element elementor-element-031680e elementor-widget elementor-widget-text-editor\" data-id=\"031680e\" data-element_type=\"widget\" data-e-type=\"widget\" data-widget_type=\"text-editor.default\">\n\t\t\t\t<div class=\"elementor-widget-container\">\n\t\t\t\t\t\t\t\t\t<ol>\n<li>Napi\u0161te SMS ve tvaru: HK<\/li>\n<li>Ode\u0161lete na \u010d\u00edslo 90230<\/li>\n<li>Do 2 min. obdr\u017e\u00edte j\u00edzdenku<\/li>\n<\/ol>\t\t\t\t\t\t\t\t<\/div>\n\t\t\t\t<\/div>\n\t\t\t\t<\/div>\n\t\t<div class=\"elementor-element elementor-element-8acdf45 e-con-full e-flex e-con e-child\" data-id=\"8acdf45\" data-element_type=\"container\" data-e-type=\"container\" data-settings=\"{&quot;background_background&quot;:&quot;classic&quot;}\">\n\t\t\t\t<div class=\"elementor-element elementor-element-5068c50 elementor-widget elementor-widget-heading\" data-id=\"5068c50\" data-element_type=\"widget\" data-e-type=\"widget\" data-widget_type=\"heading.default\">\n\t\t\t\t<div class=\"elementor-widget-container\">\n\t\t\t\t\t<h2 class=\"elementor-heading-title elementor-size-default\">Zlevn\u011bn\u00e1 (d\u00edt\u011b 6 - 14,99 a senior 65+)<\/h2>\t\t\t\t<\/div>\n\t\t\t\t<\/div>\n\t\t\t\t<div class=\"elementor-element elementor-element-9c86e53 elementor-widget elementor-widget-heading\" data-id=\"9c86e53\" data-element_type=\"widget\" data-e-type=\"widget\" data-widget_type=\"heading.default\">\n\t\t\t\t<div class=\"elementor-widget-container\">\n\t\t\t\t\t<h3 class=\"elementor-heading-title elementor-size-default\">Na 60 min. p\u0159estupn\u00ed<\/h3>\t\t\t\t<\/div>\n\t\t\t\t<\/div>\n\t\t\t\t<div class=\"elementor-element elementor-element-9af4268 elementor-widget elementor-widget-heading\" data-id=\"9af4268\" data-element_type=\"widget\" data-e-type=\"widget\" data-widget_type=\"heading.default\">\n\t\t\t\t<div class=\"elementor-widget-container\">\n\t\t\t\t\t<h4 class=\"elementor-heading-title elementor-size-default\">15 K\u010d<\/h4>\t\t\t\t<\/div>\n\t\t\t\t<\/div>\n\t\t\t\t<div class=\"elementor-element elementor-element-d4f2843 elementor-widget elementor-widget-text-editor\" data-id=\"d4f2843\" data-element_type=\"widget\" data-e-type=\"widget\" data-widget_type=\"text-editor.default\">\n\t\t\t\t<div class=\"elementor-widget-container\">\n\t\t\t\t\t\t\t\t\t<ol><li>Napi\u0161te SMS ve tvaru: HKZ<\/li><li>Ode\u0161lete na \u010d\u00edslo 90230<\/li><li>Do 2 min. obdr\u017e\u00edte j\u00edzdenku<\/li><\/ol>\t\t\t\t\t\t\t\t<\/div>\n\t\t\t\t<\/div>\n\t\t\t\t<\/div>\n\t\t<div class=\"elementor-element elementor-element-492ff67 e-con-full e-flex e-con e-child\" data-id=\"492ff67\" data-element_type=\"container\" data-e-type=\"container\" data-settings=\"{&quot;background_background&quot;:&quot;classic&quot;}\">\n\t\t\t\t<div class=\"elementor-element elementor-element-87b5aa4 elementor-widget elementor-widget-heading\" data-id=\"87b5aa4\" data-element_type=\"widget\" data-e-type=\"widget\" data-widget_type=\"heading.default\">\n\t\t\t\t<div class=\"elementor-widget-container\">\n\t\t\t\t\t<h2 class=\"elementor-heading-title elementor-size-default\">Pro v\u0161echny kategorie<\/h2>\t\t\t\t<\/div>\n\t\t\t\t<\/div>\n\t\t\t\t<div class=\"elementor-element elementor-element-943bc08 elementor-widget elementor-widget-heading\" data-id=\"943bc08\" data-element_type=\"widget\" data-e-type=\"widget\" data-widget_type=\"heading.default\">\n\t\t\t\t<div class=\"elementor-widget-container\">\n\t\t\t\t\t<h3 class=\"elementor-heading-title elementor-size-default\">Celodenn\u00ed na 24 hod.<\/h3>\t\t\t\t<\/div>\n\t\t\t\t<\/div>\n\t\t\t\t<div class=\"elementor-element elementor-element-5d1ca52 elementor-widget elementor-widget-heading\" data-id=\"5d1ca52\" data-element_type=\"widget\" data-e-type=\"widget\" data-widget_type=\"heading.default\">\n\t\t\t\t<div class=\"elementor-widget-container\">\n\t\t\t\t\t<h4 class=\"elementor-heading-title elementor-size-default\">100 K\u010d<\/h4>\t\t\t\t<\/div>\n\t\t\t\t<\/div>\n\t\t\t\t<div class=\"elementor-element elementor-element-c7b2943 elementor-widget elementor-widget-text-editor\" data-id=\"c7b2943\" data-element_type=\"widget\" data-e-type=\"widget\" data-widget_type=\"text-editor.default\">\n\t\t\t\t<div class=\"elementor-widget-container\">\n\t\t\t\t\t\t\t\t\t<ol><li>Napi\u0161te SMS ve tvaru: HK24<\/li><li>Ode\u0161lete na \u010d\u00edslo 90230<\/li><li>Do 2 min. obdr\u017e\u00edte j\u00edzdenku<\/li><\/ol>\t\t\t\t\t\t\t\t<\/div>\n\t\t\t\t<\/div>\n\t\t\t\t<\/div>\n\t\t\t\t<\/div>\n\t\t\t\t\t<\/div>\n\t\t\t\t<\/div>\n\t\t\t\t<\/div>\n\t\t","protected":false},"excerpt":{"rendered":"<p>N\u00e1kup j\u00edzdenky odesl\u00e1n\u00edm SMS Cena t\u00e9to objednac\u00ed SMS je zpoplatn\u011bna jako b\u011b\u017en\u00e1 SMS dle tarifu dan\u00e9ho oper\u00e1tora. Z\u00e1kladn\u00ed (dosp\u011bl\u00fd) Na 60 min. p\u0159estupn\u00ed 30 K\u010d Napi\u0161te SMS ve tvaru: HK Ode\u0161lete na \u010d\u00edslo 90230 Do 2 min. obdr\u017e\u00edte j\u00edzdenku Zlevn\u011bn\u00e1 (d\u00edt\u011b 6 &#8211; 14,99 a senior 65+) Na 60 min. p\u0159estupn\u00ed 15 K\u010d Napi\u0161te SMS [&hellip;]<\/p>\n","protected":false},"author":1,"featured_media":0,"parent":7487,"menu_order":0,"comment_status":"closed","ping_status":"closed","template":"","meta":{"_acf_changed":false,"footnotes":""},"class_list":["post-13987","page","type-page","status-publish","hentry"],"acf":[],"yoast_head":"<!-- This site is optimized with the Yoast SEO Premium plugin v27.3 (Yoast SEO v27.3) - https:\/\/yoast.com\/product\/yoast-seo-premium-wordpress\/ -->\n<title>N\u00e1kup j\u00edzdenky odesl\u00e1n\u00edm SMS krok za krokem - Dopravn\u00ed podnik m\u011bsta Hradce Kr\u00e1lov\u00e9<\/title>\n<meta name=\"description\" content=\"Jednoduch\u00fd zp\u016fsob, jak na n\u00e1kup j\u00edzdenky odesl\u00e1n\u00edm SMS bez registrace. Postupujte podle instrukc\u00ed a j\u00edzdenka je va\u0161e.\" \/>\n<meta name=\"robots\" content=\"index, follow, max-snippet:-1, max-image-preview:large, max-video-preview:-1\" \/>\n<link rel=\"canonical\" href=\"https:\/\/www.dpmhk.cz\/cz\/jizdenky\/zpusob-nakupu-jizdenky\/sms-jizdenky\/nakup-odeslanim-sms\/\" \/>\n<meta property=\"og:locale\" content=\"cs_CZ\" \/>\n<meta property=\"og:type\" content=\"article\" \/>\n<meta property=\"og:title\" content=\"N\u00e1kup j\u00edzdenky odesl\u00e1n\u00edm SMS\" \/>\n<meta property=\"og:description\" content=\"Jednoduch\u00fd zp\u016fsob, jak na n\u00e1kup j\u00edzdenky odesl\u00e1n\u00edm SMS bez registrace. Postupujte podle instrukc\u00ed a j\u00edzdenka je va\u0161e.\" \/>\n<meta property=\"og:url\" content=\"https:\/\/www.dpmhk.cz\/cz\/jizdenky\/zpusob-nakupu-jizdenky\/sms-jizdenky\/nakup-odeslanim-sms\/\" \/>\n<meta property=\"og:site_name\" content=\"Dopravn\u00ed podnik m\u011bsta Hradce Kr\u00e1lov\u00e9\" \/>\n<meta property=\"article:publisher\" content=\"https:\/\/www.facebook.com\/dopravnipodnikhk\/\" \/>\n<meta property=\"article:modified_time\" content=\"2026-03-12T09:18:10+00:00\" \/>\n<meta property=\"og:image\" content=\"https:\/\/www.dpmhk.cz\/wp-content\/uploads\/2025\/11\/dopravni-podnik-hk-oznacnik-zastavka.jpg\" \/>\n\t<meta property=\"og:image:width\" content=\"1600\" \/>\n\t<meta property=\"og:image:height\" content=\"1067\" \/>\n\t<meta property=\"og:image:type\" content=\"image\/jpeg\" \/>\n<meta name=\"twitter:card\" content=\"summary_large_image\" \/>\n<meta name=\"twitter:label1\" content=\"Odhadovan\u00e1 doba \u010dten\u00ed\" \/>\n\t<meta name=\"twitter:data1\" content=\"1 minuta\" \/>\n<script type=\"application\/ld+json\" class=\"yoast-schema-graph\">{\"@context\":\"https:\\\/\\\/schema.org\",\"@graph\":[{\"@type\":\"WebPage\",\"@id\":\"https:\\\/\\\/www.dpmhk.cz\\\/cz\\\/jizdenky\\\/zpusob-nakupu-jizdenky\\\/sms-jizdenky\\\/nakup-odeslanim-sms\\\/\",\"url\":\"https:\\\/\\\/www.dpmhk.cz\\\/cz\\\/jizdenky\\\/zpusob-nakupu-jizdenky\\\/sms-jizdenky\\\/nakup-odeslanim-sms\\\/\",\"name\":\"N\u00e1kup j\u00edzdenky odesl\u00e1n\u00edm SMS krok za krokem - Dopravn\u00ed podnik m\u011bsta Hradce Kr\u00e1lov\u00e9\",\"isPartOf\":{\"@id\":\"https:\\\/\\\/www.dpmhk.cz\\\/cz\\\/#website\"},\"datePublished\":\"2026-01-14T13:55:06+00:00\",\"dateModified\":\"2026-03-12T09:18:10+00:00\",\"description\":\"Jednoduch\u00fd zp\u016fsob, jak na n\u00e1kup j\u00edzdenky odesl\u00e1n\u00edm SMS bez registrace. Postupujte podle instrukc\u00ed a j\u00edzdenka je va\u0161e.\",\"breadcrumb\":{\"@id\":\"https:\\\/\\\/www.dpmhk.cz\\\/cz\\\/jizdenky\\\/zpusob-nakupu-jizdenky\\\/sms-jizdenky\\\/nakup-odeslanim-sms\\\/#breadcrumb\"},\"inLanguage\":\"cs\",\"potentialAction\":[{\"@type\":\"ReadAction\",\"target\":[\"https:\\\/\\\/www.dpmhk.cz\\\/cz\\\/jizdenky\\\/zpusob-nakupu-jizdenky\\\/sms-jizdenky\\\/nakup-odeslanim-sms\\\/\"]}]},{\"@type\":\"BreadcrumbList\",\"@id\":\"https:\\\/\\\/www.dpmhk.cz\\\/cz\\\/jizdenky\\\/zpusob-nakupu-jizdenky\\\/sms-jizdenky\\\/nakup-odeslanim-sms\\\/#breadcrumb\",\"itemListElement\":[{\"@type\":\"ListItem\",\"position\":1,\"name\":\"Dom\u016f\",\"item\":\"https:\\\/\\\/www.dpmhk.cz\\\/cz\\\/\"},{\"@type\":\"ListItem\",\"position\":2,\"name\":\"J\u00edzdenky\",\"item\":\"https:\\\/\\\/www.dpmhk.cz\\\/cz\\\/jizdenky\\\/\"},{\"@type\":\"ListItem\",\"position\":3,\"name\":\"Zp\u016fsob n\u00e1kupu j\u00edzdenky\",\"item\":\"https:\\\/\\\/www.dpmhk.cz\\\/cz\\\/jizdenky\\\/zpusob-nakupu-jizdenky\\\/\"},{\"@type\":\"ListItem\",\"position\":4,\"name\":\"SMS j\u00edzdenky\",\"item\":\"https:\\\/\\\/www.dpmhk.cz\\\/cz\\\/jizdenky\\\/zpusob-nakupu-jizdenky\\\/sms-jizdenky\\\/\"},{\"@type\":\"ListItem\",\"position\":5,\"name\":\"N\u00e1kup j\u00edzdenky odesl\u00e1n\u00edm SMS\"}]},{\"@type\":\"WebSite\",\"@id\":\"https:\\\/\\\/www.dpmhk.cz\\\/cz\\\/#website\",\"url\":\"https:\\\/\\\/www.dpmhk.cz\\\/cz\\\/\",\"name\":\"Dopravn\u00ed podnik m\u011bsta Hradce Kr\u00e1lov\u00e9\",\"description\":\"Ofici\u00e1ln\u00ed webov\u00e9 str\u00e1nky\",\"publisher\":{\"@id\":\"https:\\\/\\\/www.dpmhk.cz\\\/cz\\\/#organization\"},\"alternateName\":\"Dopravn\u00ed podnik m\u011bsta Hradce Kr\u00e1lov\u00e9\",\"potentialAction\":[{\"@type\":\"SearchAction\",\"target\":{\"@type\":\"EntryPoint\",\"urlTemplate\":\"https:\\\/\\\/www.dpmhk.cz\\\/cz\\\/?s={search_term_string}\"},\"query-input\":{\"@type\":\"PropertyValueSpecification\",\"valueRequired\":true,\"valueName\":\"search_term_string\"}}],\"inLanguage\":\"cs\"},{\"@type\":[\"Organization\",\"Place\"],\"@id\":\"https:\\\/\\\/www.dpmhk.cz\\\/cz\\\/#organization\",\"name\":\"Dopravn\u00ed podnik m\u011bsta Hradce Kr\u00e1lov\u00e9, a.s.\",\"alternateName\":\"DPmHK\",\"url\":\"https:\\\/\\\/www.dpmhk.cz\\\/cz\\\/\",\"logo\":{\"@id\":\"https:\\\/\\\/www.dpmhk.cz\\\/cz\\\/jizdenky\\\/zpusob-nakupu-jizdenky\\\/sms-jizdenky\\\/nakup-odeslanim-sms\\\/#local-main-organization-logo\"},\"image\":{\"@id\":\"https:\\\/\\\/www.dpmhk.cz\\\/cz\\\/jizdenky\\\/zpusob-nakupu-jizdenky\\\/sms-jizdenky\\\/nakup-odeslanim-sms\\\/#local-main-organization-logo\"},\"sameAs\":[\"https:\\\/\\\/www.facebook.com\\\/dopravnipodnikhk\\\/\",\"https:\\\/\\\/www.instagram.com\\\/dopravnipodnikhk\\\/\",\"https:\\\/\\\/www.youtube.com\\\/@dopravnipodnik-hk\"],\"legalName\":\"Dopravn\u00ed podnik m\u011bsta Hradce Kr\u00e1lov\u00e9, a.s.\",\"foundingDate\":\"1948-04-26\",\"numberOfEmployees\":{\"@type\":\"QuantitativeValue\",\"minValue\":\"201\",\"maxValue\":\"500\"},\"ownershipFundingInfo\":\"https:\\\/\\\/www.dpmhk.cz\\\/cz\\\/o-nas\\\/o-spolecnosti\\\/\",\"actionableFeedbackPolicy\":\"https:\\\/\\\/www.dpmhk.cz\\\/cz\\\/o-nas\\\/dokumenty-formulare\\\/\",\"ethicsPolicy\":\"https:\\\/\\\/www.dpmhk.cz\\\/cz\\\/o-nas\\\/o-spolecnosti\\\/\",\"diversityStaffingReport\":\"https:\\\/\\\/www.dpmhk.cz\\\/cz\\\/kariera\\\/\",\"address\":{\"@id\":\"https:\\\/\\\/www.dpmhk.cz\\\/cz\\\/jizdenky\\\/zpusob-nakupu-jizdenky\\\/sms-jizdenky\\\/nakup-odeslanim-sms\\\/#local-main-place-address\"},\"telephone\":[\"+420 495 089 271\",\"+420 495 546 095\"],\"contactPoint\":{\"@type\":\"ContactPoint\",\"email\":\"info@dpmhk.cz\"},\"openingHoursSpecification\":[{\"@type\":\"OpeningHoursSpecification\",\"dayOfWeek\":[\"Monday\",\"Wednesday\"],\"opens\":\"07:00\",\"closes\":\"17:00\"},{\"@type\":\"OpeningHoursSpecification\",\"dayOfWeek\":[\"Tuesday\",\"Thursday\"],\"opens\":\"07:00\",\"closes\":\"16:30\"},{\"@type\":\"OpeningHoursSpecification\",\"dayOfWeek\":[\"Friday\"],\"opens\":\"07:00\",\"closes\":\"15:00\"},{\"@type\":\"OpeningHoursSpecification\",\"dayOfWeek\":[\"Saturday\",\"Sunday\"],\"opens\":\"00:00\",\"closes\":\"00:00\"}],\"vatID\":\"CZ25267213\",\"taxID\":\"25267213\"},{\"@type\":\"PostalAddress\",\"@id\":\"https:\\\/\\\/www.dpmhk.cz\\\/cz\\\/jizdenky\\\/zpusob-nakupu-jizdenky\\\/sms-jizdenky\\\/nakup-odeslanim-sms\\\/#local-main-place-address\",\"streetAddress\":\"Pouchovsk\u00e1 153\",\"addressLocality\":\"Hradec Kr\u00e1lov\u00e9\",\"postalCode\":\"500 03\",\"addressRegion\":\"Aktivn\u00ed\",\"addressCountry\":\"CZ\"},{\"@type\":\"ImageObject\",\"inLanguage\":\"cs\",\"@id\":\"https:\\\/\\\/www.dpmhk.cz\\\/cz\\\/jizdenky\\\/zpusob-nakupu-jizdenky\\\/sms-jizdenky\\\/nakup-odeslanim-sms\\\/#local-main-organization-logo\",\"url\":\"https:\\\/\\\/www.dpmhk.cz\\\/wp-content\\\/uploads\\\/2025\\\/11\\\/DP_HK_Logo_cerne2025-1.svg\",\"contentUrl\":\"https:\\\/\\\/www.dpmhk.cz\\\/wp-content\\\/uploads\\\/2025\\\/11\\\/DP_HK_Logo_cerne2025-1.svg\",\"width\":123,\"height\":60,\"caption\":\"Dopravn\u00ed podnik m\u011bsta Hradce Kr\u00e1lov\u00e9, a.s.\"}]}<\/script>\n<meta name=\"geo.placename\" content=\"Hradec Kr\u00e1lov\u00e9\" \/>\n<meta name=\"geo.region\" content=\"\u010cesk\u00e1 republika\" \/>\n<!-- \/ Yoast SEO Premium plugin. -->","yoast_head_json":{"title":"N\u00e1kup j\u00edzdenky odesl\u00e1n\u00edm SMS krok za krokem - Dopravn\u00ed podnik m\u011bsta Hradce Kr\u00e1lov\u00e9","description":"Jednoduch\u00fd zp\u016fsob, jak na n\u00e1kup j\u00edzdenky odesl\u00e1n\u00edm SMS bez registrace. Postupujte podle instrukc\u00ed a j\u00edzdenka je va\u0161e.","robots":{"index":"index","follow":"follow","max-snippet":"max-snippet:-1","max-image-preview":"max-image-preview:large","max-video-preview":"max-video-preview:-1"},"canonical":"https:\/\/www.dpmhk.cz\/cz\/jizdenky\/zpusob-nakupu-jizdenky\/sms-jizdenky\/nakup-odeslanim-sms\/","og_locale":"cs_CZ","og_type":"article","og_title":"N\u00e1kup j\u00edzdenky odesl\u00e1n\u00edm SMS","og_description":"Jednoduch\u00fd zp\u016fsob, jak na n\u00e1kup j\u00edzdenky odesl\u00e1n\u00edm SMS bez registrace. Postupujte podle instrukc\u00ed a j\u00edzdenka je va\u0161e.","og_url":"https:\/\/www.dpmhk.cz\/cz\/jizdenky\/zpusob-nakupu-jizdenky\/sms-jizdenky\/nakup-odeslanim-sms\/","og_site_name":"Dopravn\u00ed podnik m\u011bsta Hradce Kr\u00e1lov\u00e9","article_publisher":"https:\/\/www.facebook.com\/dopravnipodnikhk\/","article_modified_time":"2026-03-12T09:18:10+00:00","og_image":[{"width":1600,"height":1067,"url":"https:\/\/www.dpmhk.cz\/wp-content\/uploads\/2025\/11\/dopravni-podnik-hk-oznacnik-zastavka.jpg","type":"image\/jpeg"}],"twitter_card":"summary_large_image","twitter_misc":{"Odhadovan\u00e1 doba \u010dten\u00ed":"1 minuta"},"schema":{"@context":"https:\/\/schema.org","@graph":[{"@type":"WebPage","@id":"https:\/\/www.dpmhk.cz\/cz\/jizdenky\/zpusob-nakupu-jizdenky\/sms-jizdenky\/nakup-odeslanim-sms\/","url":"https:\/\/www.dpmhk.cz\/cz\/jizdenky\/zpusob-nakupu-jizdenky\/sms-jizdenky\/nakup-odeslanim-sms\/","name":"N\u00e1kup j\u00edzdenky odesl\u00e1n\u00edm SMS krok za krokem - Dopravn\u00ed podnik m\u011bsta Hradce Kr\u00e1lov\u00e9","isPartOf":{"@id":"https:\/\/www.dpmhk.cz\/cz\/#website"},"datePublished":"2026-01-14T13:55:06+00:00","dateModified":"2026-03-12T09:18:10+00:00","description":"Jednoduch\u00fd zp\u016fsob, jak na n\u00e1kup j\u00edzdenky odesl\u00e1n\u00edm SMS bez registrace. Postupujte podle instrukc\u00ed a j\u00edzdenka je va\u0161e.","breadcrumb":{"@id":"https:\/\/www.dpmhk.cz\/cz\/jizdenky\/zpusob-nakupu-jizdenky\/sms-jizdenky\/nakup-odeslanim-sms\/#breadcrumb"},"inLanguage":"cs","potentialAction":[{"@type":"ReadAction","target":["https:\/\/www.dpmhk.cz\/cz\/jizdenky\/zpusob-nakupu-jizdenky\/sms-jizdenky\/nakup-odeslanim-sms\/"]}]},{"@type":"BreadcrumbList","@id":"https:\/\/www.dpmhk.cz\/cz\/jizdenky\/zpusob-nakupu-jizdenky\/sms-jizdenky\/nakup-odeslanim-sms\/#breadcrumb","itemListElement":[{"@type":"ListItem","position":1,"name":"Dom\u016f","item":"https:\/\/www.dpmhk.cz\/cz\/"},{"@type":"ListItem","position":2,"name":"J\u00edzdenky","item":"https:\/\/www.dpmhk.cz\/cz\/jizdenky\/"},{"@type":"ListItem","position":3,"name":"Zp\u016fsob n\u00e1kupu j\u00edzdenky","item":"https:\/\/www.dpmhk.cz\/cz\/jizdenky\/zpusob-nakupu-jizdenky\/"},{"@type":"ListItem","position":4,"name":"SMS j\u00edzdenky","item":"https:\/\/www.dpmhk.cz\/cz\/jizdenky\/zpusob-nakupu-jizdenky\/sms-jizdenky\/"},{"@type":"ListItem","position":5,"name":"N\u00e1kup j\u00edzdenky odesl\u00e1n\u00edm SMS"}]},{"@type":"WebSite","@id":"https:\/\/www.dpmhk.cz\/cz\/#website","url":"https:\/\/www.dpmhk.cz\/cz\/","name":"Dopravn\u00ed podnik m\u011bsta Hradce Kr\u00e1lov\u00e9","description":"Ofici\u00e1ln\u00ed webov\u00e9 str\u00e1nky","publisher":{"@id":"https:\/\/www.dpmhk.cz\/cz\/#organization"},"alternateName":"Dopravn\u00ed podnik m\u011bsta Hradce Kr\u00e1lov\u00e9","potentialAction":[{"@type":"SearchAction","target":{"@type":"EntryPoint","urlTemplate":"https:\/\/www.dpmhk.cz\/cz\/?s={search_term_string}"},"query-input":{"@type":"PropertyValueSpecification","valueRequired":true,"valueName":"search_term_string"}}],"inLanguage":"cs"},{"@type":["Organization","Place"],"@id":"https:\/\/www.dpmhk.cz\/cz\/#organization","name":"Dopravn\u00ed podnik m\u011bsta Hradce Kr\u00e1lov\u00e9, a.s.","alternateName":"DPmHK","url":"https:\/\/www.dpmhk.cz\/cz\/","logo":{"@id":"https:\/\/www.dpmhk.cz\/cz\/jizdenky\/zpusob-nakupu-jizdenky\/sms-jizdenky\/nakup-odeslanim-sms\/#local-main-organization-logo"},"image":{"@id":"https:\/\/www.dpmhk.cz\/cz\/jizdenky\/zpusob-nakupu-jizdenky\/sms-jizdenky\/nakup-odeslanim-sms\/#local-main-organization-logo"},"sameAs":["https:\/\/www.facebook.com\/dopravnipodnikhk\/","https:\/\/www.instagram.com\/dopravnipodnikhk\/","https:\/\/www.youtube.com\/@dopravnipodnik-hk"],"legalName":"Dopravn\u00ed podnik m\u011bsta Hradce Kr\u00e1lov\u00e9, a.s.","foundingDate":"1948-04-26","numberOfEmployees":{"@type":"QuantitativeValue","minValue":"201","maxValue":"500"},"ownershipFundingInfo":"https:\/\/www.dpmhk.cz\/cz\/o-nas\/o-spolecnosti\/","actionableFeedbackPolicy":"https:\/\/www.dpmhk.cz\/cz\/o-nas\/dokumenty-formulare\/","ethicsPolicy":"https:\/\/www.dpmhk.cz\/cz\/o-nas\/o-spolecnosti\/","diversityStaffingReport":"https:\/\/www.dpmhk.cz\/cz\/kariera\/","address":{"@id":"https:\/\/www.dpmhk.cz\/cz\/jizdenky\/zpusob-nakupu-jizdenky\/sms-jizdenky\/nakup-odeslanim-sms\/#local-main-place-address"},"telephone":["+420 495 089 271","+420 495 546 095"],"contactPoint":{"@type":"ContactPoint","email":"info@dpmhk.cz"},"openingHoursSpecification":[{"@type":"OpeningHoursSpecification","dayOfWeek":["Monday","Wednesday"],"opens":"07:00","closes":"17:00"},{"@type":"OpeningHoursSpecification","dayOfWeek":["Tuesday","Thursday"],"opens":"07:00","closes":"16:30"},{"@type":"OpeningHoursSpecification","dayOfWeek":["Friday"],"opens":"07:00","closes":"15:00"},{"@type":"OpeningHoursSpecification","dayOfWeek":["Saturday","Sunday"],"opens":"00:00","closes":"00:00"}],"vatID":"CZ25267213","taxID":"25267213"},{"@type":"PostalAddress","@id":"https:\/\/www.dpmhk.cz\/cz\/jizdenky\/zpusob-nakupu-jizdenky\/sms-jizdenky\/nakup-odeslanim-sms\/#local-main-place-address","streetAddress":"Pouchovsk\u00e1 153","addressLocality":"Hradec Kr\u00e1lov\u00e9","postalCode":"500 03","addressRegion":"Aktivn\u00ed","addressCountry":"CZ"},{"@type":"ImageObject","inLanguage":"cs","@id":"https:\/\/www.dpmhk.cz\/cz\/jizdenky\/zpusob-nakupu-jizdenky\/sms-jizdenky\/nakup-odeslanim-sms\/#local-main-organization-logo","url":"https:\/\/www.dpmhk.cz\/wp-content\/uploads\/2025\/11\/DP_HK_Logo_cerne2025-1.svg","contentUrl":"https:\/\/www.dpmhk.cz\/wp-content\/uploads\/2025\/11\/DP_HK_Logo_cerne2025-1.svg","width":123,"height":60,"caption":"Dopravn\u00ed podnik m\u011bsta Hradce Kr\u00e1lov\u00e9, a.s."}]},"geo.placename":"Hradec Kr\u00e1lov\u00e9","geo.region":"\u010cesk\u00e1 republika"},"_links":{"self":[{"href":"https:\/\/www.dpmhk.cz\/cz\/wp-json\/wp\/v2\/pages\/13987","targetHints":{"allow":["GET"]}}],"collection":[{"href":"https:\/\/www.dpmhk.cz\/cz\/wp-json\/wp\/v2\/pages"}],"about":[{"href":"https:\/\/www.dpmhk.cz\/cz\/wp-json\/wp\/v2\/types\/page"}],"author":[{"embeddable":true,"href":"https:\/\/www.dpmhk.cz\/cz\/wp-json\/wp\/v2\/users\/1"}],"replies":[{"embeddable":true,"href":"https:\/\/www.dpmhk.cz\/cz\/wp-json\/wp\/v2\/comments?post=13987"}],"version-history":[{"count":5,"href":"https:\/\/www.dpmhk.cz\/cz\/wp-json\/wp\/v2\/pages\/13987\/revisions"}],"predecessor-version":[{"id":21593,"href":"https:\/\/www.dpmhk.cz\/cz\/wp-json\/wp\/v2\/pages\/13987\/revisions\/21593"}],"up":[{"embeddable":true,"href":"https:\/\/www.dpmhk.cz\/cz\/wp-json\/wp\/v2\/pages\/7487"}],"wp:attachment":[{"href":"https:\/\/www.dpmhk.cz\/cz\/wp-json\/wp\/v2\/media?parent=13987"}],"curies":[{"name":"wp","href":"https:\/\/api.w.org\/{rel}","templated":true}]}}