{"id":18983,"date":"2026-02-16T07:43:05","date_gmt":"2026-02-16T06:43:05","guid":{"rendered":"https:\/\/www.dpmhk.cz\/?page_id=18983"},"modified":"2026-02-16T09:29:08","modified_gmt":"2026-02-16T08:29:08","slug":"politika-a-cile-2025-2027","status":"publish","type":"page","link":"https:\/\/www.dpmhk.cz\/cz\/o-nas\/dokumenty-formulare\/politika-a-cile-2025-2027\/","title":{"rendered":"Politika a c\u00edle 2025-2027"},"content":{"rendered":"\t\t<div data-elementor-type=\"wp-page\" data-elementor-id=\"18983\" class=\"elementor elementor-18983\" wpc-filter-elementor-widget=\"1\" data-elementor-post-type=\"page\">\n\t\t\t\t<div class=\"elementor-element elementor-element-eac584e e-flex e-con-boxed e-con e-parent\" data-id=\"eac584e\" data-element_type=\"container\" data-e-type=\"container\">\n\t\t\t\t\t<div class=\"e-con-inner\">\n\t\t\t\t<div class=\"elementor-element elementor-element-f0cf5b4 elementor-widget__width-initial elementor-widget-mobile__width-auto elementor-widget elementor-widget-heading\" data-id=\"f0cf5b4\" data-element_type=\"widget\" data-e-type=\"widget\" data-widget_type=\"heading.default\">\n\t\t\t\t<div class=\"elementor-widget-container\">\n\t\t\t\t\t<h2 class=\"elementor-heading-title elementor-size-default\">Politika a c\u00edle na obdob\u00ed 2025 - 2027<\/h2>\t\t\t\t<\/div>\n\t\t\t\t<\/div>\n\t\t\t\t<div class=\"elementor-element elementor-element-076dd8d elementor-widget__width-initial elementor-widget-mobile__width-auto elementor-widget elementor-widget-text-editor\" data-id=\"076dd8d\" data-element_type=\"widget\" data-e-type=\"widget\" data-widget_type=\"text-editor.default\">\n\t\t\t\t<div class=\"elementor-widget-container\">\n\t\t\t\t\t\t\t\t\t<p><strong>Politika a c\u00edle Dopravn\u00edho podniku m\u011bsta Hradce Kr\u00e1lov\u00e9, a.s. v oblasti interovan\u00e9ho syst\u00e9mu \u0159\u00edzen\u00ed na obdob\u00ed let 2025 &#8211; 2027<\/strong><\/p>\n<p><strong>Dopravn\u00ed podnik m\u011bsta Hradce Kr\u00e1Iov\u00e9, a.s. jako poskytovatel slu\u017eeb m\u011bstsk\u00e9 hromadn\u00e9 dopravy, servisu a lakov\u00e1n\u00ed vozidel chce b\u00fdt ka\u017edodenn\u00edm dobr\u00fdm a spolehliv\u00fdm partnerem ob\u010dan\u016f a n\u00e1v\u0161t\u011bvn\u00edk\u016f m\u011bsta Hradce <\/strong><strong>Kr\u00e1lov\u00e9 a sv\u00fdch obchodn\u00edch partner\u016f.<\/strong><\/p>\n<p>Politika kvality<\/p>\n<p style=\"padding-left: 40px;\">1. Plnit sjednan\u00e9 kvalitativn\u00ed, v\u011bcn\u00e9 a ekonomick\u00e9 parametry Smlouvy o ve\u0159ejn\u00fdch slu\u017eb\u00e1ch v p\u0159eprav\u011b cestuj\u00edc\u00edch.<br \/>2. optim\u00e1ln\u011b zaji\u0161\u0165ovat a vyu\u017e\u00edvat pot\u0159ebn\u00e9 zdroje lidsk\u00e9, finan\u010dn\u00ed a infrastrukturu.<br \/>3. Udr\u017eovat dobrou image spole\u010dnosti a prohlubovat celkovou pov\u011bdomost o MHD mezi obyvateli a n\u00e1v\u0161t\u011bvn\u00edky m\u011bsta<br \/>4. Zji\u0161\u0165ovat a analyzovat v\u011bt\u0161inov\u00e9 pot\u0159eby ve\u0159ejnosti, objektivn\u011b posuzovat st\u00ed\u017enosti ob\u010dan\u016f a spr\u00e1vn\u011b je komunikovat<br \/>5. Monitorovat preference a spokojenost cestuj\u00edc\u00edch a z\u00e1kazn\u00edk\u016f extern\u00edho servisu.<br \/>6. Zlep\u0161ovat kvaIitu a \u017eivotnost infrastruktury podniku.<br \/>7. Zaji\u0161\u0165ovat po\u017eadovanou \u00farove\u0148 kvality na stran\u011b extern\u00edch poskytovatel\u016f.<br \/>8. Vy\u017eadovat zodpov\u011bdn\u00fd p\u0159\u00edstup pracovn\u00edk\u016f na v\u0161ech \u00farovn\u00edch a v rozsahu funkce, kterou zast\u00e1vaj\u00ed.<\/p>\n<p>Politika environment\u00e1ln\u00edho managementu<\/p>\n<p style=\"padding-left: 40px;\">1. P\u0159ij\u00edmat opat\u0159en\u00ed pro \u0159e\u0161en\u00ed rizik a p\u0159\u00edle\u017eitost\u00ed vztahuj\u00edc\u00edch se k environment\u00e1ln\u00edm aspekt\u016fm, z\u00e1vazn\u00fdm povinnostem a po\u017eadavk\u016fm syst\u00e9mu.<br \/>2. Vyu\u017e\u00edvat modern\u00ed technologie a materi\u00e1ly \u0161etrn\u00e9 k \u017eivotn\u00edmu prost\u0159ed\u00ed.<br \/>3. Trvale sni\u017eovat negativn\u00ed vlivy m\u011bstsk\u00e9 hromadn\u00e9 dopravy na \u017eivotn\u00ed prost\u0159ed\u00ed vyu\u017e\u00edv\u00e1n\u00edm alternativn\u00edch zdroj\u016f pohonu vozidel.<br \/>4. V\u00e9st pracovn\u00edky k \u0161etrn\u00e9mu jedn\u00e1n\u00ed v\u016f\u010di \u017eivotn\u00edmu prost\u0159ed\u00ed a zajistit jejich vzd\u011bl\u00e1v\u00e1n\u00ed.<br \/>5. P\u0159edch\u00e1zet vzniku mimo\u0159\u00e1dn\u00fdch situac\u00ed s mo\u017en\u00fdm negativn\u00edm vlivem na \u017eivotn\u00ed prost\u0159ed\u00ed d\u016fslednou prevenc\u00ed se zam\u011b\u0159en\u00edm na znalosti a dovednosti jejich zvl\u00e1d\u00e1n\u00ed odpov\u011bdn\u00fdmi pracovn\u00edky spole\u010dnosti.<\/p>\n<p>Politika BOZP<\/p>\n<p style=\"padding-left: 40px;\">1. Podporovat preventivn\u00ed programy ochrany zdrav\u00ed, zejm\u00e9na u profes\u00ed vystaven\u00fdch zv\u00fd\u0161en\u00e9mu pracovn\u00edmu zat\u00ed\u017een\u00ed (\u0159idi\u010di, dispe\u010de\u0159i, mechanici).<br \/>2. Konzultovat s pracovn\u00edky jejich p\u0159ipom\u00ednky ke stavu pracovi\u0161\u0165 a celkov\u00e9 pohody v pracovn\u00edm procesu a zaji\u0161\u0165ovat bezpe\u010dn\u00e9 a zdrav\u00e9 pracovn\u00ed podm\u00ednky.<br \/>3. ldentifikovat po\u017eadavky zainteresovan\u00fdch stran a pracovn\u00edk\u016f v oblasti B0ZP a spole\u010dn\u011b navrhovat a p\u0159ij\u00edmat opat\u0159en\u00ed pro odstran\u011bn\u00ed \u010di zm\u00edrn\u011bn\u00ed rizik.<br \/>4. Starat se o bezpe\u010dnost z\u00e1kazn\u00edk\u016f ve v\u0161ech oblastech nab\u00edzen\u00fdch slu\u017eeb.<br \/>5. Vytv\u00e1\u0159et a trvale udr\u017eovat pov\u011bdom\u00ed pracovn\u00edk\u016f k odpov\u011bdnosti za vlastn\u00ed zdrav\u00ed a o mo\u017en\u00fdch rizic\u00edch jejich pr\u00e1ce a zvy\u0161ovat jejich znalosti a dovednosti zvl\u00e1dat krizov\u00e9 situace.<br \/>6. P\u0159edch\u00e1zet vzniku mimo\u0159\u00e1dn\u00fdch situac\u00ed s mo\u017en\u00fdm ohro\u017een\u00edm bezpe\u010dnosti pracovn\u00edk\u016f \u010di z\u00e1kazn\u00edk\u016f d\u016fslednou prevenc\u00ed se zam\u011b\u0159en\u00edm na znalosti a dovednosti jejich zvl\u00e1d\u00e1n\u00ed odpov\u011bdn\u00fdmi pracovn\u00edky spole\u010dnosti.<\/p>\n<p>Z\u00e1vazek veden\u00ed spole\u010dnosti<\/p>\n<p>P\u0159edstavenstvo i veden\u00ed spole\u010dnosti vytvo\u0159\u00ed hmotn\u00e9 i organiza\u010dn\u00ed podm\u00ednky pro udr\u017een\u00ed a neust\u00e1l\u00e9 zlep\u0161ov\u00e1n\u00ed efektivnosti integrovan\u00e9ho syst\u00e9mu. Zavazuje se k pln\u011bn\u00ed p\u0159\u00edslu\u0161n\u00fdch obecn\u011b z\u00e1vazn\u00fdch a legislativn\u00edch po\u017eadavk\u016f v oblasti kvality, ochrany \u017eivotn\u00edho prost\u0159ed\u00ed a syst\u00e9mu BOZP. Kontroln\u00edmi procesy a sledov\u00e1n\u00edm postup\u016f bude veden\u00ed spole\u010dnosti udr\u017eovat a zkvalit\u0148ovat \u00farove\u0148 v\u0161ech certifikovan\u00fdch \u010dinnost\u00ed.<\/p>\n<p><br \/>Hradec Kr\u00e1lov\u00e9 dne 14. 4. 2025<\/p>\t\t\t\t\t\t\t\t<\/div>\n\t\t\t\t<\/div>\n\t\t\t\t\t<\/div>\n\t\t\t\t<\/div>\n\t\t\t\t<\/div>\n\t\t","protected":false},"excerpt":{"rendered":"<p>Politika a c\u00edle na obdob\u00ed 2025 &#8211; 2027 Politika a c\u00edle Dopravn\u00edho podniku m\u011bsta Hradce Kr\u00e1lov\u00e9, a.s. v oblasti interovan\u00e9ho syst\u00e9mu \u0159\u00edzen\u00ed na obdob\u00ed let 2025 &#8211; 2027 Dopravn\u00ed podnik m\u011bsta Hradce Kr\u00e1Iov\u00e9, a.s. jako poskytovatel slu\u017eeb m\u011bstsk\u00e9 hromadn\u00e9 dopravy, servisu a lakov\u00e1n\u00ed vozidel chce b\u00fdt ka\u017edodenn\u00edm dobr\u00fdm a spolehliv\u00fdm partnerem ob\u010dan\u016f a n\u00e1v\u0161t\u011bvn\u00edk\u016f m\u011bsta [&hellip;]<\/p>\n","protected":false},"author":4,"featured_media":0,"parent":17042,"menu_order":0,"comment_status":"closed","ping_status":"closed","template":"","meta":{"_acf_changed":false,"footnotes":""},"class_list":["post-18983","page","type-page","status-publish","hentry"],"acf":[],"yoast_head":"<!-- This site is optimized with the Yoast SEO Premium plugin v27.3 (Yoast SEO v27.3) - https:\/\/yoast.com\/product\/yoast-seo-premium-wordpress\/ -->\n<title>Politika a c\u00edle DPmHK na obdob\u00ed 2025 - 2027 - Dopravn\u00ed podnik m\u011bsta Hradce Kr\u00e1lov\u00e9<\/title>\n<meta name=\"description\" content=\"Seznamte se s politikou a c\u00edli Dopravn\u00edho podniku v Hradci Kr\u00e1lov\u00e9 pro obdob\u00ed 2025 - 2027 a zaji\u0161t\u011bn\u00ed spolehliv\u00e9 dopravy.\" \/>\n<meta name=\"robots\" content=\"index, follow, max-snippet:-1, max-image-preview:large, max-video-preview:-1\" \/>\n<link rel=\"canonical\" href=\"https:\/\/www.dpmhk.cz\/cz\/o-nas\/dokumenty-formulare\/politika-a-cile-2025-2027\/\" \/>\n<meta property=\"og:locale\" content=\"cs_CZ\" \/>\n<meta property=\"og:type\" content=\"article\" \/>\n<meta property=\"og:title\" content=\"Politika a c\u00edle 2025-2027\" \/>\n<meta property=\"og:description\" content=\"Seznamte se s politikou a c\u00edli Dopravn\u00edho podniku v Hradci Kr\u00e1lov\u00e9 pro obdob\u00ed 2025 - 2027 a zaji\u0161t\u011bn\u00ed spolehliv\u00e9 dopravy.\" \/>\n<meta property=\"og:url\" content=\"https:\/\/www.dpmhk.cz\/cz\/o-nas\/dokumenty-formulare\/politika-a-cile-2025-2027\/\" \/>\n<meta property=\"og:site_name\" content=\"Dopravn\u00ed podnik m\u011bsta Hradce Kr\u00e1lov\u00e9\" \/>\n<meta property=\"article:publisher\" content=\"https:\/\/www.facebook.com\/dopravnipodnikhk\/\" \/>\n<meta property=\"article:modified_time\" content=\"2026-02-16T08:29:08+00:00\" \/>\n<meta property=\"og:image\" content=\"https:\/\/www.dpmhk.cz\/wp-content\/uploads\/2025\/11\/dopravni-podnik-hk-oznacnik-zastavka.jpg\" \/>\n\t<meta property=\"og:image:width\" content=\"1600\" \/>\n\t<meta property=\"og:image:height\" content=\"1067\" \/>\n\t<meta property=\"og:image:type\" content=\"image\/jpeg\" \/>\n<meta name=\"twitter:card\" content=\"summary_large_image\" \/>\n<meta name=\"twitter:label1\" content=\"Odhadovan\u00e1 doba \u010dten\u00ed\" \/>\n\t<meta name=\"twitter:data1\" content=\"3 minuty\" \/>\n<script type=\"application\/ld+json\" class=\"yoast-schema-graph\">{\"@context\":\"https:\\\/\\\/schema.org\",\"@graph\":[{\"@type\":\"WebPage\",\"@id\":\"https:\\\/\\\/www.dpmhk.cz\\\/o-nas\\\/dokumenty-formulare\\\/politika-a-cile-2025-2027\\\/\",\"url\":\"https:\\\/\\\/www.dpmhk.cz\\\/o-nas\\\/dokumenty-formulare\\\/politika-a-cile-2025-2027\\\/\",\"name\":\"Politika a c\u00edle DPmHK na obdob\u00ed 2025 - 2027 - Dopravn\u00ed podnik m\u011bsta Hradce Kr\u00e1lov\u00e9\",\"isPartOf\":{\"@id\":\"https:\\\/\\\/www.dpmhk.cz\\\/cz\\\/#website\"},\"datePublished\":\"2026-02-16T06:43:05+00:00\",\"dateModified\":\"2026-02-16T08:29:08+00:00\",\"description\":\"Seznamte se s politikou a c\u00edli Dopravn\u00edho podniku v Hradci Kr\u00e1lov\u00e9 pro obdob\u00ed 2025 - 2027 a zaji\u0161t\u011bn\u00ed spolehliv\u00e9 dopravy.\",\"breadcrumb\":{\"@id\":\"https:\\\/\\\/www.dpmhk.cz\\\/o-nas\\\/dokumenty-formulare\\\/politika-a-cile-2025-2027\\\/#breadcrumb\"},\"inLanguage\":\"cs\",\"potentialAction\":[{\"@type\":\"ReadAction\",\"target\":[\"https:\\\/\\\/www.dpmhk.cz\\\/o-nas\\\/dokumenty-formulare\\\/politika-a-cile-2025-2027\\\/\"]}]},{\"@type\":\"BreadcrumbList\",\"@id\":\"https:\\\/\\\/www.dpmhk.cz\\\/o-nas\\\/dokumenty-formulare\\\/politika-a-cile-2025-2027\\\/#breadcrumb\",\"itemListElement\":[{\"@type\":\"ListItem\",\"position\":1,\"name\":\"Dom\u016f\",\"item\":\"https:\\\/\\\/www.dpmhk.cz\\\/cz\\\/\"},{\"@type\":\"ListItem\",\"position\":2,\"name\":\"O n\u00e1s\",\"item\":\"https:\\\/\\\/www.dpmhk.cz\\\/cz\\\/o-nas\\\/\"},{\"@type\":\"ListItem\",\"position\":3,\"name\":\"Dokumenty a formul\u00e1\u0159e\",\"item\":\"https:\\\/\\\/www.dpmhk.cz\\\/cz\\\/o-nas\\\/dokumenty-formulare\\\/\"},{\"@type\":\"ListItem\",\"position\":4,\"name\":\"Politika a c\u00edle 2025-2027\"}]},{\"@type\":\"WebSite\",\"@id\":\"https:\\\/\\\/www.dpmhk.cz\\\/cz\\\/#website\",\"url\":\"https:\\\/\\\/www.dpmhk.cz\\\/cz\\\/\",\"name\":\"Dopravn\u00ed podnik m\u011bsta Hradce Kr\u00e1lov\u00e9\",\"description\":\"Ofici\u00e1ln\u00ed webov\u00e9 str\u00e1nky\",\"publisher\":{\"@id\":\"https:\\\/\\\/www.dpmhk.cz\\\/cz\\\/#organization\"},\"alternateName\":\"Dopravn\u00ed podnik m\u011bsta Hradce Kr\u00e1lov\u00e9\",\"potentialAction\":[{\"@type\":\"SearchAction\",\"target\":{\"@type\":\"EntryPoint\",\"urlTemplate\":\"https:\\\/\\\/www.dpmhk.cz\\\/cz\\\/?s={search_term_string}\"},\"query-input\":{\"@type\":\"PropertyValueSpecification\",\"valueRequired\":true,\"valueName\":\"search_term_string\"}}],\"inLanguage\":\"cs\"},{\"@type\":[\"Organization\",\"Place\"],\"@id\":\"https:\\\/\\\/www.dpmhk.cz\\\/cz\\\/#organization\",\"name\":\"Dopravn\u00ed podnik m\u011bsta Hradce Kr\u00e1lov\u00e9, a.s.\",\"alternateName\":\"DPmHK\",\"url\":\"https:\\\/\\\/www.dpmhk.cz\\\/cz\\\/\",\"logo\":{\"@id\":\"https:\\\/\\\/www.dpmhk.cz\\\/o-nas\\\/dokumenty-formulare\\\/politika-a-cile-2025-2027\\\/#local-main-organization-logo\"},\"image\":{\"@id\":\"https:\\\/\\\/www.dpmhk.cz\\\/o-nas\\\/dokumenty-formulare\\\/politika-a-cile-2025-2027\\\/#local-main-organization-logo\"},\"sameAs\":[\"https:\\\/\\\/www.facebook.com\\\/dopravnipodnikhk\\\/\",\"https:\\\/\\\/www.instagram.com\\\/dopravnipodnikhk\\\/\",\"https:\\\/\\\/www.youtube.com\\\/@dopravnipodnik-hk\"],\"legalName\":\"Dopravn\u00ed podnik m\u011bsta Hradce Kr\u00e1lov\u00e9, a.s.\",\"foundingDate\":\"1948-04-26\",\"numberOfEmployees\":{\"@type\":\"QuantitativeValue\",\"minValue\":\"201\",\"maxValue\":\"500\"},\"ownershipFundingInfo\":\"https:\\\/\\\/www.dpmhk.cz\\\/cz\\\/o-nas\\\/o-spolecnosti\\\/\",\"actionableFeedbackPolicy\":\"https:\\\/\\\/www.dpmhk.cz\\\/cz\\\/o-nas\\\/dokumenty-formulare\\\/\",\"ethicsPolicy\":\"https:\\\/\\\/www.dpmhk.cz\\\/cz\\\/o-nas\\\/o-spolecnosti\\\/\",\"diversityStaffingReport\":\"https:\\\/\\\/www.dpmhk.cz\\\/cz\\\/kariera\\\/\",\"address\":{\"@id\":\"https:\\\/\\\/www.dpmhk.cz\\\/o-nas\\\/dokumenty-formulare\\\/politika-a-cile-2025-2027\\\/#local-main-place-address\"},\"telephone\":[\"+420 495 089 271\",\"+420 495 546 095\"],\"contactPoint\":{\"@type\":\"ContactPoint\",\"email\":\"info@dpmhk.cz\"},\"openingHoursSpecification\":[{\"@type\":\"OpeningHoursSpecification\",\"dayOfWeek\":[\"Monday\",\"Wednesday\"],\"opens\":\"07:00\",\"closes\":\"17:00\"},{\"@type\":\"OpeningHoursSpecification\",\"dayOfWeek\":[\"Tuesday\",\"Thursday\"],\"opens\":\"07:00\",\"closes\":\"16:30\"},{\"@type\":\"OpeningHoursSpecification\",\"dayOfWeek\":[\"Friday\"],\"opens\":\"07:00\",\"closes\":\"15:00\"},{\"@type\":\"OpeningHoursSpecification\",\"dayOfWeek\":[\"Saturday\",\"Sunday\"],\"opens\":\"00:00\",\"closes\":\"00:00\"}],\"vatID\":\"CZ25267213\",\"taxID\":\"25267213\"},{\"@type\":\"PostalAddress\",\"@id\":\"https:\\\/\\\/www.dpmhk.cz\\\/o-nas\\\/dokumenty-formulare\\\/politika-a-cile-2025-2027\\\/#local-main-place-address\",\"streetAddress\":\"Pouchovsk\u00e1 153\",\"addressLocality\":\"Hradec Kr\u00e1lov\u00e9\",\"postalCode\":\"500 03\",\"addressRegion\":\"Aktivn\u00ed\",\"addressCountry\":\"CZ\"},{\"@type\":\"ImageObject\",\"inLanguage\":\"cs\",\"@id\":\"https:\\\/\\\/www.dpmhk.cz\\\/o-nas\\\/dokumenty-formulare\\\/politika-a-cile-2025-2027\\\/#local-main-organization-logo\",\"url\":\"https:\\\/\\\/www.dpmhk.cz\\\/wp-content\\\/uploads\\\/2025\\\/11\\\/DP_HK_Logo_cerne2025-1.svg\",\"contentUrl\":\"https:\\\/\\\/www.dpmhk.cz\\\/wp-content\\\/uploads\\\/2025\\\/11\\\/DP_HK_Logo_cerne2025-1.svg\",\"width\":123,\"height\":60,\"caption\":\"Dopravn\u00ed podnik m\u011bsta Hradce Kr\u00e1lov\u00e9, a.s.\"}]}<\/script>\n<meta name=\"geo.placename\" content=\"Hradec Kr\u00e1lov\u00e9\" \/>\n<meta name=\"geo.region\" content=\"\u010cesk\u00e1 republika\" \/>\n<!-- \/ Yoast SEO Premium plugin. -->","yoast_head_json":{"title":"Politika a c\u00edle DPmHK na obdob\u00ed 2025 - 2027 - Dopravn\u00ed podnik m\u011bsta Hradce Kr\u00e1lov\u00e9","description":"Seznamte se s politikou a c\u00edli Dopravn\u00edho podniku v Hradci Kr\u00e1lov\u00e9 pro obdob\u00ed 2025 - 2027 a zaji\u0161t\u011bn\u00ed spolehliv\u00e9 dopravy.","robots":{"index":"index","follow":"follow","max-snippet":"max-snippet:-1","max-image-preview":"max-image-preview:large","max-video-preview":"max-video-preview:-1"},"canonical":"https:\/\/www.dpmhk.cz\/cz\/o-nas\/dokumenty-formulare\/politika-a-cile-2025-2027\/","og_locale":"cs_CZ","og_type":"article","og_title":"Politika a c\u00edle 2025-2027","og_description":"Seznamte se s politikou a c\u00edli Dopravn\u00edho podniku v Hradci Kr\u00e1lov\u00e9 pro obdob\u00ed 2025 - 2027 a zaji\u0161t\u011bn\u00ed spolehliv\u00e9 dopravy.","og_url":"https:\/\/www.dpmhk.cz\/cz\/o-nas\/dokumenty-formulare\/politika-a-cile-2025-2027\/","og_site_name":"Dopravn\u00ed podnik m\u011bsta Hradce Kr\u00e1lov\u00e9","article_publisher":"https:\/\/www.facebook.com\/dopravnipodnikhk\/","article_modified_time":"2026-02-16T08:29:08+00:00","og_image":[{"width":1600,"height":1067,"url":"https:\/\/www.dpmhk.cz\/wp-content\/uploads\/2025\/11\/dopravni-podnik-hk-oznacnik-zastavka.jpg","type":"image\/jpeg"}],"twitter_card":"summary_large_image","twitter_misc":{"Odhadovan\u00e1 doba \u010dten\u00ed":"3 minuty"},"schema":{"@context":"https:\/\/schema.org","@graph":[{"@type":"WebPage","@id":"https:\/\/www.dpmhk.cz\/o-nas\/dokumenty-formulare\/politika-a-cile-2025-2027\/","url":"https:\/\/www.dpmhk.cz\/o-nas\/dokumenty-formulare\/politika-a-cile-2025-2027\/","name":"Politika a c\u00edle DPmHK na obdob\u00ed 2025 - 2027 - Dopravn\u00ed podnik m\u011bsta Hradce Kr\u00e1lov\u00e9","isPartOf":{"@id":"https:\/\/www.dpmhk.cz\/cz\/#website"},"datePublished":"2026-02-16T06:43:05+00:00","dateModified":"2026-02-16T08:29:08+00:00","description":"Seznamte se s politikou a c\u00edli Dopravn\u00edho podniku v Hradci Kr\u00e1lov\u00e9 pro obdob\u00ed 2025 - 2027 a zaji\u0161t\u011bn\u00ed spolehliv\u00e9 dopravy.","breadcrumb":{"@id":"https:\/\/www.dpmhk.cz\/o-nas\/dokumenty-formulare\/politika-a-cile-2025-2027\/#breadcrumb"},"inLanguage":"cs","potentialAction":[{"@type":"ReadAction","target":["https:\/\/www.dpmhk.cz\/o-nas\/dokumenty-formulare\/politika-a-cile-2025-2027\/"]}]},{"@type":"BreadcrumbList","@id":"https:\/\/www.dpmhk.cz\/o-nas\/dokumenty-formulare\/politika-a-cile-2025-2027\/#breadcrumb","itemListElement":[{"@type":"ListItem","position":1,"name":"Dom\u016f","item":"https:\/\/www.dpmhk.cz\/cz\/"},{"@type":"ListItem","position":2,"name":"O n\u00e1s","item":"https:\/\/www.dpmhk.cz\/cz\/o-nas\/"},{"@type":"ListItem","position":3,"name":"Dokumenty a formul\u00e1\u0159e","item":"https:\/\/www.dpmhk.cz\/cz\/o-nas\/dokumenty-formulare\/"},{"@type":"ListItem","position":4,"name":"Politika a c\u00edle 2025-2027"}]},{"@type":"WebSite","@id":"https:\/\/www.dpmhk.cz\/cz\/#website","url":"https:\/\/www.dpmhk.cz\/cz\/","name":"Dopravn\u00ed podnik m\u011bsta Hradce Kr\u00e1lov\u00e9","description":"Ofici\u00e1ln\u00ed webov\u00e9 str\u00e1nky","publisher":{"@id":"https:\/\/www.dpmhk.cz\/cz\/#organization"},"alternateName":"Dopravn\u00ed podnik m\u011bsta Hradce Kr\u00e1lov\u00e9","potentialAction":[{"@type":"SearchAction","target":{"@type":"EntryPoint","urlTemplate":"https:\/\/www.dpmhk.cz\/cz\/?s={search_term_string}"},"query-input":{"@type":"PropertyValueSpecification","valueRequired":true,"valueName":"search_term_string"}}],"inLanguage":"cs"},{"@type":["Organization","Place"],"@id":"https:\/\/www.dpmhk.cz\/cz\/#organization","name":"Dopravn\u00ed podnik m\u011bsta Hradce Kr\u00e1lov\u00e9, a.s.","alternateName":"DPmHK","url":"https:\/\/www.dpmhk.cz\/cz\/","logo":{"@id":"https:\/\/www.dpmhk.cz\/o-nas\/dokumenty-formulare\/politika-a-cile-2025-2027\/#local-main-organization-logo"},"image":{"@id":"https:\/\/www.dpmhk.cz\/o-nas\/dokumenty-formulare\/politika-a-cile-2025-2027\/#local-main-organization-logo"},"sameAs":["https:\/\/www.facebook.com\/dopravnipodnikhk\/","https:\/\/www.instagram.com\/dopravnipodnikhk\/","https:\/\/www.youtube.com\/@dopravnipodnik-hk"],"legalName":"Dopravn\u00ed podnik m\u011bsta Hradce Kr\u00e1lov\u00e9, a.s.","foundingDate":"1948-04-26","numberOfEmployees":{"@type":"QuantitativeValue","minValue":"201","maxValue":"500"},"ownershipFundingInfo":"https:\/\/www.dpmhk.cz\/cz\/o-nas\/o-spolecnosti\/","actionableFeedbackPolicy":"https:\/\/www.dpmhk.cz\/cz\/o-nas\/dokumenty-formulare\/","ethicsPolicy":"https:\/\/www.dpmhk.cz\/cz\/o-nas\/o-spolecnosti\/","diversityStaffingReport":"https:\/\/www.dpmhk.cz\/cz\/kariera\/","address":{"@id":"https:\/\/www.dpmhk.cz\/o-nas\/dokumenty-formulare\/politika-a-cile-2025-2027\/#local-main-place-address"},"telephone":["+420 495 089 271","+420 495 546 095"],"contactPoint":{"@type":"ContactPoint","email":"info@dpmhk.cz"},"openingHoursSpecification":[{"@type":"OpeningHoursSpecification","dayOfWeek":["Monday","Wednesday"],"opens":"07:00","closes":"17:00"},{"@type":"OpeningHoursSpecification","dayOfWeek":["Tuesday","Thursday"],"opens":"07:00","closes":"16:30"},{"@type":"OpeningHoursSpecification","dayOfWeek":["Friday"],"opens":"07:00","closes":"15:00"},{"@type":"OpeningHoursSpecification","dayOfWeek":["Saturday","Sunday"],"opens":"00:00","closes":"00:00"}],"vatID":"CZ25267213","taxID":"25267213"},{"@type":"PostalAddress","@id":"https:\/\/www.dpmhk.cz\/o-nas\/dokumenty-formulare\/politika-a-cile-2025-2027\/#local-main-place-address","streetAddress":"Pouchovsk\u00e1 153","addressLocality":"Hradec Kr\u00e1lov\u00e9","postalCode":"500 03","addressRegion":"Aktivn\u00ed","addressCountry":"CZ"},{"@type":"ImageObject","inLanguage":"cs","@id":"https:\/\/www.dpmhk.cz\/o-nas\/dokumenty-formulare\/politika-a-cile-2025-2027\/#local-main-organization-logo","url":"https:\/\/www.dpmhk.cz\/wp-content\/uploads\/2025\/11\/DP_HK_Logo_cerne2025-1.svg","contentUrl":"https:\/\/www.dpmhk.cz\/wp-content\/uploads\/2025\/11\/DP_HK_Logo_cerne2025-1.svg","width":123,"height":60,"caption":"Dopravn\u00ed podnik m\u011bsta Hradce Kr\u00e1lov\u00e9, a.s."}]},"geo.placename":"Hradec Kr\u00e1lov\u00e9","geo.region":"\u010cesk\u00e1 republika"},"_links":{"self":[{"href":"https:\/\/www.dpmhk.cz\/cz\/wp-json\/wp\/v2\/pages\/18983","targetHints":{"allow":["GET"]}}],"collection":[{"href":"https:\/\/www.dpmhk.cz\/cz\/wp-json\/wp\/v2\/pages"}],"about":[{"href":"https:\/\/www.dpmhk.cz\/cz\/wp-json\/wp\/v2\/types\/page"}],"author":[{"embeddable":true,"href":"https:\/\/www.dpmhk.cz\/cz\/wp-json\/wp\/v2\/users\/4"}],"replies":[{"embeddable":true,"href":"https:\/\/www.dpmhk.cz\/cz\/wp-json\/wp\/v2\/comments?post=18983"}],"version-history":[{"count":5,"href":"https:\/\/www.dpmhk.cz\/cz\/wp-json\/wp\/v2\/pages\/18983\/revisions"}],"predecessor-version":[{"id":19026,"href":"https:\/\/www.dpmhk.cz\/cz\/wp-json\/wp\/v2\/pages\/18983\/revisions\/19026"}],"up":[{"embeddable":true,"href":"https:\/\/www.dpmhk.cz\/cz\/wp-json\/wp\/v2\/pages\/17042"}],"wp:attachment":[{"href":"https:\/\/www.dpmhk.cz\/cz\/wp-json\/wp\/v2\/media?parent=18983"}],"curies":[{"name":"wp","href":"https:\/\/api.w.org\/{rel}","templated":true}]}}