{"id":18996,"date":"2026-02-16T08:06:41","date_gmt":"2026-02-16T07:06:41","guid":{"rendered":"https:\/\/www.dpmhk.cz\/?page_id=18996"},"modified":"2026-02-16T09:29:41","modified_gmt":"2026-02-16T08:29:41","slug":"strategicke-cile-2024-2027","status":"publish","type":"page","link":"https:\/\/www.dpmhk.cz\/cz\/o-nas\/dokumenty-formulare\/strategicke-cile-2024-2027\/","title":{"rendered":"Strategick\u00e9 c\u00edle 2024-2027"},"content":{"rendered":"\t\t<div data-elementor-type=\"wp-page\" data-elementor-id=\"18996\" class=\"elementor elementor-18996\" wpc-filter-elementor-widget=\"1\" data-elementor-post-type=\"page\">\n\t\t\t\t<div class=\"elementor-element elementor-element-e12e78a e-flex e-con-boxed e-con e-parent\" data-id=\"e12e78a\" data-element_type=\"container\" data-e-type=\"container\">\n\t\t\t\t\t<div class=\"e-con-inner\">\n\t\t\t\t<div class=\"elementor-element elementor-element-b7d0ce1 elementor-widget__width-initial elementor-widget-mobile__width-auto elementor-widget elementor-widget-heading\" data-id=\"b7d0ce1\" data-element_type=\"widget\" data-e-type=\"widget\" data-widget_type=\"heading.default\">\n\t\t\t\t<div class=\"elementor-widget-container\">\n\t\t\t\t\t<h2 class=\"elementor-heading-title elementor-size-default\">Strategick\u00e9 c\u00edle Integrovan\u00e9ho syst\u00e9mu \u0159\u00edzen\u00ed na roky 2024 - 2027<\/h2>\t\t\t\t<\/div>\n\t\t\t\t<\/div>\n\t\t\t\t<div class=\"elementor-element elementor-element-959c9a3 elementor-widget__width-initial elementor-widget-mobile__width-auto elementor-widget elementor-widget-text-editor\" data-id=\"959c9a3\" data-element_type=\"widget\" data-e-type=\"widget\" data-widget_type=\"text-editor.default\">\n\t\t\t\t<div class=\"elementor-widget-container\">\n\t\t\t\t\t\t\t\t\t<p><strong>Jakost<\/strong><\/p>\n<ul>\n<li>100 % plnit smlouvy uzav\u0159en\u00e9 s odb\u011brateli v certifikovan\u00fdch procesech, tj. v procesech doprava MHD, intern\u00ed a extern\u00ed servis a lakov\u00e1n\u00ed ve v\u0161ech stanoven\u00fdch parametrech (kvalita proveden\u00fdch prac\u00ed, term\u00edn dod\u00e1vek, pop\u0159. v dal\u0161\u00edch, kter\u00e9 jsou ve smlouv\u00e1ch zakotveny), u MHD zvl\u00e1\u0161\u0165 parametry stanoven\u00e9 ve smlouv\u011b na ve\u0159ejn\u00e9 slu\u017eby ve vyhl\u00e1\u0161ce o bezpe\u010dnosti v p\u0159eprav\u011b cestuj\u00edc\u00edch a stanoven\u00e1 krit\u00e9ria odpov\u00eddaj\u00ed vlastn\u00edci proces\u016f doprava autobusy a trolejbusy a intern\u00ed a extern\u00ed servis,<br \/><br \/><\/li>\n<li>udr\u017eovat n\u00e1klady v pl\u00e1novan\u00e9 v\u00fd\u0161i tak, aby spole\u010dnost byla schopna plnit stanoven\u00e9 hospod\u00e1\u0159sk\u00e9 c\u00edle a z\u00e1rove\u0148 vyhled\u00e1vat nov\u00e9 vnit\u0159n\u00ed i vn\u011bj\u0161\u00ed ekonomick\u00e9 zdroje &#8211; odpov\u00eddaj\u00ed jednotliv\u00ed vlastn\u00edci proces\u016f,<br \/><br \/><\/li>\n<li>zajistit spokojenost cestuj\u00edc\u00edch a z\u00e1kazn\u00edk\u016f. Pravideln\u011b bude vyhla\u0161ov\u00e1na anketa pro sledov\u00e1n\u00ed spokojenosti a preferenc\u00ed cestuj\u00edc\u00edch. P\u0159i hodnocen\u00ed 0 &#8211; 3 neklesne pr\u016fm\u011brn\u00e1 zn\u00e1mka pod 2,4. Z\u00e1kazn\u00edci intern\u00edho a extern\u00edho servisu budou osobn\u011b kontaktov\u00e1ni na konci roku a budou zaznamen\u00e1ny jejich po\u017eadavky, p\u0159ipom\u00ednky a n\u00e1m\u011bty &#8211; odpov\u011bdnost za vyhl\u00e1\u0161en\u00ed a zpracov\u00e1n\u00ed v\u00fdsledk\u016f ankety m\u00e1 veden\u00ed spole\u010dnosti, za v\u00fdstupy z proces\u016f intern\u00ed a extern\u00ed servis a provoz THD vlastn\u00edci procesu,<\/li>\n<\/ul>\n<p style=\"padding-left: 80px;\">o zlep\u0161it a zjednodu\u0161it nab\u00eddku j\u00edzdn\u00e9ho<br \/>o zlep\u0161ovat cestovn\u00ed komfort<br \/>o zlep\u0161it celkovou informovanost cestuj\u00edc\u00edch<br \/>o p\u0159izp\u016fsobit nab\u00eddku rozsahu s\u00edt\u011b a frekvence spoj\u016f MHD pot\u0159eb\u00e1m cestuj\u00edc\u00edch, po implementaci kamerov\u00fdch syst\u00e9m\u016f vych\u00e1zet z konkr\u00e9tn\u00edch pot\u0159eb<br \/>o zlep\u0161ovat vzhled zast\u00e1vkov\u00fdch prostor (\u010dek\u00e1rny a ozna\u010dn\u00edky),<\/p>\n<ul>\n<li>kvalitn\u00ed prac\u00ed a poskytov\u00e1n\u00edm slu\u017eeb zajistit zv\u00fd\u0161en\u00ed po\u010dtu cestuj\u00edc\u00edch a z\u00e1kazn\u00edk\u016f,<br \/>viz karty jednotliv\u00fdch proces\u016f, rozv\u00edjet proz\u00e1kaznick\u00e9 chov\u00e1n\u00ed zam\u011bstnanc\u016f &#8211; v\u0161ichni zam\u011bstnanci, kte\u0159\u00ed p\u0159ich\u00e1zej\u00ed do styku se z\u00e1kazn\u00edky \u010di cestuj\u00edc\u00edmi (\u0159idi\u010di, referenti informac\u00ed, zam\u011bstnanci servisu atd.) jsou prost\u0159ednictv\u00edm sv\u00fdch nad\u0159\u00edzen\u00fdch sezn\u00e1meni se zp\u016fsobem chov\u00e1n\u00ed, kter\u00e9 je vst\u0159\u00edcn\u00e9 ke klient\u016fm spole\u010dnosti &#8211; odpov\u00eddaj\u00ed vedouc\u00ed zam\u011bstnanci,<\/li>\n<\/ul>\n<p style=\"padding-left: 80px;\">o zlep\u0161it komunikaci se zam\u011bstnanci pro zkvalitn\u011bn\u00ed jejich motivace<br \/>o up\u0159ednost\u0148ovat MHD p\u0159i kon\u00e1n\u00ed spole\u010densk\u00fdch akc\u00ed<br \/>o prov\u00e1d\u011bt \u0161kolen\u00ed \u0159idi\u010d\u016f s k\u00e1ze\u0148sk\u00fdmi p\u0159estupky v\u016f\u010di cestuj\u00edc\u00edm,<\/p>\n<ul>\n<li>udr\u017eet sn\u00ed\u017een\u00fd po\u010det opr\u00e1vn\u011bn\u00fdch st\u00ed\u017enost\u00ed evidovan\u00fdch na MHD &#8211; odpov\u00edd\u00e1 vedouc\u00ed st\u0159ediska,<br \/><br \/><\/li>\n<li>zv\u00fd\u0161it celkovou pov\u011bdomost o MHD mezi obyvateli a n\u00e1v\u0161t\u011bvn\u00edky m\u011bsta a jejich informovanost,<br \/><br \/><\/li>\n<li>zlep\u0161it image spole\u010dnosti pomoc\u00ed nov\u00fdch marketingov\u00fdch postup\u016f,<br \/><br \/><\/li>\n<li>na maxim\u00e1ln\u00ed mo\u017enou m\u00edru vylou\u010dit soub\u011bh odjezd\u016f vozidel DD z THD &#8211;\u00a0 odpov\u00edd\u00e1 vlastn\u00edk procesu THD,<br \/><br \/><\/li>\n<li>zahrnout do pr\u016fzkumu spokojenosti i ot\u00e1zky spojen\u00e9 s vyu\u017e\u00edv\u00e1n\u00edm THD &#8211; odpov\u00edd\u00e1 veden\u00ed spole\u010dnosti &#8211; zadavatel ankety.<\/li>\n<\/ul>\n<p>\u00a0<\/p>\n<p><strong>Enviroment<\/strong><\/p>\n<ul>\n<li>Dodr\u017eovat stanoven\u00e9 normy spot\u0159eby trak\u010dn\u00ed energie a nafty pot\u0159ebn\u00e9 pro provoz<br \/>vozidel MHD &#8211; odpov\u011bdnost nesou vlastn\u00edci proces\u016f autobusov\u00e1 a trolejbusov\u00e1 doprava (viz. karty proces\u016f),<br \/><br \/><\/li>\n<li>preventivn\u00edmi opat\u0159en\u00edmi minimalizovat rizika \u00faniku nebezpe\u010dn\u00fdch l\u00e1tek do okoln\u00edho prost\u0159ed\u00ed tak, aby ve stanoven\u00e9m obdob\u00ed nedo\u0161lo k \u017e\u00e1dn\u00e9 hav\u00e1rii nebo provozn\u00ed nehod\u011b s \u00fanikem nebezpe\u010dn\u00fdch l\u00e1tek &#8211; odpov\u00edd\u00e1 vlastn\u00edk procesu intern\u00edho a extern\u00edho servisu (viz. karta procesu) v sou\u010dinnosti s R\u017dP,<br \/><br \/><\/li>\n<li>vyu\u017e\u00edvat modern\u00ed technologie \u0161etrn\u00e9 k \u017eivotn\u00edmu prost\u0159ed\u00ed n\u00e1kupem nov\u00fdch vozidel MHD, kter\u00e9 spl\u0148uj\u00ed evropsk\u00e9 normy vypou\u0161t\u011bn\u00ed emis\u00ed &#8211; odpov\u00edd\u00e1 veden\u00ed spole\u010dnosti,<br \/><br \/><\/li>\n<li>sledovat v\u00fd\u0161i vytv\u00e1\u0159en\u00e9 uhl\u00edkov\u00e9 stopy, p\u0159ijmout dekarboniza\u010dn\u00ed opat\u0159en\u00ed.<\/li>\n<\/ul>\n<p>\u00a0<\/p>\n<p><strong>BOZP<\/strong><\/p>\n<ul>\n<li>preventivn\u00edmi programy zajistit bezpe\u010dnost pracovn\u00edk\u016f a n\u00e1v\u0161t\u011bvn\u00edk\u016f spole\u010dnosti i cestuj\u00edc\u00edch tak, aby nedo\u0161lo k \u017e\u00e1dn\u00e9mu \u00farazu n\u00e1v\u0161t\u011bvn\u00edk\u016f a cestuj\u00edc\u00edch zavin\u011bn\u00edm \u010dinnost\u00ed spole\u010dnosti a z\u00e1rove\u0148 ke sn\u00ed\u017een\u00ed po\u010dtu pracovn\u00edch \u00faraz\u016f pracovn\u00edk\u016f s pracovn\u00ed neschopnost\u00ed &#8211; odpov\u00eddaj\u00ed vlastn\u00edci proces\u016f,<br \/><br \/><\/li>\n<li>pomoc\u00ed program\u016f pro podporu zdrav\u00ed u profes\u00ed vystaven\u00fdch zv\u00fd\u0161en\u00e9mu pracovn\u00edmu zat\u00ed\u017een\u00ed zajistit, aby se v\u00fdskyt nov\u00fdch nemoc\u00ed z povol\u00e1n\u00ed pro stanoven\u00e9 obdob\u00ed rovnal 0 &#8211; odpov\u00eddaj\u00ed vlastn\u00edci proces\u016f,<br \/><br \/><\/li>\n<li>pokra\u010dovat v akci Efektivn\u00ed j\u00edzda pro \u0159idi\u010de na polygonu pro zvl\u00e1d\u00e1n\u00ed kritick\u00fdch situac\u00ed v provozu,<br \/><br \/><\/li>\n<li>zajistit pravideln\u00e9 zji\u0161\u0165ov\u00e1n\u00ed p\u0159ipom\u00ednek pracovn\u00edk\u016f formou intern\u00ed ankety,<br \/><br \/><\/li>\n<li>zjistit po\u017eadavky zainteresovan\u00fdch stran v oblasti BOZP a EMS,<br \/><br \/><\/li>\n<li>zajistit bezpe\u010dn\u00e9 a zdrav\u00e9 pracovn\u00ed podm\u00ednky pro pracovn\u00edky spole\u010dnosti,<br \/><br \/><\/li>\n<li>zajistit spolupr\u00e1ci s pracovn\u00edky p\u0159i identifikaci nebezpe\u010d\u00ed a odstra\u0148ov\u00e1n\u00ed zji\u0161t\u011bn\u00fdch rizik.<\/li>\n<\/ul>\t\t\t\t\t\t\t\t<\/div>\n\t\t\t\t<\/div>\n\t\t\t\t\t<\/div>\n\t\t\t\t<\/div>\n\t\t\t\t<\/div>\n\t\t","protected":false},"excerpt":{"rendered":"<p>Strategick\u00e9 c\u00edle Integrovan\u00e9ho syst\u00e9mu \u0159\u00edzen\u00ed na roky 2024 &#8211; 2027 Jakost 100 % plnit smlouvy uzav\u0159en\u00e9 s odb\u011brateli v certifikovan\u00fdch procesech, tj. v procesech doprava MHD, intern\u00ed a extern\u00ed servis a lakov\u00e1n\u00ed ve v\u0161ech stanoven\u00fdch parametrech (kvalita proveden\u00fdch prac\u00ed, term\u00edn dod\u00e1vek, pop\u0159. v dal\u0161\u00edch, kter\u00e9 jsou ve smlouv\u00e1ch zakotveny), u MHD zvl\u00e1\u0161\u0165 parametry stanoven\u00e9 ve [&hellip;]<\/p>\n","protected":false},"author":4,"featured_media":0,"parent":17042,"menu_order":0,"comment_status":"closed","ping_status":"closed","template":"","meta":{"_acf_changed":false,"footnotes":""},"class_list":["post-18996","page","type-page","status-publish","hentry"],"acf":[],"yoast_head":"<!-- This site is optimized with the Yoast SEO Premium plugin v27.3 (Yoast SEO v27.3) - https:\/\/yoast.com\/product\/yoast-seo-premium-wordpress\/ -->\n<title>Strategick\u00e9 c\u00edle Integrovan\u00e9ho syt\u00e9mu \u0159\u00edzen\u00ed DPmHK 2024 - 2027 - Dopravn\u00ed podnik m\u011bsta Hradce Kr\u00e1lov\u00e9<\/title>\n<meta name=\"description\" content=\"Strategick\u00e9 c\u00edle DPmHK na obdob\u00ed 2024 - 2027 p\u0159in\u00e1\u0161ej\u00ed pl\u00e1n pro zaji\u0161t\u011bn\u00ed vysok\u00e9 kvality a spokojenosti cestuj\u00edc\u00edch.\" \/>\n<meta name=\"robots\" content=\"index, follow, max-snippet:-1, max-image-preview:large, max-video-preview:-1\" \/>\n<link rel=\"canonical\" href=\"https:\/\/www.dpmhk.cz\/cz\/o-nas\/dokumenty-formulare\/strategicke-cile-2024-2027\/\" \/>\n<meta property=\"og:locale\" content=\"cs_CZ\" \/>\n<meta property=\"og:type\" content=\"article\" \/>\n<meta property=\"og:title\" content=\"Strategick\u00e9 c\u00edle 2024-2027\" \/>\n<meta property=\"og:description\" content=\"Strategick\u00e9 c\u00edle DPmHK na obdob\u00ed 2024 - 2027 p\u0159in\u00e1\u0161ej\u00ed pl\u00e1n pro zaji\u0161t\u011bn\u00ed vysok\u00e9 kvality a spokojenosti cestuj\u00edc\u00edch.\" \/>\n<meta property=\"og:url\" content=\"https:\/\/www.dpmhk.cz\/cz\/o-nas\/dokumenty-formulare\/strategicke-cile-2024-2027\/\" \/>\n<meta property=\"og:site_name\" content=\"Dopravn\u00ed podnik m\u011bsta Hradce Kr\u00e1lov\u00e9\" \/>\n<meta property=\"article:publisher\" content=\"https:\/\/www.facebook.com\/dopravnipodnikhk\/\" \/>\n<meta property=\"article:modified_time\" content=\"2026-02-16T08:29:41+00:00\" \/>\n<meta property=\"og:image\" content=\"https:\/\/www.dpmhk.cz\/wp-content\/uploads\/2025\/11\/dopravni-podnik-hk-oznacnik-zastavka.jpg\" \/>\n\t<meta property=\"og:image:width\" content=\"1600\" \/>\n\t<meta property=\"og:image:height\" content=\"1067\" \/>\n\t<meta property=\"og:image:type\" content=\"image\/jpeg\" \/>\n<meta name=\"twitter:card\" content=\"summary_large_image\" \/>\n<meta name=\"twitter:label1\" content=\"Odhadovan\u00e1 doba \u010dten\u00ed\" \/>\n\t<meta name=\"twitter:data1\" content=\"4 minuty\" \/>\n<script type=\"application\/ld+json\" class=\"yoast-schema-graph\">{\"@context\":\"https:\\\/\\\/schema.org\",\"@graph\":[{\"@type\":\"WebPage\",\"@id\":\"https:\\\/\\\/www.dpmhk.cz\\\/o-nas\\\/dokumenty-formulare\\\/strategicke-cile-2024-2027\\\/\",\"url\":\"https:\\\/\\\/www.dpmhk.cz\\\/o-nas\\\/dokumenty-formulare\\\/strategicke-cile-2024-2027\\\/\",\"name\":\"Strategick\u00e9 c\u00edle Integrovan\u00e9ho syt\u00e9mu \u0159\u00edzen\u00ed DPmHK 2024 - 2027 - Dopravn\u00ed podnik m\u011bsta Hradce Kr\u00e1lov\u00e9\",\"isPartOf\":{\"@id\":\"https:\\\/\\\/www.dpmhk.cz\\\/cz\\\/#website\"},\"datePublished\":\"2026-02-16T07:06:41+00:00\",\"dateModified\":\"2026-02-16T08:29:41+00:00\",\"description\":\"Strategick\u00e9 c\u00edle DPmHK na obdob\u00ed 2024 - 2027 p\u0159in\u00e1\u0161ej\u00ed pl\u00e1n pro zaji\u0161t\u011bn\u00ed vysok\u00e9 kvality a spokojenosti cestuj\u00edc\u00edch.\",\"breadcrumb\":{\"@id\":\"https:\\\/\\\/www.dpmhk.cz\\\/o-nas\\\/dokumenty-formulare\\\/strategicke-cile-2024-2027\\\/#breadcrumb\"},\"inLanguage\":\"cs\",\"potentialAction\":[{\"@type\":\"ReadAction\",\"target\":[\"https:\\\/\\\/www.dpmhk.cz\\\/o-nas\\\/dokumenty-formulare\\\/strategicke-cile-2024-2027\\\/\"]}]},{\"@type\":\"BreadcrumbList\",\"@id\":\"https:\\\/\\\/www.dpmhk.cz\\\/o-nas\\\/dokumenty-formulare\\\/strategicke-cile-2024-2027\\\/#breadcrumb\",\"itemListElement\":[{\"@type\":\"ListItem\",\"position\":1,\"name\":\"Dom\u016f\",\"item\":\"https:\\\/\\\/www.dpmhk.cz\\\/cz\\\/\"},{\"@type\":\"ListItem\",\"position\":2,\"name\":\"O n\u00e1s\",\"item\":\"https:\\\/\\\/www.dpmhk.cz\\\/cz\\\/o-nas\\\/\"},{\"@type\":\"ListItem\",\"position\":3,\"name\":\"Dokumenty a formul\u00e1\u0159e\",\"item\":\"https:\\\/\\\/www.dpmhk.cz\\\/cz\\\/o-nas\\\/dokumenty-formulare\\\/\"},{\"@type\":\"ListItem\",\"position\":4,\"name\":\"Strategick\u00e9 c\u00edle 2024-2027\"}]},{\"@type\":\"WebSite\",\"@id\":\"https:\\\/\\\/www.dpmhk.cz\\\/cz\\\/#website\",\"url\":\"https:\\\/\\\/www.dpmhk.cz\\\/cz\\\/\",\"name\":\"Dopravn\u00ed podnik m\u011bsta Hradce Kr\u00e1lov\u00e9\",\"description\":\"Ofici\u00e1ln\u00ed webov\u00e9 str\u00e1nky\",\"publisher\":{\"@id\":\"https:\\\/\\\/www.dpmhk.cz\\\/cz\\\/#organization\"},\"alternateName\":\"Dopravn\u00ed podnik m\u011bsta Hradce Kr\u00e1lov\u00e9\",\"potentialAction\":[{\"@type\":\"SearchAction\",\"target\":{\"@type\":\"EntryPoint\",\"urlTemplate\":\"https:\\\/\\\/www.dpmhk.cz\\\/cz\\\/?s={search_term_string}\"},\"query-input\":{\"@type\":\"PropertyValueSpecification\",\"valueRequired\":true,\"valueName\":\"search_term_string\"}}],\"inLanguage\":\"cs\"},{\"@type\":[\"Organization\",\"Place\"],\"@id\":\"https:\\\/\\\/www.dpmhk.cz\\\/cz\\\/#organization\",\"name\":\"Dopravn\u00ed podnik m\u011bsta Hradce Kr\u00e1lov\u00e9, a.s.\",\"alternateName\":\"DPmHK\",\"url\":\"https:\\\/\\\/www.dpmhk.cz\\\/cz\\\/\",\"logo\":{\"@id\":\"https:\\\/\\\/www.dpmhk.cz\\\/o-nas\\\/dokumenty-formulare\\\/strategicke-cile-2024-2027\\\/#local-main-organization-logo\"},\"image\":{\"@id\":\"https:\\\/\\\/www.dpmhk.cz\\\/o-nas\\\/dokumenty-formulare\\\/strategicke-cile-2024-2027\\\/#local-main-organization-logo\"},\"sameAs\":[\"https:\\\/\\\/www.facebook.com\\\/dopravnipodnikhk\\\/\",\"https:\\\/\\\/www.instagram.com\\\/dopravnipodnikhk\\\/\",\"https:\\\/\\\/www.youtube.com\\\/@dopravnipodnik-hk\"],\"legalName\":\"Dopravn\u00ed podnik m\u011bsta Hradce Kr\u00e1lov\u00e9, a.s.\",\"foundingDate\":\"1948-04-26\",\"numberOfEmployees\":{\"@type\":\"QuantitativeValue\",\"minValue\":\"201\",\"maxValue\":\"500\"},\"ownershipFundingInfo\":\"https:\\\/\\\/www.dpmhk.cz\\\/cz\\\/o-nas\\\/o-spolecnosti\\\/\",\"actionableFeedbackPolicy\":\"https:\\\/\\\/www.dpmhk.cz\\\/cz\\\/o-nas\\\/dokumenty-formulare\\\/\",\"ethicsPolicy\":\"https:\\\/\\\/www.dpmhk.cz\\\/cz\\\/o-nas\\\/o-spolecnosti\\\/\",\"diversityStaffingReport\":\"https:\\\/\\\/www.dpmhk.cz\\\/cz\\\/kariera\\\/\",\"address\":{\"@id\":\"https:\\\/\\\/www.dpmhk.cz\\\/o-nas\\\/dokumenty-formulare\\\/strategicke-cile-2024-2027\\\/#local-main-place-address\"},\"telephone\":[\"+420 495 089 271\",\"+420 495 546 095\"],\"contactPoint\":{\"@type\":\"ContactPoint\",\"email\":\"info@dpmhk.cz\"},\"openingHoursSpecification\":[{\"@type\":\"OpeningHoursSpecification\",\"dayOfWeek\":[\"Monday\",\"Wednesday\"],\"opens\":\"07:00\",\"closes\":\"17:00\"},{\"@type\":\"OpeningHoursSpecification\",\"dayOfWeek\":[\"Tuesday\",\"Thursday\"],\"opens\":\"07:00\",\"closes\":\"16:30\"},{\"@type\":\"OpeningHoursSpecification\",\"dayOfWeek\":[\"Friday\"],\"opens\":\"07:00\",\"closes\":\"15:00\"},{\"@type\":\"OpeningHoursSpecification\",\"dayOfWeek\":[\"Saturday\",\"Sunday\"],\"opens\":\"00:00\",\"closes\":\"00:00\"}],\"vatID\":\"CZ25267213\",\"taxID\":\"25267213\"},{\"@type\":\"PostalAddress\",\"@id\":\"https:\\\/\\\/www.dpmhk.cz\\\/o-nas\\\/dokumenty-formulare\\\/strategicke-cile-2024-2027\\\/#local-main-place-address\",\"streetAddress\":\"Pouchovsk\u00e1 153\",\"addressLocality\":\"Hradec Kr\u00e1lov\u00e9\",\"postalCode\":\"500 03\",\"addressRegion\":\"Aktivn\u00ed\",\"addressCountry\":\"CZ\"},{\"@type\":\"ImageObject\",\"inLanguage\":\"cs\",\"@id\":\"https:\\\/\\\/www.dpmhk.cz\\\/o-nas\\\/dokumenty-formulare\\\/strategicke-cile-2024-2027\\\/#local-main-organization-logo\",\"url\":\"https:\\\/\\\/www.dpmhk.cz\\\/wp-content\\\/uploads\\\/2025\\\/11\\\/DP_HK_Logo_cerne2025-1.svg\",\"contentUrl\":\"https:\\\/\\\/www.dpmhk.cz\\\/wp-content\\\/uploads\\\/2025\\\/11\\\/DP_HK_Logo_cerne2025-1.svg\",\"width\":123,\"height\":60,\"caption\":\"Dopravn\u00ed podnik m\u011bsta Hradce Kr\u00e1lov\u00e9, a.s.\"}]}<\/script>\n<meta name=\"geo.placename\" content=\"Hradec Kr\u00e1lov\u00e9\" \/>\n<meta name=\"geo.region\" content=\"\u010cesk\u00e1 republika\" \/>\n<!-- \/ Yoast SEO Premium plugin. -->","yoast_head_json":{"title":"Strategick\u00e9 c\u00edle Integrovan\u00e9ho syt\u00e9mu \u0159\u00edzen\u00ed DPmHK 2024 - 2027 - Dopravn\u00ed podnik m\u011bsta Hradce Kr\u00e1lov\u00e9","description":"Strategick\u00e9 c\u00edle DPmHK na obdob\u00ed 2024 - 2027 p\u0159in\u00e1\u0161ej\u00ed pl\u00e1n pro zaji\u0161t\u011bn\u00ed vysok\u00e9 kvality a spokojenosti cestuj\u00edc\u00edch.","robots":{"index":"index","follow":"follow","max-snippet":"max-snippet:-1","max-image-preview":"max-image-preview:large","max-video-preview":"max-video-preview:-1"},"canonical":"https:\/\/www.dpmhk.cz\/cz\/o-nas\/dokumenty-formulare\/strategicke-cile-2024-2027\/","og_locale":"cs_CZ","og_type":"article","og_title":"Strategick\u00e9 c\u00edle 2024-2027","og_description":"Strategick\u00e9 c\u00edle DPmHK na obdob\u00ed 2024 - 2027 p\u0159in\u00e1\u0161ej\u00ed pl\u00e1n pro zaji\u0161t\u011bn\u00ed vysok\u00e9 kvality a spokojenosti cestuj\u00edc\u00edch.","og_url":"https:\/\/www.dpmhk.cz\/cz\/o-nas\/dokumenty-formulare\/strategicke-cile-2024-2027\/","og_site_name":"Dopravn\u00ed podnik m\u011bsta Hradce Kr\u00e1lov\u00e9","article_publisher":"https:\/\/www.facebook.com\/dopravnipodnikhk\/","article_modified_time":"2026-02-16T08:29:41+00:00","og_image":[{"width":1600,"height":1067,"url":"https:\/\/www.dpmhk.cz\/wp-content\/uploads\/2025\/11\/dopravni-podnik-hk-oznacnik-zastavka.jpg","type":"image\/jpeg"}],"twitter_card":"summary_large_image","twitter_misc":{"Odhadovan\u00e1 doba \u010dten\u00ed":"4 minuty"},"schema":{"@context":"https:\/\/schema.org","@graph":[{"@type":"WebPage","@id":"https:\/\/www.dpmhk.cz\/o-nas\/dokumenty-formulare\/strategicke-cile-2024-2027\/","url":"https:\/\/www.dpmhk.cz\/o-nas\/dokumenty-formulare\/strategicke-cile-2024-2027\/","name":"Strategick\u00e9 c\u00edle Integrovan\u00e9ho syt\u00e9mu \u0159\u00edzen\u00ed DPmHK 2024 - 2027 - Dopravn\u00ed podnik m\u011bsta Hradce Kr\u00e1lov\u00e9","isPartOf":{"@id":"https:\/\/www.dpmhk.cz\/cz\/#website"},"datePublished":"2026-02-16T07:06:41+00:00","dateModified":"2026-02-16T08:29:41+00:00","description":"Strategick\u00e9 c\u00edle DPmHK na obdob\u00ed 2024 - 2027 p\u0159in\u00e1\u0161ej\u00ed pl\u00e1n pro zaji\u0161t\u011bn\u00ed vysok\u00e9 kvality a spokojenosti cestuj\u00edc\u00edch.","breadcrumb":{"@id":"https:\/\/www.dpmhk.cz\/o-nas\/dokumenty-formulare\/strategicke-cile-2024-2027\/#breadcrumb"},"inLanguage":"cs","potentialAction":[{"@type":"ReadAction","target":["https:\/\/www.dpmhk.cz\/o-nas\/dokumenty-formulare\/strategicke-cile-2024-2027\/"]}]},{"@type":"BreadcrumbList","@id":"https:\/\/www.dpmhk.cz\/o-nas\/dokumenty-formulare\/strategicke-cile-2024-2027\/#breadcrumb","itemListElement":[{"@type":"ListItem","position":1,"name":"Dom\u016f","item":"https:\/\/www.dpmhk.cz\/cz\/"},{"@type":"ListItem","position":2,"name":"O n\u00e1s","item":"https:\/\/www.dpmhk.cz\/cz\/o-nas\/"},{"@type":"ListItem","position":3,"name":"Dokumenty a formul\u00e1\u0159e","item":"https:\/\/www.dpmhk.cz\/cz\/o-nas\/dokumenty-formulare\/"},{"@type":"ListItem","position":4,"name":"Strategick\u00e9 c\u00edle 2024-2027"}]},{"@type":"WebSite","@id":"https:\/\/www.dpmhk.cz\/cz\/#website","url":"https:\/\/www.dpmhk.cz\/cz\/","name":"Dopravn\u00ed podnik m\u011bsta Hradce Kr\u00e1lov\u00e9","description":"Ofici\u00e1ln\u00ed webov\u00e9 str\u00e1nky","publisher":{"@id":"https:\/\/www.dpmhk.cz\/cz\/#organization"},"alternateName":"Dopravn\u00ed podnik m\u011bsta Hradce Kr\u00e1lov\u00e9","potentialAction":[{"@type":"SearchAction","target":{"@type":"EntryPoint","urlTemplate":"https:\/\/www.dpmhk.cz\/cz\/?s={search_term_string}"},"query-input":{"@type":"PropertyValueSpecification","valueRequired":true,"valueName":"search_term_string"}}],"inLanguage":"cs"},{"@type":["Organization","Place"],"@id":"https:\/\/www.dpmhk.cz\/cz\/#organization","name":"Dopravn\u00ed podnik m\u011bsta Hradce Kr\u00e1lov\u00e9, a.s.","alternateName":"DPmHK","url":"https:\/\/www.dpmhk.cz\/cz\/","logo":{"@id":"https:\/\/www.dpmhk.cz\/o-nas\/dokumenty-formulare\/strategicke-cile-2024-2027\/#local-main-organization-logo"},"image":{"@id":"https:\/\/www.dpmhk.cz\/o-nas\/dokumenty-formulare\/strategicke-cile-2024-2027\/#local-main-organization-logo"},"sameAs":["https:\/\/www.facebook.com\/dopravnipodnikhk\/","https:\/\/www.instagram.com\/dopravnipodnikhk\/","https:\/\/www.youtube.com\/@dopravnipodnik-hk"],"legalName":"Dopravn\u00ed podnik m\u011bsta Hradce Kr\u00e1lov\u00e9, a.s.","foundingDate":"1948-04-26","numberOfEmployees":{"@type":"QuantitativeValue","minValue":"201","maxValue":"500"},"ownershipFundingInfo":"https:\/\/www.dpmhk.cz\/cz\/o-nas\/o-spolecnosti\/","actionableFeedbackPolicy":"https:\/\/www.dpmhk.cz\/cz\/o-nas\/dokumenty-formulare\/","ethicsPolicy":"https:\/\/www.dpmhk.cz\/cz\/o-nas\/o-spolecnosti\/","diversityStaffingReport":"https:\/\/www.dpmhk.cz\/cz\/kariera\/","address":{"@id":"https:\/\/www.dpmhk.cz\/o-nas\/dokumenty-formulare\/strategicke-cile-2024-2027\/#local-main-place-address"},"telephone":["+420 495 089 271","+420 495 546 095"],"contactPoint":{"@type":"ContactPoint","email":"info@dpmhk.cz"},"openingHoursSpecification":[{"@type":"OpeningHoursSpecification","dayOfWeek":["Monday","Wednesday"],"opens":"07:00","closes":"17:00"},{"@type":"OpeningHoursSpecification","dayOfWeek":["Tuesday","Thursday"],"opens":"07:00","closes":"16:30"},{"@type":"OpeningHoursSpecification","dayOfWeek":["Friday"],"opens":"07:00","closes":"15:00"},{"@type":"OpeningHoursSpecification","dayOfWeek":["Saturday","Sunday"],"opens":"00:00","closes":"00:00"}],"vatID":"CZ25267213","taxID":"25267213"},{"@type":"PostalAddress","@id":"https:\/\/www.dpmhk.cz\/o-nas\/dokumenty-formulare\/strategicke-cile-2024-2027\/#local-main-place-address","streetAddress":"Pouchovsk\u00e1 153","addressLocality":"Hradec Kr\u00e1lov\u00e9","postalCode":"500 03","addressRegion":"Aktivn\u00ed","addressCountry":"CZ"},{"@type":"ImageObject","inLanguage":"cs","@id":"https:\/\/www.dpmhk.cz\/o-nas\/dokumenty-formulare\/strategicke-cile-2024-2027\/#local-main-organization-logo","url":"https:\/\/www.dpmhk.cz\/wp-content\/uploads\/2025\/11\/DP_HK_Logo_cerne2025-1.svg","contentUrl":"https:\/\/www.dpmhk.cz\/wp-content\/uploads\/2025\/11\/DP_HK_Logo_cerne2025-1.svg","width":123,"height":60,"caption":"Dopravn\u00ed podnik m\u011bsta Hradce Kr\u00e1lov\u00e9, a.s."}]},"geo.placename":"Hradec Kr\u00e1lov\u00e9","geo.region":"\u010cesk\u00e1 republika"},"_links":{"self":[{"href":"https:\/\/www.dpmhk.cz\/cz\/wp-json\/wp\/v2\/pages\/18996","targetHints":{"allow":["GET"]}}],"collection":[{"href":"https:\/\/www.dpmhk.cz\/cz\/wp-json\/wp\/v2\/pages"}],"about":[{"href":"https:\/\/www.dpmhk.cz\/cz\/wp-json\/wp\/v2\/types\/page"}],"author":[{"embeddable":true,"href":"https:\/\/www.dpmhk.cz\/cz\/wp-json\/wp\/v2\/users\/4"}],"replies":[{"embeddable":true,"href":"https:\/\/www.dpmhk.cz\/cz\/wp-json\/wp\/v2\/comments?post=18996"}],"version-history":[{"count":5,"href":"https:\/\/www.dpmhk.cz\/cz\/wp-json\/wp\/v2\/pages\/18996\/revisions"}],"predecessor-version":[{"id":19029,"href":"https:\/\/www.dpmhk.cz\/cz\/wp-json\/wp\/v2\/pages\/18996\/revisions\/19029"}],"up":[{"embeddable":true,"href":"https:\/\/www.dpmhk.cz\/cz\/wp-json\/wp\/v2\/pages\/17042"}],"wp:attachment":[{"href":"https:\/\/www.dpmhk.cz\/cz\/wp-json\/wp\/v2\/media?parent=18996"}],"curies":[{"name":"wp","href":"https:\/\/api.w.org\/{rel}","templated":true}]}}