{"id":7372,"date":"2025-11-19T08:53:50","date_gmt":"2025-11-19T07:53:50","guid":{"rendered":"https:\/\/www.dopravnipodnikhk.cz\/?page_id=7372"},"modified":"2026-01-30T13:34:29","modified_gmt":"2026-01-30T12:34:29","slug":"servis-vozidel","status":"publish","type":"page","link":"https:\/\/www.dpmhk.cz\/cz\/ostatni-sluzby\/servis-vozidel\/servis-vozidel\/","title":{"rendered":"Osobn\u00ed a dod\u00e1vky"},"content":{"rendered":"\t\t<div data-elementor-type=\"wp-page\" data-elementor-id=\"7372\" class=\"elementor elementor-7372\" wpc-filter-elementor-widget=\"1\" data-elementor-post-type=\"page\">\n\t\t\t\t<div class=\"elementor-element elementor-element-f896795 e-flex e-con-boxed e-con e-parent\" data-id=\"f896795\" data-element_type=\"container\" data-e-type=\"container\">\n\t\t\t\t\t<div class=\"e-con-inner\">\n\t\t\t\t<div class=\"elementor-element elementor-element-faf9a28 elementor-widget elementor-widget-wp-widget-bcn_widget\" data-id=\"faf9a28\" data-element_type=\"widget\" data-e-type=\"widget\" data-widget_type=\"wp-widget-bcn_widget.default\">\n\t\t\t\t<div class=\"elementor-widget-container\">\n\t\t\t\t\t<nav aria-label=\"Breadcrumb\" class=\"breadcrumbs\" vocab=\"https:\/\/schema.org\/\" typeof=\"BreadcrumbList\"><span property=\"itemListElement\" typeof=\"ListItem\"><a property=\"item\" typeof=\"WebPage\" title=\"P\u0159ej\u00edt na Dopravn\u00ed podnik m\u011bsta Hradce Kr\u00e1lov\u00e9.\" href=\"https:\/\/www.dpmhk.cz\/cz\" class=\"home\" aria-current=\"page\"><span property=\"name\" class=\"sr-only\">Dom\u016f<\/span><i class=\"fa fa-home\" aria-hidden=\"rute\"><\/i><\/a><meta property=\"position\" content=\"1\"><\/span><\/nav>\t\t\t\t<\/div>\n\t\t\t\t<\/div>\n\t\t\t\t\t<\/div>\n\t\t\t\t<\/div>\n\t\t<div class=\"elementor-element elementor-element-f8f6cdf e-flex e-con-boxed e-con e-parent\" data-id=\"f8f6cdf\" data-element_type=\"container\" data-e-type=\"container\">\n\t\t\t\t\t<div class=\"e-con-inner\">\n\t\t\t\t<div class=\"elementor-element elementor-element-d61e5c2 elementor-widget elementor-widget-heading\" data-id=\"d61e5c2\" data-element_type=\"widget\" data-e-type=\"widget\" data-widget_type=\"heading.default\">\n\t\t\t\t<div class=\"elementor-widget-container\">\n\t\t\t\t\t<h2 class=\"elementor-heading-title elementor-size-default\">Osobn\u00ed a dod\u00e1vky<\/h2>\t\t\t\t<\/div>\n\t\t\t\t<\/div>\n\t\t\t\t<div class=\"elementor-element elementor-element-e0a0c0c e-n-tabs-mobile elementor-widget elementor-widget-n-tabs\" data-id=\"e0a0c0c\" data-element_type=\"widget\" data-e-type=\"widget\" data-settings=\"{&quot;horizontal_scroll&quot;:&quot;disable&quot;}\" data-widget_type=\"nested-tabs.default\">\n\t\t\t\t<div class=\"elementor-widget-container\">\n\t\t\t\t\t\t\t<div class=\"e-n-tabs\" data-widget-number=\"235539468\" aria-label=\"Tabs. Open items with Enter or Space, close with Escape and navigate using the Arrow keys.\">\n\t\t\t<div class=\"e-n-tabs-heading\" role=\"tablist\">\n\t\t\t\t\t<button id=\"e-n-tab-title-2355394681\" data-tab-title-id=\"e-n-tab-title-2355394681\" class=\"e-n-tab-title\" aria-selected=\"true\" data-tab-index=\"1\" role=\"tab\" tabindex=\"0\" aria-controls=\"e-n-tab-content-2355394681\" style=\"--n-tabs-title-order: 1;\">\n\t\t\t\t\t\t<span class=\"e-n-tab-title-text\">\n\t\t\t\tMyt\u00ed vozidel, antikorozn\u00ed ochrana\t\t\t<\/span>\n\t\t<\/button>\n\t\t\t\t<button id=\"e-n-tab-title-2355394682\" data-tab-title-id=\"e-n-tab-title-2355394682\" class=\"e-n-tab-title\" aria-selected=\"false\" data-tab-index=\"2\" role=\"tab\" tabindex=\"-1\" aria-controls=\"e-n-tab-content-2355394682\" style=\"--n-tabs-title-order: 2;\">\n\t\t\t\t\t\t<span class=\"e-n-tab-title-text\">\n\t\t\t\tTribodiagnostika olej\u016f\t\t\t<\/span>\n\t\t<\/button>\n\t\t\t\t\t<\/div>\n\t\t\t<div class=\"e-n-tabs-content\">\n\t\t\t\t<div id=\"e-n-tab-content-2355394681\" role=\"tabpanel\" aria-labelledby=\"e-n-tab-title-2355394681\" data-tab-index=\"1\" style=\"--n-tabs-title-order: 1;\" class=\"e-active elementor-element elementor-element-48d4d7e e-flex e-con-boxed e-con e-child\" data-id=\"48d4d7e\" data-element_type=\"container\" data-e-type=\"container\" data-settings=\"{&quot;background_background&quot;:&quot;classic&quot;}\">\n\t\t\t\t\t<div class=\"e-con-inner\">\n\t\t\t\t<div class=\"elementor-element elementor-element-5472a20 elementor-widget elementor-widget-heading\" data-id=\"5472a20\" data-element_type=\"widget\" data-e-type=\"widget\" data-widget_type=\"heading.default\">\n\t\t\t\t<div class=\"elementor-widget-container\">\n\t\t\t\t\t<h3 class=\"elementor-heading-title elementor-size-default\">Myt\u00ed vozidel, antikorozn\u00ed ochrana<\/h3>\t\t\t\t<\/div>\n\t\t\t\t<\/div>\n\t\t<div class=\"elementor-element elementor-element-43887ab e-con-full e-flex e-con e-child\" data-id=\"43887ab\" data-element_type=\"container\" data-e-type=\"container\">\n\t\t\t\t<div class=\"elementor-element elementor-element-4965b8b elementor-widget__width-initial elementor-widget-mobile__width-initial elementor-widget elementor-widget-text-editor\" data-id=\"4965b8b\" data-element_type=\"widget\" data-e-type=\"widget\" data-widget_type=\"text-editor.default\">\n\t\t\t\t<div class=\"elementor-widget-container\">\n\t\t\t\t\t\t\t\t\t<h4>N\u00e1st\u0159ik podvozku a dutin<\/h4><ul><li>n\u00e1st\u0159ik podvozku a dutin \u0161pi\u010dkov\u00fdm \u0161v\u00e9dsk\u00fdm p\u0159\u00edpravkem DINITROL, osobn\u00edch, dod\u00e1vkov\u00fdch, n\u00e1kladn\u00edch vozidel a autobus\u016f<\/li><li>mo\u017enost n\u00e1st\u0159iku I jednotliv\u00fdch d\u00edl\u016f karoseri\u00ed<\/li><li>\u00fa\u010dinnost p\u0159\u00edpravku je min. 3 roky<\/li><\/ul><p><strong>Kontakt<br \/>Jakub Kmo\u0161ek<br \/><\/strong>kmosek@dpmhk.cz<br \/>Telefon: 495 089 242, 724 740 866<strong><br \/><\/strong><\/p>\t\t\t\t\t\t\t\t<\/div>\n\t\t\t\t<\/div>\n\t\t\t\t<div class=\"elementor-element elementor-element-b04a837 elementor-widget elementor-widget-image\" data-id=\"b04a837\" data-element_type=\"widget\" data-e-type=\"widget\" data-widget_type=\"image.default\">\n\t\t\t\t<div class=\"elementor-widget-container\">\n\t\t\t\t\t\t\t\t\t\t\t\t\t\t\t<img fetchpriority=\"high\" decoding=\"async\" width=\"300\" height=\"224\" src=\"https:\/\/www.dpmhk.cz\/wp-content\/uploads\/2026\/01\/antikoroze.jpg\" class=\"attachment-large size-large wp-image-11540\" alt=\"Servis vozidel - zvednut\u00e9 auto na ramenech p\u0159i n\u00e1st\u0159iku podvozku\" srcset=\"https:\/\/www.dpmhk.cz\/wp-content\/uploads\/2026\/01\/antikoroze.jpg 300w, https:\/\/www.dpmhk.cz\/wp-content\/uploads\/2026\/01\/antikoroze-16x12.jpg 16w\" sizes=\"(max-width: 300px) 100vw, 300px\" \/>\t\t\t\t\t\t\t\t\t\t\t\t\t\t\t<\/div>\n\t\t\t\t<\/div>\n\t\t\t\t<\/div>\n\t\t\t\t\t<\/div>\n\t\t\t\t<\/div>\n\t\t<div id=\"e-n-tab-content-2355394682\" role=\"tabpanel\" aria-labelledby=\"e-n-tab-title-2355394682\" data-tab-index=\"2\" style=\"--n-tabs-title-order: 2;\" class=\" elementor-element elementor-element-5b5d661 e-flex e-con-boxed e-con e-child\" data-id=\"5b5d661\" data-element_type=\"container\" data-e-type=\"container\" data-settings=\"{&quot;background_background&quot;:&quot;classic&quot;}\">\n\t\t\t\t\t<div class=\"e-con-inner\">\n\t\t\t\t<div class=\"elementor-element elementor-element-0d0bf90 elementor-widget elementor-widget-heading\" data-id=\"0d0bf90\" data-element_type=\"widget\" data-e-type=\"widget\" data-widget_type=\"heading.default\">\n\t\t\t\t<div class=\"elementor-widget-container\">\n\t\t\t\t\t<h3 class=\"elementor-heading-title elementor-size-default\">Tribodiagnostika olej\u016f<\/h3>\t\t\t\t<\/div>\n\t\t\t\t<\/div>\n\t\t<div class=\"elementor-element elementor-element-047940a e-con-full e-flex e-con e-child\" data-id=\"047940a\" data-element_type=\"container\" data-e-type=\"container\">\n\t\t\t\t<div class=\"elementor-element elementor-element-1fc6de2 elementor-widget__width-initial elementor-widget-mobile__width-initial elementor-widget elementor-widget-text-editor\" data-id=\"1fc6de2\" data-element_type=\"widget\" data-e-type=\"widget\" data-widget_type=\"text-editor.default\">\n\t\t\t\t<div class=\"elementor-widget-container\">\n\t\t\t\t\t\t\t\t\t<ul><li>rozbory olej\u016f prov\u00e1d\u011bn\u00e9 ve \u0161pi\u010dkov\u011b vybaven\u00e9 laborato\u0159i certifikovanou osobou<\/li><li>pravideln\u00fdm kontrolov\u00e1n\u00edm stavu oleje se tak n\u011bkolikan\u00e1sobn\u011b prodlu\u017euj\u00ed intervaly v\u00fdm\u011bn oleje !!!<\/li><li>m\u016f\u017eete u\u0161et\u0159it a\u017e 60 % n\u00e1klad\u016f za rok, vynalo\u017een\u00fdch na v\u00fdm\u011bny olej\u016f !!<br \/><br \/><\/li><\/ul><p><strong>Ji\u0159\u00ed Mat\u011bjka<br \/><\/strong>matejka@dpmhk.cz<br \/>Telefon\/Fax: 495 089 245, 721 07 367<strong><br \/><\/strong><\/p>\t\t\t\t\t\t\t\t<\/div>\n\t\t\t\t<\/div>\n\t\t\t\t<div class=\"elementor-element elementor-element-a63d4b7 elementor-widget elementor-widget-image\" data-id=\"a63d4b7\" data-element_type=\"widget\" data-e-type=\"widget\" data-widget_type=\"image.default\">\n\t\t\t\t<div class=\"elementor-widget-container\">\n\t\t\t\t\t\t\t\t\t\t\t\t\t\t\t<img decoding=\"async\" width=\"300\" height=\"224\" src=\"https:\/\/www.dpmhk.cz\/wp-content\/uploads\/2026\/01\/tribodiagnostika.jpg\" class=\"attachment-large size-large wp-image-11475\" alt=\"Tribodiagnostika - pohled do pracovny\" srcset=\"https:\/\/www.dpmhk.cz\/wp-content\/uploads\/2026\/01\/tribodiagnostika.jpg 300w, https:\/\/www.dpmhk.cz\/wp-content\/uploads\/2026\/01\/tribodiagnostika-16x12.jpg 16w\" sizes=\"(max-width: 300px) 100vw, 300px\" \/>\t\t\t\t\t\t\t\t\t\t\t\t\t\t\t<\/div>\n\t\t\t\t<\/div>\n\t\t\t\t<\/div>\n\t\t\t\t\t<\/div>\n\t\t\t\t<\/div>\n\t\t\t\t\t<\/div>\n\t\t<\/div>\n\t\t\t\t\t\t<\/div>\n\t\t\t\t<\/div>\n\t\t\t\t\t<\/div>\n\t\t\t\t<\/div>\n\t\t\t\t<\/div>\n\t\t","protected":false},"excerpt":{"rendered":"<p>Osobn\u00ed a dod\u00e1vky Myt\u00ed vozidel, antikorozn\u00ed ochrana Tribodiagnostika olej\u016f Myt\u00ed vozidel, antikorozn\u00ed ochrana N\u00e1st\u0159ik podvozku a dutin n\u00e1st\u0159ik podvozku a dutin \u0161pi\u010dkov\u00fdm \u0161v\u00e9dsk\u00fdm p\u0159\u00edpravkem DINITROL, osobn\u00edch, dod\u00e1vkov\u00fdch, n\u00e1kladn\u00edch vozidel a autobus\u016f mo\u017enost n\u00e1st\u0159iku I jednotliv\u00fdch d\u00edl\u016f karoseri\u00ed \u00fa\u010dinnost p\u0159\u00edpravku je min. 3 roky KontaktJakub Kmo\u0161ekkmosek@dpmhk.czTelefon: 495 089 242, 724 740 866 Tribodiagnostika olej\u016f rozbory olej\u016f [&hellip;]<\/p>\n","protected":false},"author":4,"featured_media":0,"parent":7056,"menu_order":0,"comment_status":"closed","ping_status":"closed","template":"","meta":{"_acf_changed":false,"footnotes":""},"class_list":["post-7372","page","type-page","status-publish","hentry"],"acf":[],"yoast_head":"<!-- This site is optimized with the Yoast SEO Premium plugin v27.2 (Yoast SEO v27.3) - https:\/\/yoast.com\/product\/yoast-seo-premium-wordpress\/ -->\n<title>Osobn\u00ed a dod\u00e1vky - Dopravn\u00ed podnik m\u011bsta Hradce Kr\u00e1lov\u00e9<\/title>\n<meta name=\"description\" content=\"Servis osobn\u00edch vozidel a dod\u00e1vek DPmHK: myt\u00ed vozidel, antikorozn\u00ed ochrana - n\u00e1st\u0159ik podvozku a dutin, tribodiagnostika olej\u016f.\" \/>\n<meta name=\"robots\" content=\"index, follow, max-snippet:-1, max-image-preview:large, max-video-preview:-1\" \/>\n<link rel=\"canonical\" href=\"https:\/\/www.dpmhk.cz\/cz\/ostatni-sluzby\/servis-vozidel\/servis-vozidel\/\" \/>\n<meta property=\"og:locale\" content=\"cs_CZ\" \/>\n<meta property=\"og:type\" content=\"article\" \/>\n<meta property=\"og:title\" content=\"Osobn\u00ed a dod\u00e1vky\" \/>\n<meta property=\"og:description\" content=\"Servis osobn\u00edch vozidel a dod\u00e1vek DPmHK: myt\u00ed vozidel, antikorozn\u00ed ochrana - n\u00e1st\u0159ik podvozku a dutin, tribodiagnostika olej\u016f.\" \/>\n<meta property=\"og:url\" content=\"https:\/\/www.dpmhk.cz\/cz\/ostatni-sluzby\/servis-vozidel\/servis-vozidel\/\" \/>\n<meta property=\"og:site_name\" content=\"Dopravn\u00ed podnik m\u011bsta Hradce Kr\u00e1lov\u00e9\" \/>\n<meta property=\"article:publisher\" content=\"https:\/\/www.facebook.com\/dopravnipodnikhk\/\" \/>\n<meta property=\"article:modified_time\" content=\"2026-01-30T12:34:29+00:00\" \/>\n<meta property=\"og:image\" content=\"https:\/\/www.dpmhk.cz\/wp-content\/uploads\/2026\/01\/antikoroze.jpg\" \/>\n<meta name=\"twitter:card\" content=\"summary_large_image\" \/>\n<meta name=\"twitter:label1\" content=\"Odhadovan\u00e1 doba \u010dten\u00ed\" \/>\n\t<meta name=\"twitter:data1\" content=\"2 minuty\" \/>\n<script type=\"application\/ld+json\" class=\"yoast-schema-graph\">{\"@context\":\"https:\\\/\\\/schema.org\",\"@graph\":[{\"@type\":\"WebPage\",\"@id\":\"https:\\\/\\\/www.dpmhk.cz\\\/ostatni-sluzby\\\/servis-vozidel\\\/servis-vozidel\\\/\",\"url\":\"https:\\\/\\\/www.dpmhk.cz\\\/ostatni-sluzby\\\/servis-vozidel\\\/servis-vozidel\\\/\",\"name\":\"Osobn\u00ed a dod\u00e1vky - Dopravn\u00ed podnik m\u011bsta Hradce Kr\u00e1lov\u00e9\",\"isPartOf\":{\"@id\":\"https:\\\/\\\/www.dpmhk.cz\\\/cz\\\/#website\"},\"primaryImageOfPage\":{\"@id\":\"https:\\\/\\\/www.dpmhk.cz\\\/ostatni-sluzby\\\/servis-vozidel\\\/servis-vozidel\\\/#primaryimage\"},\"image\":{\"@id\":\"https:\\\/\\\/www.dpmhk.cz\\\/ostatni-sluzby\\\/servis-vozidel\\\/servis-vozidel\\\/#primaryimage\"},\"thumbnailUrl\":\"https:\\\/\\\/www.dpmhk.cz\\\/wp-content\\\/uploads\\\/2026\\\/01\\\/antikoroze.jpg\",\"datePublished\":\"2025-11-19T07:53:50+00:00\",\"dateModified\":\"2026-01-30T12:34:29+00:00\",\"description\":\"Servis osobn\u00edch vozidel a dod\u00e1vek DPmHK: myt\u00ed vozidel, antikorozn\u00ed ochrana - n\u00e1st\u0159ik podvozku a dutin, tribodiagnostika olej\u016f.\",\"breadcrumb\":{\"@id\":\"https:\\\/\\\/www.dpmhk.cz\\\/ostatni-sluzby\\\/servis-vozidel\\\/servis-vozidel\\\/#breadcrumb\"},\"inLanguage\":\"cs\",\"potentialAction\":[{\"@type\":\"ReadAction\",\"target\":[\"https:\\\/\\\/www.dpmhk.cz\\\/ostatni-sluzby\\\/servis-vozidel\\\/servis-vozidel\\\/\"]}]},{\"@type\":\"ImageObject\",\"inLanguage\":\"cs\",\"@id\":\"https:\\\/\\\/www.dpmhk.cz\\\/ostatni-sluzby\\\/servis-vozidel\\\/servis-vozidel\\\/#primaryimage\",\"url\":\"https:\\\/\\\/www.dpmhk.cz\\\/wp-content\\\/uploads\\\/2026\\\/01\\\/antikoroze.jpg\",\"contentUrl\":\"https:\\\/\\\/www.dpmhk.cz\\\/wp-content\\\/uploads\\\/2026\\\/01\\\/antikoroze.jpg\"},{\"@type\":\"BreadcrumbList\",\"@id\":\"https:\\\/\\\/www.dpmhk.cz\\\/ostatni-sluzby\\\/servis-vozidel\\\/servis-vozidel\\\/#breadcrumb\",\"itemListElement\":[{\"@type\":\"ListItem\",\"position\":1,\"name\":\"Dom\u016f\",\"item\":\"https:\\\/\\\/www.dpmhk.cz\\\/cz\\\/\"},{\"@type\":\"ListItem\",\"position\":2,\"name\":\"Ostatn\u00ed slu\u017eby\",\"item\":\"https:\\\/\\\/www.dpmhk.cz\\\/ostatni-sluzby\\\/\"},{\"@type\":\"ListItem\",\"position\":3,\"name\":\"Servis vozidel\",\"item\":\"https:\\\/\\\/www.dpmhk.cz\\\/ostatni-sluzby\\\/servis-vozidel\\\/\"},{\"@type\":\"ListItem\",\"position\":4,\"name\":\"Osobn\u00ed a dod\u00e1vky\"}]},{\"@type\":\"WebSite\",\"@id\":\"https:\\\/\\\/www.dpmhk.cz\\\/cz\\\/#website\",\"url\":\"https:\\\/\\\/www.dpmhk.cz\\\/cz\\\/\",\"name\":\"Dopravn\u00ed podnik m\u011bsta Hradce Kr\u00e1lov\u00e9\",\"description\":\"Ofici\u00e1ln\u00ed webov\u00e9 str\u00e1nky\",\"publisher\":{\"@id\":\"https:\\\/\\\/www.dpmhk.cz\\\/cz\\\/#organization\"},\"alternateName\":\"Dopravn\u00ed podnik m\u011bsta Hradce Kr\u00e1lov\u00e9\",\"potentialAction\":[{\"@type\":\"SearchAction\",\"target\":{\"@type\":\"EntryPoint\",\"urlTemplate\":\"https:\\\/\\\/www.dpmhk.cz\\\/cz\\\/?s={search_term_string}\"},\"query-input\":{\"@type\":\"PropertyValueSpecification\",\"valueRequired\":true,\"valueName\":\"search_term_string\"}}],\"inLanguage\":\"cs\"},{\"@type\":[\"Organization\",\"Place\"],\"@id\":\"https:\\\/\\\/www.dpmhk.cz\\\/cz\\\/#organization\",\"name\":\"Dopravn\u00ed podnik m\u011bsta Hradce Kr\u00e1lov\u00e9, a.s.\",\"alternateName\":\"DPmHK\",\"url\":\"https:\\\/\\\/www.dpmhk.cz\\\/cz\\\/\",\"logo\":{\"@id\":\"https:\\\/\\\/www.dpmhk.cz\\\/ostatni-sluzby\\\/servis-vozidel\\\/servis-vozidel\\\/#local-main-organization-logo\"},\"image\":{\"@id\":\"https:\\\/\\\/www.dpmhk.cz\\\/ostatni-sluzby\\\/servis-vozidel\\\/servis-vozidel\\\/#local-main-organization-logo\"},\"sameAs\":[\"https:\\\/\\\/www.facebook.com\\\/dopravnipodnikhk\\\/\",\"https:\\\/\\\/www.instagram.com\\\/dopravnipodnikhk\\\/\",\"https:\\\/\\\/www.youtube.com\\\/@dopravnipodnik-hk\"],\"legalName\":\"Dopravn\u00ed podnik m\u011bsta Hradce Kr\u00e1lov\u00e9, a.s.\",\"foundingDate\":\"1948-04-26\",\"numberOfEmployees\":{\"@type\":\"QuantitativeValue\",\"minValue\":\"201\",\"maxValue\":\"500\"},\"ownershipFundingInfo\":\"https:\\\/\\\/www.dpmhk.cz\\\/cz\\\/o-nas\\\/o-spolecnosti\\\/\",\"actionableFeedbackPolicy\":\"https:\\\/\\\/www.dpmhk.cz\\\/cz\\\/o-nas\\\/dokumenty-formulare\\\/\",\"ethicsPolicy\":\"https:\\\/\\\/www.dpmhk.cz\\\/cz\\\/o-nas\\\/o-spolecnosti\\\/\",\"diversityStaffingReport\":\"https:\\\/\\\/www.dpmhk.cz\\\/cz\\\/kariera\\\/\",\"address\":{\"@id\":\"https:\\\/\\\/www.dpmhk.cz\\\/ostatni-sluzby\\\/servis-vozidel\\\/servis-vozidel\\\/#local-main-place-address\"},\"telephone\":[\"+420 495 089 271\",\"+420 495 546 095\"],\"contactPoint\":{\"@type\":\"ContactPoint\",\"email\":\"info@dpmhk.cz\"},\"openingHoursSpecification\":[{\"@type\":\"OpeningHoursSpecification\",\"dayOfWeek\":[\"Monday\",\"Wednesday\"],\"opens\":\"07:00\",\"closes\":\"17:00\"},{\"@type\":\"OpeningHoursSpecification\",\"dayOfWeek\":[\"Tuesday\",\"Thursday\"],\"opens\":\"07:00\",\"closes\":\"16:30\"},{\"@type\":\"OpeningHoursSpecification\",\"dayOfWeek\":[\"Friday\"],\"opens\":\"07:00\",\"closes\":\"15:00\"},{\"@type\":\"OpeningHoursSpecification\",\"dayOfWeek\":[\"Saturday\",\"Sunday\"],\"opens\":\"00:00\",\"closes\":\"00:00\"}],\"vatID\":\"CZ25267213\",\"taxID\":\"25267213\"},{\"@type\":\"PostalAddress\",\"@id\":\"https:\\\/\\\/www.dpmhk.cz\\\/ostatni-sluzby\\\/servis-vozidel\\\/servis-vozidel\\\/#local-main-place-address\",\"streetAddress\":\"Pouchovsk\u00e1 153\",\"addressLocality\":\"Hradec Kr\u00e1lov\u00e9\",\"postalCode\":\"500 03\",\"addressRegion\":\"Aktivn\u00ed\",\"addressCountry\":\"CZ\"},{\"@type\":\"ImageObject\",\"inLanguage\":\"cs\",\"@id\":\"https:\\\/\\\/www.dpmhk.cz\\\/ostatni-sluzby\\\/servis-vozidel\\\/servis-vozidel\\\/#local-main-organization-logo\",\"url\":\"https:\\\/\\\/www.dpmhk.cz\\\/wp-content\\\/uploads\\\/2025\\\/11\\\/DP_HK_Logo_cerne2025-1.svg\",\"contentUrl\":\"https:\\\/\\\/www.dpmhk.cz\\\/wp-content\\\/uploads\\\/2025\\\/11\\\/DP_HK_Logo_cerne2025-1.svg\",\"width\":123,\"height\":60,\"caption\":\"Dopravn\u00ed podnik m\u011bsta Hradce Kr\u00e1lov\u00e9, a.s.\"}]}<\/script>\n<meta name=\"geo.placename\" content=\"Hradec Kr\u00e1lov\u00e9\" \/>\n<meta name=\"geo.region\" content=\"\u010cesk\u00e1 republika\" \/>\n<!-- \/ Yoast SEO Premium plugin. -->","yoast_head_json":{"title":"Osobn\u00ed a dod\u00e1vky - Dopravn\u00ed podnik m\u011bsta Hradce Kr\u00e1lov\u00e9","description":"Servis osobn\u00edch vozidel a dod\u00e1vek DPmHK: myt\u00ed vozidel, antikorozn\u00ed ochrana - n\u00e1st\u0159ik podvozku a dutin, tribodiagnostika olej\u016f.","robots":{"index":"index","follow":"follow","max-snippet":"max-snippet:-1","max-image-preview":"max-image-preview:large","max-video-preview":"max-video-preview:-1"},"canonical":"https:\/\/www.dpmhk.cz\/cz\/ostatni-sluzby\/servis-vozidel\/servis-vozidel\/","og_locale":"cs_CZ","og_type":"article","og_title":"Osobn\u00ed a dod\u00e1vky","og_description":"Servis osobn\u00edch vozidel a dod\u00e1vek DPmHK: myt\u00ed vozidel, antikorozn\u00ed ochrana - n\u00e1st\u0159ik podvozku a dutin, tribodiagnostika olej\u016f.","og_url":"https:\/\/www.dpmhk.cz\/cz\/ostatni-sluzby\/servis-vozidel\/servis-vozidel\/","og_site_name":"Dopravn\u00ed podnik m\u011bsta Hradce Kr\u00e1lov\u00e9","article_publisher":"https:\/\/www.facebook.com\/dopravnipodnikhk\/","article_modified_time":"2026-01-30T12:34:29+00:00","og_image":[{"url":"https:\/\/www.dpmhk.cz\/wp-content\/uploads\/2026\/01\/antikoroze.jpg","type":"","width":"","height":""}],"twitter_card":"summary_large_image","twitter_misc":{"Odhadovan\u00e1 doba \u010dten\u00ed":"2 minuty"},"schema":{"@context":"https:\/\/schema.org","@graph":[{"@type":"WebPage","@id":"https:\/\/www.dpmhk.cz\/ostatni-sluzby\/servis-vozidel\/servis-vozidel\/","url":"https:\/\/www.dpmhk.cz\/ostatni-sluzby\/servis-vozidel\/servis-vozidel\/","name":"Osobn\u00ed a dod\u00e1vky - Dopravn\u00ed podnik m\u011bsta Hradce Kr\u00e1lov\u00e9","isPartOf":{"@id":"https:\/\/www.dpmhk.cz\/cz\/#website"},"primaryImageOfPage":{"@id":"https:\/\/www.dpmhk.cz\/ostatni-sluzby\/servis-vozidel\/servis-vozidel\/#primaryimage"},"image":{"@id":"https:\/\/www.dpmhk.cz\/ostatni-sluzby\/servis-vozidel\/servis-vozidel\/#primaryimage"},"thumbnailUrl":"https:\/\/www.dpmhk.cz\/wp-content\/uploads\/2026\/01\/antikoroze.jpg","datePublished":"2025-11-19T07:53:50+00:00","dateModified":"2026-01-30T12:34:29+00:00","description":"Servis osobn\u00edch vozidel a dod\u00e1vek DPmHK: myt\u00ed vozidel, antikorozn\u00ed ochrana - n\u00e1st\u0159ik podvozku a dutin, tribodiagnostika olej\u016f.","breadcrumb":{"@id":"https:\/\/www.dpmhk.cz\/ostatni-sluzby\/servis-vozidel\/servis-vozidel\/#breadcrumb"},"inLanguage":"cs","potentialAction":[{"@type":"ReadAction","target":["https:\/\/www.dpmhk.cz\/ostatni-sluzby\/servis-vozidel\/servis-vozidel\/"]}]},{"@type":"ImageObject","inLanguage":"cs","@id":"https:\/\/www.dpmhk.cz\/ostatni-sluzby\/servis-vozidel\/servis-vozidel\/#primaryimage","url":"https:\/\/www.dpmhk.cz\/wp-content\/uploads\/2026\/01\/antikoroze.jpg","contentUrl":"https:\/\/www.dpmhk.cz\/wp-content\/uploads\/2026\/01\/antikoroze.jpg"},{"@type":"BreadcrumbList","@id":"https:\/\/www.dpmhk.cz\/ostatni-sluzby\/servis-vozidel\/servis-vozidel\/#breadcrumb","itemListElement":[{"@type":"ListItem","position":1,"name":"Dom\u016f","item":"https:\/\/www.dpmhk.cz\/cz\/"},{"@type":"ListItem","position":2,"name":"Ostatn\u00ed slu\u017eby","item":"https:\/\/www.dpmhk.cz\/ostatni-sluzby\/"},{"@type":"ListItem","position":3,"name":"Servis vozidel","item":"https:\/\/www.dpmhk.cz\/ostatni-sluzby\/servis-vozidel\/"},{"@type":"ListItem","position":4,"name":"Osobn\u00ed a dod\u00e1vky"}]},{"@type":"WebSite","@id":"https:\/\/www.dpmhk.cz\/cz\/#website","url":"https:\/\/www.dpmhk.cz\/cz\/","name":"Dopravn\u00ed podnik m\u011bsta Hradce Kr\u00e1lov\u00e9","description":"Ofici\u00e1ln\u00ed webov\u00e9 str\u00e1nky","publisher":{"@id":"https:\/\/www.dpmhk.cz\/cz\/#organization"},"alternateName":"Dopravn\u00ed podnik m\u011bsta Hradce Kr\u00e1lov\u00e9","potentialAction":[{"@type":"SearchAction","target":{"@type":"EntryPoint","urlTemplate":"https:\/\/www.dpmhk.cz\/cz\/?s={search_term_string}"},"query-input":{"@type":"PropertyValueSpecification","valueRequired":true,"valueName":"search_term_string"}}],"inLanguage":"cs"},{"@type":["Organization","Place"],"@id":"https:\/\/www.dpmhk.cz\/cz\/#organization","name":"Dopravn\u00ed podnik m\u011bsta Hradce Kr\u00e1lov\u00e9, a.s.","alternateName":"DPmHK","url":"https:\/\/www.dpmhk.cz\/cz\/","logo":{"@id":"https:\/\/www.dpmhk.cz\/ostatni-sluzby\/servis-vozidel\/servis-vozidel\/#local-main-organization-logo"},"image":{"@id":"https:\/\/www.dpmhk.cz\/ostatni-sluzby\/servis-vozidel\/servis-vozidel\/#local-main-organization-logo"},"sameAs":["https:\/\/www.facebook.com\/dopravnipodnikhk\/","https:\/\/www.instagram.com\/dopravnipodnikhk\/","https:\/\/www.youtube.com\/@dopravnipodnik-hk"],"legalName":"Dopravn\u00ed podnik m\u011bsta Hradce Kr\u00e1lov\u00e9, a.s.","foundingDate":"1948-04-26","numberOfEmployees":{"@type":"QuantitativeValue","minValue":"201","maxValue":"500"},"ownershipFundingInfo":"https:\/\/www.dpmhk.cz\/cz\/o-nas\/o-spolecnosti\/","actionableFeedbackPolicy":"https:\/\/www.dpmhk.cz\/cz\/o-nas\/dokumenty-formulare\/","ethicsPolicy":"https:\/\/www.dpmhk.cz\/cz\/o-nas\/o-spolecnosti\/","diversityStaffingReport":"https:\/\/www.dpmhk.cz\/cz\/kariera\/","address":{"@id":"https:\/\/www.dpmhk.cz\/ostatni-sluzby\/servis-vozidel\/servis-vozidel\/#local-main-place-address"},"telephone":["+420 495 089 271","+420 495 546 095"],"contactPoint":{"@type":"ContactPoint","email":"info@dpmhk.cz"},"openingHoursSpecification":[{"@type":"OpeningHoursSpecification","dayOfWeek":["Monday","Wednesday"],"opens":"07:00","closes":"17:00"},{"@type":"OpeningHoursSpecification","dayOfWeek":["Tuesday","Thursday"],"opens":"07:00","closes":"16:30"},{"@type":"OpeningHoursSpecification","dayOfWeek":["Friday"],"opens":"07:00","closes":"15:00"},{"@type":"OpeningHoursSpecification","dayOfWeek":["Saturday","Sunday"],"opens":"00:00","closes":"00:00"}],"vatID":"CZ25267213","taxID":"25267213"},{"@type":"PostalAddress","@id":"https:\/\/www.dpmhk.cz\/ostatni-sluzby\/servis-vozidel\/servis-vozidel\/#local-main-place-address","streetAddress":"Pouchovsk\u00e1 153","addressLocality":"Hradec Kr\u00e1lov\u00e9","postalCode":"500 03","addressRegion":"Aktivn\u00ed","addressCountry":"CZ"},{"@type":"ImageObject","inLanguage":"cs","@id":"https:\/\/www.dpmhk.cz\/ostatni-sluzby\/servis-vozidel\/servis-vozidel\/#local-main-organization-logo","url":"https:\/\/www.dpmhk.cz\/wp-content\/uploads\/2025\/11\/DP_HK_Logo_cerne2025-1.svg","contentUrl":"https:\/\/www.dpmhk.cz\/wp-content\/uploads\/2025\/11\/DP_HK_Logo_cerne2025-1.svg","width":123,"height":60,"caption":"Dopravn\u00ed podnik m\u011bsta Hradce Kr\u00e1lov\u00e9, a.s."}]},"geo.placename":"Hradec Kr\u00e1lov\u00e9","geo.region":"\u010cesk\u00e1 republika"},"_links":{"self":[{"href":"https:\/\/www.dpmhk.cz\/cz\/wp-json\/wp\/v2\/pages\/7372","targetHints":{"allow":["GET"]}}],"collection":[{"href":"https:\/\/www.dpmhk.cz\/cz\/wp-json\/wp\/v2\/pages"}],"about":[{"href":"https:\/\/www.dpmhk.cz\/cz\/wp-json\/wp\/v2\/types\/page"}],"author":[{"embeddable":true,"href":"https:\/\/www.dpmhk.cz\/cz\/wp-json\/wp\/v2\/users\/4"}],"replies":[{"embeddable":true,"href":"https:\/\/www.dpmhk.cz\/cz\/wp-json\/wp\/v2\/comments?post=7372"}],"version-history":[{"count":5,"href":"https:\/\/www.dpmhk.cz\/cz\/wp-json\/wp\/v2\/pages\/7372\/revisions"}],"predecessor-version":[{"id":17477,"href":"https:\/\/www.dpmhk.cz\/cz\/wp-json\/wp\/v2\/pages\/7372\/revisions\/17477"}],"up":[{"embeddable":true,"href":"https:\/\/www.dpmhk.cz\/cz\/wp-json\/wp\/v2\/pages\/7056"}],"wp:attachment":[{"href":"https:\/\/www.dpmhk.cz\/cz\/wp-json\/wp\/v2\/media?parent=7372"}],"curies":[{"name":"wp","href":"https:\/\/api.w.org\/{rel}","templated":true}]}}