{"id":108,"date":"2025-09-18T17:49:13","date_gmt":"2025-09-18T15:49:13","guid":{"rendered":"https:\/\/www.dopravnipodnikhk.cz\/?page_id=108"},"modified":"2026-03-26T22:02:54","modified_gmt":"2026-03-26T21:02:54","slug":"departures","status":"publish","type":"page","link":"https:\/\/www.dpmhk.cz\/en\/jizdni-rady\/jizdni-rady-vyhledavani\/odjezdy\/","title":{"rendered":"Departures"},"content":{"rendered":"<div data-elementor-type=\"wp-page\" data-elementor-id=\"108\" class=\"elementor elementor-108\" wpc-filter-elementor-widget=\"1\" data-elementor-post-type=\"page\">\n\t\t\t\t<div class=\"elementor-element elementor-element-80851c5 e-flex e-con-boxed e-con e-parent\" data-id=\"80851c5\" data-element_type=\"container\" data-e-type=\"container\">\n\t\t\t\t\t<div class=\"e-con-inner\">\n\t\t\t\t<div class=\"elementor-element elementor-element-62d90eb elementor-widget elementor-widget-breadcrumbs\" data-id=\"62d90eb\" data-element_type=\"widget\" data-e-type=\"widget\" data-widget_type=\"breadcrumbs.default\">\n\t\t\t\t<div class=\"elementor-widget-container\">\n\t\t\t\t\t<p id=\"breadcrumbs\"><span><span><a href=\"https:\/\/www.dpmhk.cz\/en\/\"><span class=\"fa fa-home\" aria-hidden=\"true\"><\/span><span class=\"screen-reader-text\">Home<\/span><\/a><\/span><\/span><\/p>\t\t\t\t<\/div>\n\t\t\t\t<\/div>\n\t\t\t\t\t<\/div>\n\t\t\t\t<\/div>\n\t\t<div class=\"elementor-element elementor-element-41a411e e-flex e-con-boxed e-con e-parent\" data-id=\"41a411e\" data-element_type=\"container\" data-e-type=\"container\" data-settings=\"{&quot;background_background&quot;:&quot;classic&quot;}\">\n\t\t\t\t\t<div class=\"e-con-inner\">\n\t\t\t\t<div class=\"elementor-element elementor-element-9034a08 elementor-widget elementor-widget-shortcode\" data-id=\"9034a08\" data-element_type=\"widget\" data-e-type=\"widget\" data-widget_type=\"shortcode.default\">\n\t\t\t\t<div class=\"elementor-widget-container\">\n\t\t\t\t\t\t\t<div class=\"elementor-shortcode\"><div class=\"form-container\">\n    <div class=\"main-container\">\n        <div class=\"headers\">\n                <div class=\"header-container\" >\n                    <p>Link<\/p>\n                <\/div>\n                <div class=\"header-container\" >\n                    <p>Timetables<\/p>\n                <\/div>\n                <div class=\"header-container\" id=\"selected-header\">\n                    <p>Departures<\/p>\n                <\/div>\n            <\/div>\n\n        <div class=\"spoj-container hidden\">\n            <div class=\"map-container hidden\">\n                <div id=\"map\"><\/div>\n            <\/div>\n            <form class=\"vyhledavac-form\" method=\"post\" action=\"\">\n                <div class=\"input\">\n                    <label for=\"departure-input\">From<\/label>\n                    <div class=\"separator-line\"><\/div>\n                    <input  id=\"departure-input\" type=\"text\" placeholder=\"Select a stop\" autocomplete=\"off\" readonly onfocus=\"this.removeAttribute('readonly');\" \/>\n                    <div id=\"departure-items\" class=\"search-items-container hidden\">\n                        <ul class=\"search-items\"><\/ul>\n                    <\/div>\n                <\/div>\n\n                <div id=\"swap-btn\" class=\"switch-btn\">\n                    <img decoding=\"async\" src=\"https:\/\/www.dpmhk.cz\/wp-content\/plugins\/Spoje-vyhledavac\/assets\/styles\/swap.svg\"\n                        alt=\"swap\" width=\"30\" height=\"30\" \/>\n                    <a href=\"#\"><\/a>\n                <\/div>\n\n                <div class=\"input\">\n                    <label for=\"arrival-input\">Where to<\/label>\n                    <div class=\"separator-line\"><\/div>\n                    <input  id=\"arrival-input\" type=\"text\" placeholder=\"Select a stop\" autocomplete=\"off\" readonly onfocus=\"this.removeAttribute('readonly');\" \/>\n                    <div id=\"arrival-items\" class=\"search-items-container hidden\">\n                        <ul class=\"search-items\"><\/ul>\n                    <\/div>\n                <\/div>\n\n                <div class=\"dateSelection\">\n                    <div class=\"dateInput\">\n                        <input id=\"myDate\" type=\"date\" \/>\n                    <\/div>\n                    <div class=\"timeInput\">\n                        <input id=\"timeInput\" type=\"time\" \/>\n                    <\/div>\n                <\/div>\n                <div id=\"loading-circle0\" class=\"loading hidden\"><\/div>\n                <button id=\"submit-btn\" type=\"submit\">Retrieved from<\/button>\n            <input type=\"hidden\" name=\"trp-form-language\" value=\"en\"\/><\/form>\n        <\/div>\n\n        <div class=\"spoj-container hidden\">\n\t\t\t<form class=\"vyhledavac-form\" method=\"post\" action=\"\">\n\t\t\t\t<div class=\"input\">\n\t\t\t\t\t<label for=\"lines-input\">Line<\/label>\n\t\t\t\t\t<div class=\"separator-line\"><\/div>\n\t\t\t\t\t<input id=\"lines-input\" type=\"text\" placeholder=\"Select a line\" autocomplete=\"off\" readonly onfocus=\"this.removeAttribute('readonly');\"\/>\n\t\t\t\t\t<div id=\"lines-items\" class=\"search-items-container hidden\">\n\t\t\t\t\t\t<ul class=\"search-items\"><\/ul>\n\t\t\t\t\t<\/div>\n\t\t\t\t<\/div>\n\n\t\t\t\t<div class=\"input\">\n\t\t\t\t\t<label for=\"direction-input\">Directions<\/label>\n\t\t\t\t\t<div class=\"separator-line\"><\/div>\n\t\t\t\t\t<input id=\"direction-input\" type=\"text\" placeholder=\"Select direction\" readonly onfocus=\"this.removeAttribute('readonly');\" \/>\n\t\t\t\t\t<div id=\"direction-items\" class=\"search-items-container hidden\">\n\t\t\t\t\t\t<ul class=\"search-items\"><\/ul>\n\t\t\t\t\t<\/div>\n\t\t\t\t<\/div>\n\n\t\t\t\t<div class=\"input\">\n\t\t\t\t\t<label for=\"station-input\">Stop<\/label>\n\t\t\t\t\t<div class=\"separator-line\"><\/div>\n\t\t\t\t\t<input id=\"station-input\" type=\"text\" placeholder=\"Select a stop\" autocomplete=\"off\" readonly onfocus=\"this.removeAttribute('readonly');\" \/>\n\t\t\t\t\t<div id=\"stations-items\" class=\"search-items-container hidden\">\n\t\t\t\t\t\t<ul class=\"search-items\"><\/ul>\n\t\t\t\t\t<\/div>\n\t\t\t\t<\/div>\n\n\t\t\t\t<div class=\"input\">\n\t\t\t\t\t<label for=\"JRdate\">Date<\/label>\n\t\t\t\t\t<div class=\"separator-line\"><\/div>\n\t\t\t\t\t<input id=\"JRdate\" type=\"date\" \/>\n\t\t\t\t<\/div>\n\t\t\t\t<div id=\"loading-circle1\" class=\"loading hidden\"><\/div>\n\t\t\t\t<button class=\"submitBtn\" id=\"JRsubmit-btn\">Retrieved from<\/button>\n\t\t\t<input type=\"hidden\" name=\"trp-form-language\" value=\"en\"\/><\/form>\n\t\t<\/div>\n        <div class=\"spoj-container\">\n            <form class=\"vyhledavac-form\" method=\"post\" action=\"\">\n                <div class=\"input\">\n                    <label for=\"Dep-station-input\">From the bus stop<\/label>\n                    <div class=\"separator-line\"><\/div>\n                    <input  id=\"Dep-station-input\" type=\"text\" placeholder=\"Select a stop\" autocomplete=\"off\" readonly onfocus=\"this.removeAttribute('readonly');\" \/>\n                    <div id=\"Dep-stations-items\" class=\"search-items-container hidden\">\n                        <ul class=\"search-items\"><\/ul>\n                    <\/div>\n                <\/div>\n\n                <div class=\"input\">\n                    <label for=\"Dep-date\">Date<\/label>\n                    <div class=\"separator-line\"><\/div>\n                    <input id=\"Dep-date\" type=\"date\" \/>\n                <\/div>\n                <div id=\"loading-circle2\" class=\"loading hidden\"><\/div>\n                <button class=\"submitBtn\" id=\"Dep-submit-btn\">Retrieved from<\/button>\n            <input type=\"hidden\" name=\"trp-form-language\" value=\"en\"\/><\/form>\n        <\/div>\n    <\/div>\n<\/div>\n\n<\/div>\n\t\t\t\t\t\t<\/div>\n\t\t\t\t<\/div>\n\t\t\t\t\t<\/div>\n\t\t\t\t<\/div>\n\t\t<div class=\"elementor-element elementor-element-b261f11 e-flex e-con-boxed e-con e-parent\" data-id=\"b261f11\" data-element_type=\"container\" data-e-type=\"container\">\n\t\t\t\t\t<div class=\"e-con-inner\">\n\t\t\t\t<div class=\"elementor-element elementor-element-27cc9d2 elementor-widget elementor-widget-shortcode\" data-id=\"27cc9d2\" data-element_type=\"widget\" data-e-type=\"widget\" data-widget_type=\"shortcode.default\">\n\t\t\t\t<div class=\"elementor-widget-container\">\n\t\t\t\t\t\t\t<div class=\"elementor-shortcode\"><h1 style=\"font-size: 30px; text-align: center; font-weight: 700;\">\n\tCurrent departures:\n<\/h1>\n<h2 class=\"departure-text\" style=\"font-size: 30px;\">\n<\/h2>\n\n\n<div class=\"main-container\" >\n\t<div id=\"odjezdy-container\">\n    \t<div id=\"station-name\"><\/div>\n\t<\/div>\n\t<div class=\"button-container\">\n\t\t\t<button id=\"back-button\">\n\t\t\t\tBack\n\t\t\t<\/button>\n\t\t\t<button id=\"ticket-button\">\n\t\t\t\tTickets\n\t\t\t<\/button>\n    <\/div>\n<\/div>\n\n<\/div>\n\t\t\t\t\t\t<\/div>\n\t\t\t\t<\/div>\n\t\t\t\t\t<\/div>\n\t\t\t\t<\/div>\n\t\t\t\t<\/div>","protected":false},"excerpt":{"rendered":"","protected":false},"author":2,"featured_media":0,"parent":96,"menu_order":0,"comment_status":"closed","ping_status":"closed","template":"","meta":{"_acf_changed":false,"footnotes":""},"class_list":["post-108","page","type-page","status-publish","hentry"],"acf":[],"yoast_head":"<!-- This site is optimized with the Yoast SEO Premium plugin v27.4 (Yoast SEO v27.4) - https:\/\/yoast.com\/product\/yoast-seo-premium-wordpress\/ -->\n<title>Odjezdy vyhledan\u00e9 v j\u00edzdn\u00edch \u0159\u00e1dech v re\u00e1ln\u00e9m \u010dase - Dopravn\u00ed podnik m\u011bsta Hradce Kr\u00e1lov\u00e9<\/title>\n<meta name=\"description\" content=\"Odjezdy vyhledan\u00e9 v j\u00edzdn\u00edch \u0159\u00e1dech podle V\u00e1mi zadan\u00fdch \u00fadaj\u016f - odkud, kam, v jak\u00fd den, v jak\u00fd \u010das. P\u0159ehledn\u011b a jasn\u011b.\" \/>\n<meta name=\"robots\" content=\"index, follow, max-snippet:-1, max-image-preview:large, max-video-preview:-1\" \/>\n<link rel=\"canonical\" href=\"https:\/\/www.dpmhk.cz\/en\/driving-tips\/driving-advice-search\/departures\/\" \/>\n<meta property=\"og:locale\" content=\"en_US\" \/>\n<meta property=\"og:type\" content=\"article\" \/>\n<meta property=\"og:title\" content=\"Odjezdy\" \/>\n<meta property=\"og:description\" content=\"Odjezdy vyhledan\u00e9 v j\u00edzdn\u00edch \u0159\u00e1dech podle V\u00e1mi zadan\u00fdch \u00fadaj\u016f - odkud, kam, v jak\u00fd den, v jak\u00fd \u010das. P\u0159ehledn\u011b a jasn\u011b.\" \/>\n<meta property=\"og:url\" content=\"https:\/\/www.dpmhk.cz\/en\/driving-tips\/driving-advice-search\/departures\/\" \/>\n<meta property=\"og:site_name\" content=\"Dopravn\u00ed podnik m\u011bsta Hradce Kr\u00e1lov\u00e9\" \/>\n<meta property=\"article:publisher\" content=\"https:\/\/www.facebook.com\/dopravnipodnikhk\/\" \/>\n<meta property=\"article:modified_time\" content=\"2026-03-26T21:02:54+00:00\" \/>\n<meta property=\"og:image\" content=\"https:\/\/www.dpmhk.cz\/wp-content\/uploads\/2025\/11\/dopravni-podnik-hk-oznacnik-zastavka.jpg\" \/>\n\t<meta property=\"og:image:width\" content=\"1600\" \/>\n\t<meta property=\"og:image:height\" content=\"1067\" \/>\n\t<meta property=\"og:image:type\" content=\"image\/jpeg\" \/>\n<meta name=\"twitter:card\" content=\"summary_large_image\" \/>\n<meta name=\"twitter:label1\" content=\"Est. reading time\" \/>\n\t<meta name=\"twitter:data1\" content=\"1 minute\" \/>\n<script type=\"application\/ld+json\" class=\"yoast-schema-graph\">{\"@context\":\"https:\\\/\\\/schema.org\",\"@graph\":[{\"@type\":\"WebPage\",\"@id\":\"https:\\\/\\\/www.dpmhk.cz\\\/cz\\\/jizdni-rady\\\/jizdni-rady-vyhledavani\\\/odjezdy\\\/\",\"url\":\"https:\\\/\\\/www.dpmhk.cz\\\/cz\\\/jizdni-rady\\\/jizdni-rady-vyhledavani\\\/odjezdy\\\/\",\"name\":\"Odjezdy vyhledan\u00e9 v j\u00edzdn\u00edch \u0159\u00e1dech v re\u00e1ln\u00e9m \u010dase - Dopravn\u00ed podnik m\u011bsta Hradce Kr\u00e1lov\u00e9\",\"isPartOf\":{\"@id\":\"https:\\\/\\\/www.dpmhk.cz\\\/cz\\\/#website\"},\"datePublished\":\"2025-09-18T15:49:13+00:00\",\"dateModified\":\"2026-03-26T21:02:54+00:00\",\"description\":\"Odjezdy vyhledan\u00e9 v j\u00edzdn\u00edch \u0159\u00e1dech podle V\u00e1mi zadan\u00fdch \u00fadaj\u016f - odkud, kam, v jak\u00fd den, v jak\u00fd \u010das. P\u0159ehledn\u011b a jasn\u011b.\",\"breadcrumb\":{\"@id\":\"https:\\\/\\\/www.dpmhk.cz\\\/cz\\\/jizdni-rady\\\/jizdni-rady-vyhledavani\\\/odjezdy\\\/#breadcrumb\"},\"inLanguage\":\"en-US\",\"potentialAction\":[{\"@type\":\"ReadAction\",\"target\":[\"https:\\\/\\\/www.dpmhk.cz\\\/cz\\\/jizdni-rady\\\/jizdni-rady-vyhledavani\\\/odjezdy\\\/\"]}]},{\"@type\":\"BreadcrumbList\",\"@id\":\"https:\\\/\\\/www.dpmhk.cz\\\/cz\\\/jizdni-rady\\\/jizdni-rady-vyhledavani\\\/odjezdy\\\/#breadcrumb\",\"itemListElement\":[{\"@type\":\"ListItem\",\"position\":1,\"name\":\"Dom\u016f\",\"item\":\"https:\\\/\\\/www.dpmhk.cz\\\/\"},{\"@type\":\"ListItem\",\"position\":2,\"name\":\"J\u00edzdn\u00ed \u0159\u00e1dy\",\"item\":\"https:\\\/\\\/www.dpmhk.cz\\\/cz\\\/jizdni-rady\\\/\"},{\"@type\":\"ListItem\",\"position\":3,\"name\":\"Vyhled\u00e1v\u00e1n\u00ed v j\u00edzdn\u00edch \u0159\u00e1dech\",\"item\":\"https:\\\/\\\/www.dpmhk.cz\\\/cz\\\/jizdni-rady\\\/jizdni-rady-vyhledavani\\\/\"},{\"@type\":\"ListItem\",\"position\":4,\"name\":\"Odjezdy\"}]},{\"@type\":\"WebSite\",\"@id\":\"https:\\\/\\\/www.dpmhk.cz\\\/cz\\\/#website\",\"url\":\"https:\\\/\\\/www.dpmhk.cz\\\/cz\\\/\",\"name\":\"Dopravn\u00ed podnik m\u011bsta Hradce Kr\u00e1lov\u00e9\",\"description\":\"Ofici\u00e1ln\u00ed webov\u00e9 str\u00e1nky\",\"publisher\":{\"@id\":\"https:\\\/\\\/www.dpmhk.cz\\\/cz\\\/#organization\"},\"alternateName\":\"Dopravn\u00ed podnik m\u011bsta Hradce Kr\u00e1lov\u00e9\",\"potentialAction\":[{\"@type\":\"SearchAction\",\"target\":{\"@type\":\"EntryPoint\",\"urlTemplate\":\"https:\\\/\\\/www.dpmhk.cz\\\/cz\\\/?s={search_term_string}\"},\"query-input\":{\"@type\":\"PropertyValueSpecification\",\"valueRequired\":true,\"valueName\":\"search_term_string\"}}],\"inLanguage\":\"en-US\"},{\"@type\":[\"Organization\",\"Place\"],\"@id\":\"https:\\\/\\\/www.dpmhk.cz\\\/cz\\\/#organization\",\"name\":\"Dopravn\u00ed podnik m\u011bsta Hradce Kr\u00e1lov\u00e9, a.s.\",\"alternateName\":\"DPmHK\",\"url\":\"https:\\\/\\\/www.dpmhk.cz\\\/cz\\\/\",\"logo\":{\"@id\":\"https:\\\/\\\/www.dpmhk.cz\\\/cz\\\/jizdni-rady\\\/jizdni-rady-vyhledavani\\\/odjezdy\\\/#local-main-organization-logo\"},\"image\":{\"@id\":\"https:\\\/\\\/www.dpmhk.cz\\\/cz\\\/jizdni-rady\\\/jizdni-rady-vyhledavani\\\/odjezdy\\\/#local-main-organization-logo\"},\"sameAs\":[\"https:\\\/\\\/www.facebook.com\\\/dopravnipodnikhk\\\/\",\"https:\\\/\\\/www.instagram.com\\\/dopravnipodnikhk\\\/\",\"https:\\\/\\\/www.youtube.com\\\/@dopravnipodnik-hk\"],\"legalName\":\"Dopravn\u00ed podnik m\u011bsta Hradce Kr\u00e1lov\u00e9, a.s.\",\"foundingDate\":\"1948-04-26\",\"numberOfEmployees\":{\"@type\":\"QuantitativeValue\",\"minValue\":\"201\",\"maxValue\":\"500\"},\"ownershipFundingInfo\":\"https:\\\/\\\/www.dpmhk.cz\\\/cz\\\/o-nas\\\/o-spolecnosti\\\/\",\"actionableFeedbackPolicy\":\"https:\\\/\\\/www.dpmhk.cz\\\/cz\\\/o-nas\\\/dokumenty-formulare\\\/\",\"ethicsPolicy\":\"https:\\\/\\\/www.dpmhk.cz\\\/cz\\\/o-nas\\\/o-spolecnosti\\\/\",\"diversityStaffingReport\":\"https:\\\/\\\/www.dpmhk.cz\\\/cz\\\/kariera\\\/\",\"address\":{\"@id\":\"https:\\\/\\\/www.dpmhk.cz\\\/cz\\\/jizdni-rady\\\/jizdni-rady-vyhledavani\\\/odjezdy\\\/#local-main-place-address\"},\"telephone\":[\"+420 495 089 271\",\"+420 495 546 095\"],\"contactPoint\":{\"@type\":\"ContactPoint\",\"email\":\"info@dpmhk.cz\"},\"openingHoursSpecification\":[{\"@type\":\"OpeningHoursSpecification\",\"dayOfWeek\":[\"Monday\",\"Wednesday\"],\"opens\":\"07:00\",\"closes\":\"17:00\"},{\"@type\":\"OpeningHoursSpecification\",\"dayOfWeek\":[\"Tuesday\",\"Thursday\"],\"opens\":\"07:00\",\"closes\":\"16:30\"},{\"@type\":\"OpeningHoursSpecification\",\"dayOfWeek\":[\"Friday\"],\"opens\":\"07:00\",\"closes\":\"15:00\"},{\"@type\":\"OpeningHoursSpecification\",\"dayOfWeek\":[\"Saturday\",\"Sunday\"],\"opens\":\"00:00\",\"closes\":\"00:00\"}],\"vatID\":\"CZ25267213\",\"taxID\":\"25267213\"},{\"@type\":\"PostalAddress\",\"@id\":\"https:\\\/\\\/www.dpmhk.cz\\\/cz\\\/jizdni-rady\\\/jizdni-rady-vyhledavani\\\/odjezdy\\\/#local-main-place-address\",\"streetAddress\":\"Pouchovsk\u00e1 153\",\"addressLocality\":\"Hradec Kr\u00e1lov\u00e9\",\"postalCode\":\"500 03\",\"addressRegion\":\"Aktivn\u00ed\",\"addressCountry\":\"CZ\"},{\"@type\":\"ImageObject\",\"inLanguage\":\"en-US\",\"@id\":\"https:\\\/\\\/www.dpmhk.cz\\\/cz\\\/jizdni-rady\\\/jizdni-rady-vyhledavani\\\/odjezdy\\\/#local-main-organization-logo\",\"url\":\"https:\\\/\\\/www.dpmhk.cz\\\/wp-content\\\/uploads\\\/2025\\\/11\\\/DP_HK_Logo_cerne2025-1.svg\",\"contentUrl\":\"https:\\\/\\\/www.dpmhk.cz\\\/wp-content\\\/uploads\\\/2025\\\/11\\\/DP_HK_Logo_cerne2025-1.svg\",\"width\":123,\"height\":60,\"caption\":\"Dopravn\u00ed podnik m\u011bsta Hradce Kr\u00e1lov\u00e9, a.s.\"}]}<\/script>\n<meta name=\"geo.placename\" content=\"Hradec Kr\u00e1lov\u00e9\" \/>\n<meta name=\"geo.region\" content=\"Czech Republic\" \/>\n<!-- \/ Yoast SEO Premium plugin. -->","yoast_head_json":{"title":"Departures searched in timetables in real time - Hradec Kr\u00e1lov\u00e9 City Transport Company","description":"Departures searched in the timetables according to the data you entered - from where, to where, on what day, at what time. Clearly and clearly.","robots":{"index":"index","follow":"follow","max-snippet":"max-snippet:-1","max-image-preview":"max-image-preview:large","max-video-preview":"max-video-preview:-1"},"canonical":"https:\/\/www.dpmhk.cz\/en\/driving-tips\/driving-advice-search\/departures\/","og_locale":"en_US","og_type":"article","og_title":"Odjezdy","og_description":"Odjezdy vyhledan\u00e9 v j\u00edzdn\u00edch \u0159\u00e1dech podle V\u00e1mi zadan\u00fdch \u00fadaj\u016f - odkud, kam, v jak\u00fd den, v jak\u00fd \u010das. P\u0159ehledn\u011b a jasn\u011b.","og_url":"https:\/\/www.dpmhk.cz\/en\/driving-tips\/driving-advice-search\/departures\/","og_site_name":"Dopravn\u00ed podnik m\u011bsta Hradce Kr\u00e1lov\u00e9","article_publisher":"https:\/\/www.facebook.com\/dopravnipodnikhk\/","article_modified_time":"2026-03-26T21:02:54+00:00","og_image":[{"width":1600,"height":1067,"url":"https:\/\/www.dpmhk.cz\/wp-content\/uploads\/2025\/11\/dopravni-podnik-hk-oznacnik-zastavka.jpg","type":"image\/jpeg"}],"twitter_card":"summary_large_image","twitter_misc":{"Est. reading time":"1 minute"},"schema":{"@context":"https:\/\/schema.org","@graph":[{"@type":"WebPage","@id":"https:\/\/www.dpmhk.cz\/cz\/jizdni-rady\/jizdni-rady-vyhledavani\/odjezdy\/","url":"https:\/\/www.dpmhk.cz\/cz\/jizdni-rady\/jizdni-rady-vyhledavani\/odjezdy\/","name":"Departures searched in timetables in real time - Hradec Kr\u00e1lov\u00e9 City Transport Company","isPartOf":{"@id":"https:\/\/www.dpmhk.cz\/cz\/#website"},"datePublished":"2025-09-18T15:49:13+00:00","dateModified":"2026-03-26T21:02:54+00:00","description":"Departures searched in the timetables according to the data you entered - from where, to where, on what day, at what time. Clearly and clearly.","breadcrumb":{"@id":"https:\/\/www.dpmhk.cz\/cz\/jizdni-rady\/jizdni-rady-vyhledavani\/odjezdy\/#breadcrumb"},"inLanguage":"en-US","potentialAction":[{"@type":"ReadAction","target":["https:\/\/www.dpmhk.cz\/cz\/jizdni-rady\/jizdni-rady-vyhledavani\/odjezdy\/"]}]},{"@type":"BreadcrumbList","@id":"https:\/\/www.dpmhk.cz\/cz\/jizdni-rady\/jizdni-rady-vyhledavani\/odjezdy\/#breadcrumb","itemListElement":[{"@type":"ListItem","position":1,"name":"Dom\u016f","item":"https:\/\/www.dpmhk.cz\/"},{"@type":"ListItem","position":2,"name":"J\u00edzdn\u00ed \u0159\u00e1dy","item":"https:\/\/www.dpmhk.cz\/cz\/jizdni-rady\/"},{"@type":"ListItem","position":3,"name":"Vyhled\u00e1v\u00e1n\u00ed v j\u00edzdn\u00edch \u0159\u00e1dech","item":"https:\/\/www.dpmhk.cz\/cz\/jizdni-rady\/jizdni-rady-vyhledavani\/"},{"@type":"ListItem","position":4,"name":"Odjezdy"}]},{"@type":"WebSite","@id":"https:\/\/www.dpmhk.cz\/cz\/#website","url":"https:\/\/www.dpmhk.cz\/cz\/","name":"Hradec Kr\u00e1lov\u00e9 City Transport Company","description":"Official website","publisher":{"@id":"https:\/\/www.dpmhk.cz\/cz\/#organization"},"alternateName":"Dopravn\u00ed podnik m\u011bsta Hradce Kr\u00e1lov\u00e9","potentialAction":[{"@type":"SearchAction","target":{"@type":"EntryPoint","urlTemplate":"https:\/\/www.dpmhk.cz\/cz\/?s={search_term_string}"},"query-input":{"@type":"PropertyValueSpecification","valueRequired":true,"valueName":"search_term_string"}}],"inLanguage":"en-US"},{"@type":["Organization","Place"],"@id":"https:\/\/www.dpmhk.cz\/cz\/#organization","name":"Hradec Kr\u00e1lov\u00e9 City Transport Company, a.s.","alternateName":"DPmHK","url":"https:\/\/www.dpmhk.cz\/cz\/","logo":{"@id":"https:\/\/www.dpmhk.cz\/cz\/jizdni-rady\/jizdni-rady-vyhledavani\/odjezdy\/#local-main-organization-logo"},"image":{"@id":"https:\/\/www.dpmhk.cz\/cz\/jizdni-rady\/jizdni-rady-vyhledavani\/odjezdy\/#local-main-organization-logo"},"sameAs":["https:\/\/www.facebook.com\/dopravnipodnikhk\/","https:\/\/www.instagram.com\/dopravnipodnikhk\/","https:\/\/www.youtube.com\/@dopravnipodnik-hk"],"legalName":"Dopravn\u00ed podnik m\u011bsta Hradce Kr\u00e1lov\u00e9, a.s.","foundingDate":"1948-04-26","numberOfEmployees":{"@type":"QuantitativeValue","minValue":"201","maxValue":"500"},"ownershipFundingInfo":"https:\/\/www.dpmhk.cz\/cz\/o-nas\/o-spolecnosti\/","actionableFeedbackPolicy":"https:\/\/www.dpmhk.cz\/cz\/o-nas\/dokumenty-formulare\/","ethicsPolicy":"https:\/\/www.dpmhk.cz\/cz\/o-nas\/o-spolecnosti\/","diversityStaffingReport":"https:\/\/www.dpmhk.cz\/cz\/kariera\/","address":{"@id":"https:\/\/www.dpmhk.cz\/cz\/jizdni-rady\/jizdni-rady-vyhledavani\/odjezdy\/#local-main-place-address"},"telephone":["+420 495 089 271","+420 495 546 095"],"contactPoint":{"@type":"ContactPoint","email":"info@dpmhk.cz"},"openingHoursSpecification":[{"@type":"OpeningHoursSpecification","dayOfWeek":["Monday","Wednesday"],"opens":"07:00","closes":"17:00"},{"@type":"OpeningHoursSpecification","dayOfWeek":["Tuesday","Thursday"],"opens":"07:00","closes":"16:30"},{"@type":"OpeningHoursSpecification","dayOfWeek":["Friday"],"opens":"07:00","closes":"15:00"},{"@type":"OpeningHoursSpecification","dayOfWeek":["Saturday","Sunday"],"opens":"00:00","closes":"00:00"}],"vatID":"CZ25267213","taxID":"25267213"},{"@type":"PostalAddress","@id":"https:\/\/www.dpmhk.cz\/cz\/jizdni-rady\/jizdni-rady-vyhledavani\/odjezdy\/#local-main-place-address","streetAddress":"Pouchovsk\u00e1 153","addressLocality":"Hradec Kr\u00e1lov\u00e9","postalCode":"500 03","addressRegion":"Aktivn\u00ed","addressCountry":"CZ"},{"@type":"ImageObject","inLanguage":"en-US","@id":"https:\/\/www.dpmhk.cz\/cz\/jizdni-rady\/jizdni-rady-vyhledavani\/odjezdy\/#local-main-organization-logo","url":"https:\/\/www.dpmhk.cz\/wp-content\/uploads\/2025\/11\/DP_HK_Logo_cerne2025-1.svg","contentUrl":"https:\/\/www.dpmhk.cz\/wp-content\/uploads\/2025\/11\/DP_HK_Logo_cerne2025-1.svg","width":123,"height":60,"caption":"Dopravn\u00ed podnik m\u011bsta Hradce Kr\u00e1lov\u00e9, a.s."}]},"geo.placename":"Hradec Kr\u00e1lov\u00e9","geo.region":"Czech Republic"},"_links":{"self":[{"href":"https:\/\/www.dpmhk.cz\/en\/wp-json\/wp\/v2\/pages\/108","targetHints":{"allow":["GET"]}}],"collection":[{"href":"https:\/\/www.dpmhk.cz\/en\/wp-json\/wp\/v2\/pages"}],"about":[{"href":"https:\/\/www.dpmhk.cz\/en\/wp-json\/wp\/v2\/types\/page"}],"author":[{"embeddable":true,"href":"https:\/\/www.dpmhk.cz\/en\/wp-json\/wp\/v2\/users\/2"}],"replies":[{"embeddable":true,"href":"https:\/\/www.dpmhk.cz\/en\/wp-json\/wp\/v2\/comments?post=108"}],"version-history":[{"count":5,"href":"https:\/\/www.dpmhk.cz\/en\/wp-json\/wp\/v2\/pages\/108\/revisions"}],"predecessor-version":[{"id":22377,"href":"https:\/\/www.dpmhk.cz\/en\/wp-json\/wp\/v2\/pages\/108\/revisions\/22377"}],"up":[{"embeddable":true,"href":"https:\/\/www.dpmhk.cz\/en\/wp-json\/wp\/v2\/pages\/96"}],"wp:attachment":[{"href":"https:\/\/www.dpmhk.cz\/en\/wp-json\/wp\/v2\/media?parent=108"}],"curies":[{"name":"wp","href":"https:\/\/api.w.org\/{rel}","templated":true}]}}