{"id":18983,"date":"2026-02-16T07:43:05","date_gmt":"2026-02-16T06:43:05","guid":{"rendered":"https:\/\/www.dpmhk.cz\/?page_id=18983"},"modified":"2026-02-16T09:29:08","modified_gmt":"2026-02-16T08:29:08","slug":"policy-and-objectives-2025-2027","status":"publish","type":"page","link":"https:\/\/www.dpmhk.cz\/en\/o-nas\/dokumenty-formulare\/politika-a-cile-2025-2027\/","title":{"rendered":"Policy and objectives 2025-2027"},"content":{"rendered":"<div data-elementor-type=\"wp-page\" data-elementor-id=\"18983\" class=\"elementor elementor-18983\" wpc-filter-elementor-widget=\"1\" data-elementor-post-type=\"page\">\n\t\t\t\t<div class=\"elementor-element elementor-element-eac584e e-flex e-con-boxed e-con e-parent\" data-id=\"eac584e\" data-element_type=\"container\" data-e-type=\"container\">\n\t\t\t\t\t<div class=\"e-con-inner\">\n\t\t\t\t<div class=\"elementor-element elementor-element-f0cf5b4 elementor-widget__width-initial elementor-widget-mobile__width-auto elementor-widget elementor-widget-heading\" data-id=\"f0cf5b4\" data-element_type=\"widget\" data-e-type=\"widget\" data-widget_type=\"heading.default\">\n\t\t\t\t<div class=\"elementor-widget-container\">\n\t\t\t\t\t<h2 class=\"elementor-heading-title elementor-size-default\">Policy and objectives for the period 2025 - 2027<\/h2>\t\t\t\t<\/div>\n\t\t\t\t<\/div>\n\t\t\t\t<div class=\"elementor-element elementor-element-076dd8d elementor-widget__width-initial elementor-widget-mobile__width-auto elementor-widget elementor-widget-text-editor\" data-id=\"076dd8d\" data-element_type=\"widget\" data-e-type=\"widget\" data-widget_type=\"text-editor.default\">\n\t\t\t\t<div class=\"elementor-widget-container\">\n\t\t\t\t\t\t\t\t\t<p><strong>Policy and objectives of the Hradec Kr\u00e1lov\u00e9 City Transport Company, a.s. in the area of the integrated management system for the period 2025 - 2027<\/strong><\/p>\n<p><strong>Transport Company of Hradec Kralove, a.s. as a provider of public transport services, servicing and painting of vehicles wants to be a good and reliable partner of the citizens and visitors of Hradec Kralove every day. <\/strong><strong>Kr\u00e1lov\u00e9 and its business partners.<\/strong><\/p>\n<p>Quality policy<\/p>\n<p style=\"padding-left: 40px;\">1. To fulfil the agreed qualitative, material and economic parameters of the Contract for public passenger transport services.<br \/>2. to optimally provide and use the necessary human, financial and infrastructure resources.<br \/>3. Maintain a good image of the company and deepen the overall awareness of public transport among residents and visitors to the city<br \/>4. Identify and analyze the majority needs of the public, objectively assess citizen complaints and communicate them properly<br \/>5. Monitor the preferences and satisfaction of passengers and customers of the external service.<br \/>6. Improve the quality and lifetime of the company's infrastructure.<br \/>7. Ensure the required level of quality on the part of external providers.<br \/>8. Require a responsible attitude from staff at all levels and within the scope of their function.<\/p>\n<p>Environmental Management Policy<\/p>\n<p style=\"padding-left: 40px;\">1. Take action to address risks and opportunities related to environmental aspects, mandatory obligations and system requirements.<br \/>2. Use modern technologies and environmentally friendly materials.<br \/>3. Permanently reduce the negative environmental impact of public transport by using alternative sources of vehicle propulsion.<br \/>4. Encourage and educate employees to be environmentally friendly.<br \/>5. Prevent the occurrence of emergency situations with a potential negative impact on the environment through consistent prevention with a focus on knowledge and skills for their management by responsible company employees.<\/p>\n<p>Occupational health and safety policy<\/p>\n<p style=\"padding-left: 40px;\">1. Promote preventive health protection programmes, especially for professions exposed to increased workload (drivers, dispatchers, mechanics).<br \/>2. To consult with workers on their concerns about the condition of the workplace and overall well-being in the work process and to ensure safe and healthy working conditions.<br \/>3. ldentify the requirements of stakeholders and workers in the B0ZP area and jointly propose and take measures to eliminate or mitigate risks.<br \/>4. To take care of customer safety in all areas of the services offered.<br \/>5. Create and maintain awareness of workers' responsibility for their own health and the potential risks of their work, and increase their knowledge and skills to manage crisis situations.<br \/>6. Prevent the occurrence of emergency situations with a potential threat to the safety of employees or customers by consistent prevention with a focus on the knowledge and skills to manage them by responsible company employees.<\/p>\n<p>Management commitment<\/p>\n<p>The Board of Directors and the management of the company will create material and organizational conditions for maintaining and continuously improving the efficiency of the integrated system. The company is committed to meeting the relevant generally binding and legislative requirements in the areas of quality, environmental protection and occupational health and safety. The management will maintain and improve the level of all certified activities through control processes and monitoring of procedures.<\/p>\n<p><br \/>Hradec Kr\u00e1lov\u00e9, 14 April 2025<\/p>\t\t\t\t\t\t\t\t<\/div>\n\t\t\t\t<\/div>\n\t\t\t\t\t<\/div>\n\t\t\t\t<\/div>\n\t\t\t\t<\/div>","protected":false},"excerpt":{"rendered":"<p>Politika a c\u00edle na obdob\u00ed 2025 &#8211; 2027 Politika a c\u00edle Dopravn\u00edho podniku m\u011bsta Hradce Kr\u00e1lov\u00e9, a.s. v oblasti interovan\u00e9ho syst\u00e9mu \u0159\u00edzen\u00ed na obdob\u00ed let 2025 &#8211; 2027 Dopravn\u00ed podnik m\u011bsta Hradce Kr\u00e1Iov\u00e9, a.s. jako poskytovatel slu\u017eeb m\u011bstsk\u00e9 hromadn\u00e9 dopravy, servisu a lakov\u00e1n\u00ed vozidel chce b\u00fdt ka\u017edodenn\u00edm dobr\u00fdm a spolehliv\u00fdm partnerem ob\u010dan\u016f a n\u00e1v\u0161t\u011bvn\u00edk\u016f m\u011bsta [&hellip;]<\/p>\n","protected":false},"author":4,"featured_media":0,"parent":17042,"menu_order":0,"comment_status":"closed","ping_status":"closed","template":"","meta":{"_acf_changed":false,"footnotes":""},"class_list":["post-18983","page","type-page","status-publish","hentry"],"acf":[],"yoast_head":"<!-- This site is optimized with the Yoast SEO Premium plugin v27.3 (Yoast SEO v27.3) - https:\/\/yoast.com\/product\/yoast-seo-premium-wordpress\/ -->\n<title>Politika a c\u00edle DPmHK na obdob\u00ed 2025 - 2027 - Dopravn\u00ed podnik m\u011bsta Hradce Kr\u00e1lov\u00e9<\/title>\n<meta name=\"description\" content=\"Seznamte se s politikou a c\u00edli Dopravn\u00edho podniku v Hradci Kr\u00e1lov\u00e9 pro obdob\u00ed 2025 - 2027 a zaji\u0161t\u011bn\u00ed spolehliv\u00e9 dopravy.\" \/>\n<meta name=\"robots\" content=\"index, follow, max-snippet:-1, max-image-preview:large, max-video-preview:-1\" \/>\n<link rel=\"canonical\" href=\"https:\/\/www.dpmhk.cz\/en\/about-us\/documents-formulare\/policy-and-objectives-2025-2027\/\" \/>\n<meta property=\"og:locale\" content=\"en_US\" \/>\n<meta property=\"og:type\" content=\"article\" \/>\n<meta property=\"og:title\" content=\"Politika a c\u00edle 2025-2027\" \/>\n<meta property=\"og:description\" content=\"Seznamte se s politikou a c\u00edli Dopravn\u00edho podniku v Hradci Kr\u00e1lov\u00e9 pro obdob\u00ed 2025 - 2027 a zaji\u0161t\u011bn\u00ed spolehliv\u00e9 dopravy.\" \/>\n<meta property=\"og:url\" content=\"https:\/\/www.dpmhk.cz\/en\/about-us\/documents-formulare\/policy-and-objectives-2025-2027\/\" \/>\n<meta property=\"og:site_name\" content=\"Dopravn\u00ed podnik m\u011bsta Hradce Kr\u00e1lov\u00e9\" \/>\n<meta property=\"article:publisher\" content=\"https:\/\/www.facebook.com\/dopravnipodnikhk\/\" \/>\n<meta property=\"article:modified_time\" content=\"2026-02-16T08:29:08+00:00\" \/>\n<meta property=\"og:image\" content=\"https:\/\/www.dpmhk.cz\/wp-content\/uploads\/2025\/11\/dopravni-podnik-hk-oznacnik-zastavka.jpg\" \/>\n\t<meta property=\"og:image:width\" content=\"1600\" \/>\n\t<meta property=\"og:image:height\" content=\"1067\" \/>\n\t<meta property=\"og:image:type\" content=\"image\/jpeg\" \/>\n<meta name=\"twitter:card\" content=\"summary_large_image\" \/>\n<meta name=\"twitter:label1\" content=\"Est. reading time\" \/>\n\t<meta name=\"twitter:data1\" content=\"3 minutes\" \/>\n<script type=\"application\/ld+json\" class=\"yoast-schema-graph\">{\"@context\":\"https:\\\/\\\/schema.org\",\"@graph\":[{\"@type\":\"WebPage\",\"@id\":\"https:\\\/\\\/www.dpmhk.cz\\\/o-nas\\\/dokumenty-formulare\\\/politika-a-cile-2025-2027\\\/\",\"url\":\"https:\\\/\\\/www.dpmhk.cz\\\/o-nas\\\/dokumenty-formulare\\\/politika-a-cile-2025-2027\\\/\",\"name\":\"Politika a c\u00edle DPmHK na obdob\u00ed 2025 - 2027 - Dopravn\u00ed podnik m\u011bsta Hradce Kr\u00e1lov\u00e9\",\"isPartOf\":{\"@id\":\"https:\\\/\\\/www.dpmhk.cz\\\/cz\\\/#website\"},\"datePublished\":\"2026-02-16T06:43:05+00:00\",\"dateModified\":\"2026-02-16T08:29:08+00:00\",\"description\":\"Seznamte se s politikou a c\u00edli Dopravn\u00edho podniku v Hradci Kr\u00e1lov\u00e9 pro obdob\u00ed 2025 - 2027 a zaji\u0161t\u011bn\u00ed spolehliv\u00e9 dopravy.\",\"breadcrumb\":{\"@id\":\"https:\\\/\\\/www.dpmhk.cz\\\/o-nas\\\/dokumenty-formulare\\\/politika-a-cile-2025-2027\\\/#breadcrumb\"},\"inLanguage\":\"en-US\",\"potentialAction\":[{\"@type\":\"ReadAction\",\"target\":[\"https:\\\/\\\/www.dpmhk.cz\\\/o-nas\\\/dokumenty-formulare\\\/politika-a-cile-2025-2027\\\/\"]}]},{\"@type\":\"BreadcrumbList\",\"@id\":\"https:\\\/\\\/www.dpmhk.cz\\\/o-nas\\\/dokumenty-formulare\\\/politika-a-cile-2025-2027\\\/#breadcrumb\",\"itemListElement\":[{\"@type\":\"ListItem\",\"position\":1,\"name\":\"Dom\u016f\",\"item\":\"https:\\\/\\\/www.dpmhk.cz\\\/cz\\\/\"},{\"@type\":\"ListItem\",\"position\":2,\"name\":\"O n\u00e1s\",\"item\":\"https:\\\/\\\/www.dpmhk.cz\\\/cz\\\/o-nas\\\/\"},{\"@type\":\"ListItem\",\"position\":3,\"name\":\"Dokumenty a formul\u00e1\u0159e\",\"item\":\"https:\\\/\\\/www.dpmhk.cz\\\/cz\\\/o-nas\\\/dokumenty-formulare\\\/\"},{\"@type\":\"ListItem\",\"position\":4,\"name\":\"Politika a c\u00edle 2025-2027\"}]},{\"@type\":\"WebSite\",\"@id\":\"https:\\\/\\\/www.dpmhk.cz\\\/cz\\\/#website\",\"url\":\"https:\\\/\\\/www.dpmhk.cz\\\/cz\\\/\",\"name\":\"Dopravn\u00ed podnik m\u011bsta Hradce Kr\u00e1lov\u00e9\",\"description\":\"Ofici\u00e1ln\u00ed webov\u00e9 str\u00e1nky\",\"publisher\":{\"@id\":\"https:\\\/\\\/www.dpmhk.cz\\\/cz\\\/#organization\"},\"alternateName\":\"Dopravn\u00ed podnik m\u011bsta Hradce Kr\u00e1lov\u00e9\",\"potentialAction\":[{\"@type\":\"SearchAction\",\"target\":{\"@type\":\"EntryPoint\",\"urlTemplate\":\"https:\\\/\\\/www.dpmhk.cz\\\/cz\\\/?s={search_term_string}\"},\"query-input\":{\"@type\":\"PropertyValueSpecification\",\"valueRequired\":true,\"valueName\":\"search_term_string\"}}],\"inLanguage\":\"en-US\"},{\"@type\":[\"Organization\",\"Place\"],\"@id\":\"https:\\\/\\\/www.dpmhk.cz\\\/cz\\\/#organization\",\"name\":\"Dopravn\u00ed podnik m\u011bsta Hradce Kr\u00e1lov\u00e9, a.s.\",\"alternateName\":\"DPmHK\",\"url\":\"https:\\\/\\\/www.dpmhk.cz\\\/cz\\\/\",\"logo\":{\"@id\":\"https:\\\/\\\/www.dpmhk.cz\\\/o-nas\\\/dokumenty-formulare\\\/politika-a-cile-2025-2027\\\/#local-main-organization-logo\"},\"image\":{\"@id\":\"https:\\\/\\\/www.dpmhk.cz\\\/o-nas\\\/dokumenty-formulare\\\/politika-a-cile-2025-2027\\\/#local-main-organization-logo\"},\"sameAs\":[\"https:\\\/\\\/www.facebook.com\\\/dopravnipodnikhk\\\/\",\"https:\\\/\\\/www.instagram.com\\\/dopravnipodnikhk\\\/\",\"https:\\\/\\\/www.youtube.com\\\/@dopravnipodnik-hk\"],\"legalName\":\"Dopravn\u00ed podnik m\u011bsta Hradce Kr\u00e1lov\u00e9, a.s.\",\"foundingDate\":\"1948-04-26\",\"numberOfEmployees\":{\"@type\":\"QuantitativeValue\",\"minValue\":\"201\",\"maxValue\":\"500\"},\"ownershipFundingInfo\":\"https:\\\/\\\/www.dpmhk.cz\\\/cz\\\/o-nas\\\/o-spolecnosti\\\/\",\"actionableFeedbackPolicy\":\"https:\\\/\\\/www.dpmhk.cz\\\/cz\\\/o-nas\\\/dokumenty-formulare\\\/\",\"ethicsPolicy\":\"https:\\\/\\\/www.dpmhk.cz\\\/cz\\\/o-nas\\\/o-spolecnosti\\\/\",\"diversityStaffingReport\":\"https:\\\/\\\/www.dpmhk.cz\\\/cz\\\/kariera\\\/\",\"address\":{\"@id\":\"https:\\\/\\\/www.dpmhk.cz\\\/o-nas\\\/dokumenty-formulare\\\/politika-a-cile-2025-2027\\\/#local-main-place-address\"},\"telephone\":[\"+420 495 089 271\",\"+420 495 546 095\"],\"contactPoint\":{\"@type\":\"ContactPoint\",\"email\":\"info@dpmhk.cz\"},\"openingHoursSpecification\":[{\"@type\":\"OpeningHoursSpecification\",\"dayOfWeek\":[\"Monday\",\"Wednesday\"],\"opens\":\"07:00\",\"closes\":\"17:00\"},{\"@type\":\"OpeningHoursSpecification\",\"dayOfWeek\":[\"Tuesday\",\"Thursday\"],\"opens\":\"07:00\",\"closes\":\"16:30\"},{\"@type\":\"OpeningHoursSpecification\",\"dayOfWeek\":[\"Friday\"],\"opens\":\"07:00\",\"closes\":\"15:00\"},{\"@type\":\"OpeningHoursSpecification\",\"dayOfWeek\":[\"Saturday\",\"Sunday\"],\"opens\":\"00:00\",\"closes\":\"00:00\"}],\"vatID\":\"CZ25267213\",\"taxID\":\"25267213\"},{\"@type\":\"PostalAddress\",\"@id\":\"https:\\\/\\\/www.dpmhk.cz\\\/o-nas\\\/dokumenty-formulare\\\/politika-a-cile-2025-2027\\\/#local-main-place-address\",\"streetAddress\":\"Pouchovsk\u00e1 153\",\"addressLocality\":\"Hradec Kr\u00e1lov\u00e9\",\"postalCode\":\"500 03\",\"addressRegion\":\"Aktivn\u00ed\",\"addressCountry\":\"CZ\"},{\"@type\":\"ImageObject\",\"inLanguage\":\"en-US\",\"@id\":\"https:\\\/\\\/www.dpmhk.cz\\\/o-nas\\\/dokumenty-formulare\\\/politika-a-cile-2025-2027\\\/#local-main-organization-logo\",\"url\":\"https:\\\/\\\/www.dpmhk.cz\\\/wp-content\\\/uploads\\\/2025\\\/11\\\/DP_HK_Logo_cerne2025-1.svg\",\"contentUrl\":\"https:\\\/\\\/www.dpmhk.cz\\\/wp-content\\\/uploads\\\/2025\\\/11\\\/DP_HK_Logo_cerne2025-1.svg\",\"width\":123,\"height\":60,\"caption\":\"Dopravn\u00ed podnik m\u011bsta Hradce Kr\u00e1lov\u00e9, a.s.\"}]}<\/script>\n<meta name=\"geo.placename\" content=\"Hradec Kr\u00e1lov\u00e9\" \/>\n<meta name=\"geo.region\" content=\"Czech Republic\" \/>\n<!-- \/ Yoast SEO Premium plugin. -->","yoast_head_json":{"title":"DPmHK policy and objectives for the period 2025 - 2027 - Hradec Kr\u00e1lov\u00e9 City Transport Company","description":"Learn about the policy and objectives of the Hradec Kr\u00e1lov\u00e9 Transport Company for the period 2025 - 2027 and ensuring reliable transport.","robots":{"index":"index","follow":"follow","max-snippet":"max-snippet:-1","max-image-preview":"max-image-preview:large","max-video-preview":"max-video-preview:-1"},"canonical":"https:\/\/www.dpmhk.cz\/en\/about-us\/documents-formulare\/policy-and-objectives-2025-2027\/","og_locale":"en_US","og_type":"article","og_title":"Politika a c\u00edle 2025-2027","og_description":"Seznamte se s politikou a c\u00edli Dopravn\u00edho podniku v Hradci Kr\u00e1lov\u00e9 pro obdob\u00ed 2025 - 2027 a zaji\u0161t\u011bn\u00ed spolehliv\u00e9 dopravy.","og_url":"https:\/\/www.dpmhk.cz\/en\/about-us\/documents-formulare\/policy-and-objectives-2025-2027\/","og_site_name":"Dopravn\u00ed podnik m\u011bsta Hradce Kr\u00e1lov\u00e9","article_publisher":"https:\/\/www.facebook.com\/dopravnipodnikhk\/","article_modified_time":"2026-02-16T08:29:08+00:00","og_image":[{"width":1600,"height":1067,"url":"https:\/\/www.dpmhk.cz\/wp-content\/uploads\/2025\/11\/dopravni-podnik-hk-oznacnik-zastavka.jpg","type":"image\/jpeg"}],"twitter_card":"summary_large_image","twitter_misc":{"Est. reading time":"3 minutes"},"schema":{"@context":"https:\/\/schema.org","@graph":[{"@type":"WebPage","@id":"https:\/\/www.dpmhk.cz\/o-nas\/dokumenty-formulare\/politika-a-cile-2025-2027\/","url":"https:\/\/www.dpmhk.cz\/o-nas\/dokumenty-formulare\/politika-a-cile-2025-2027\/","name":"DPmHK policy and objectives for the period 2025 - 2027 - Hradec Kr\u00e1lov\u00e9 City Transport Company","isPartOf":{"@id":"https:\/\/www.dpmhk.cz\/cz\/#website"},"datePublished":"2026-02-16T06:43:05+00:00","dateModified":"2026-02-16T08:29:08+00:00","description":"Learn about the policy and objectives of the Hradec Kr\u00e1lov\u00e9 Transport Company for the period 2025 - 2027 and ensuring reliable transport.","breadcrumb":{"@id":"https:\/\/www.dpmhk.cz\/o-nas\/dokumenty-formulare\/politika-a-cile-2025-2027\/#breadcrumb"},"inLanguage":"en-US","potentialAction":[{"@type":"ReadAction","target":["https:\/\/www.dpmhk.cz\/o-nas\/dokumenty-formulare\/politika-a-cile-2025-2027\/"]}]},{"@type":"BreadcrumbList","@id":"https:\/\/www.dpmhk.cz\/o-nas\/dokumenty-formulare\/politika-a-cile-2025-2027\/#breadcrumb","itemListElement":[{"@type":"ListItem","position":1,"name":"Dom\u016f","item":"https:\/\/www.dpmhk.cz\/cz\/"},{"@type":"ListItem","position":2,"name":"O n\u00e1s","item":"https:\/\/www.dpmhk.cz\/cz\/o-nas\/"},{"@type":"ListItem","position":3,"name":"Dokumenty a formul\u00e1\u0159e","item":"https:\/\/www.dpmhk.cz\/cz\/o-nas\/dokumenty-formulare\/"},{"@type":"ListItem","position":4,"name":"Politika a c\u00edle 2025-2027"}]},{"@type":"WebSite","@id":"https:\/\/www.dpmhk.cz\/cz\/#website","url":"https:\/\/www.dpmhk.cz\/cz\/","name":"Hradec Kr\u00e1lov\u00e9 City Transport Company","description":"Official website","publisher":{"@id":"https:\/\/www.dpmhk.cz\/cz\/#organization"},"alternateName":"Dopravn\u00ed podnik m\u011bsta Hradce Kr\u00e1lov\u00e9","potentialAction":[{"@type":"SearchAction","target":{"@type":"EntryPoint","urlTemplate":"https:\/\/www.dpmhk.cz\/cz\/?s={search_term_string}"},"query-input":{"@type":"PropertyValueSpecification","valueRequired":true,"valueName":"search_term_string"}}],"inLanguage":"en-US"},{"@type":["Organization","Place"],"@id":"https:\/\/www.dpmhk.cz\/cz\/#organization","name":"Hradec Kr\u00e1lov\u00e9 City Transport Company, a.s.","alternateName":"DPmHK","url":"https:\/\/www.dpmhk.cz\/cz\/","logo":{"@id":"https:\/\/www.dpmhk.cz\/o-nas\/dokumenty-formulare\/politika-a-cile-2025-2027\/#local-main-organization-logo"},"image":{"@id":"https:\/\/www.dpmhk.cz\/o-nas\/dokumenty-formulare\/politika-a-cile-2025-2027\/#local-main-organization-logo"},"sameAs":["https:\/\/www.facebook.com\/dopravnipodnikhk\/","https:\/\/www.instagram.com\/dopravnipodnikhk\/","https:\/\/www.youtube.com\/@dopravnipodnik-hk"],"legalName":"Dopravn\u00ed podnik m\u011bsta Hradce Kr\u00e1lov\u00e9, a.s.","foundingDate":"1948-04-26","numberOfEmployees":{"@type":"QuantitativeValue","minValue":"201","maxValue":"500"},"ownershipFundingInfo":"https:\/\/www.dpmhk.cz\/cz\/o-nas\/o-spolecnosti\/","actionableFeedbackPolicy":"https:\/\/www.dpmhk.cz\/cz\/o-nas\/dokumenty-formulare\/","ethicsPolicy":"https:\/\/www.dpmhk.cz\/cz\/o-nas\/o-spolecnosti\/","diversityStaffingReport":"https:\/\/www.dpmhk.cz\/cz\/kariera\/","address":{"@id":"https:\/\/www.dpmhk.cz\/o-nas\/dokumenty-formulare\/politika-a-cile-2025-2027\/#local-main-place-address"},"telephone":["+420 495 089 271","+420 495 546 095"],"contactPoint":{"@type":"ContactPoint","email":"info@dpmhk.cz"},"openingHoursSpecification":[{"@type":"OpeningHoursSpecification","dayOfWeek":["Monday","Wednesday"],"opens":"07:00","closes":"17:00"},{"@type":"OpeningHoursSpecification","dayOfWeek":["Tuesday","Thursday"],"opens":"07:00","closes":"16:30"},{"@type":"OpeningHoursSpecification","dayOfWeek":["Friday"],"opens":"07:00","closes":"15:00"},{"@type":"OpeningHoursSpecification","dayOfWeek":["Saturday","Sunday"],"opens":"00:00","closes":"00:00"}],"vatID":"CZ25267213","taxID":"25267213"},{"@type":"PostalAddress","@id":"https:\/\/www.dpmhk.cz\/o-nas\/dokumenty-formulare\/politika-a-cile-2025-2027\/#local-main-place-address","streetAddress":"Pouchovsk\u00e1 153","addressLocality":"Hradec Kr\u00e1lov\u00e9","postalCode":"500 03","addressRegion":"Aktivn\u00ed","addressCountry":"CZ"},{"@type":"ImageObject","inLanguage":"en-US","@id":"https:\/\/www.dpmhk.cz\/o-nas\/dokumenty-formulare\/politika-a-cile-2025-2027\/#local-main-organization-logo","url":"https:\/\/www.dpmhk.cz\/wp-content\/uploads\/2025\/11\/DP_HK_Logo_cerne2025-1.svg","contentUrl":"https:\/\/www.dpmhk.cz\/wp-content\/uploads\/2025\/11\/DP_HK_Logo_cerne2025-1.svg","width":123,"height":60,"caption":"Dopravn\u00ed podnik m\u011bsta Hradce Kr\u00e1lov\u00e9, a.s."}]},"geo.placename":"Hradec Kr\u00e1lov\u00e9","geo.region":"Czech Republic"},"_links":{"self":[{"href":"https:\/\/www.dpmhk.cz\/en\/wp-json\/wp\/v2\/pages\/18983","targetHints":{"allow":["GET"]}}],"collection":[{"href":"https:\/\/www.dpmhk.cz\/en\/wp-json\/wp\/v2\/pages"}],"about":[{"href":"https:\/\/www.dpmhk.cz\/en\/wp-json\/wp\/v2\/types\/page"}],"author":[{"embeddable":true,"href":"https:\/\/www.dpmhk.cz\/en\/wp-json\/wp\/v2\/users\/4"}],"replies":[{"embeddable":true,"href":"https:\/\/www.dpmhk.cz\/en\/wp-json\/wp\/v2\/comments?post=18983"}],"version-history":[{"count":5,"href":"https:\/\/www.dpmhk.cz\/en\/wp-json\/wp\/v2\/pages\/18983\/revisions"}],"predecessor-version":[{"id":19026,"href":"https:\/\/www.dpmhk.cz\/en\/wp-json\/wp\/v2\/pages\/18983\/revisions\/19026"}],"up":[{"embeddable":true,"href":"https:\/\/www.dpmhk.cz\/en\/wp-json\/wp\/v2\/pages\/17042"}],"wp:attachment":[{"href":"https:\/\/www.dpmhk.cz\/en\/wp-json\/wp\/v2\/media?parent=18983"}],"curies":[{"name":"wp","href":"https:\/\/api.w.org\/{rel}","templated":true}]}}