{"id":19208,"date":"2026-02-17T10:19:17","date_gmt":"2026-02-17T09:19:17","guid":{"rendered":"https:\/\/www.dpmhk.cz\/?page_id=19208"},"modified":"2026-03-24T12:55:36","modified_gmt":"2026-03-24T11:55:36","slug":"city-card-verification","status":"publish","type":"page","link":"https:\/\/www.dpmhk.cz\/en\/o-nas\/dokumenty-formulare\/overeni-mestske-karty\/","title":{"rendered":"City Card Verification"},"content":{"rendered":"\t\t<div data-elementor-type=\"wp-page\" data-elementor-id=\"19208\" class=\"elementor elementor-19208\" wpc-filter-elementor-widget=\"1\" data-elementor-post-type=\"page\">\n\t\t\t\t<div class=\"elementor-element elementor-element-c800ed1 e-flex e-con-boxed e-con e-parent\" data-id=\"c800ed1\" data-element_type=\"container\" data-e-type=\"container\">\n\t\t\t\t\t<div class=\"e-con-inner\">\n\t\t\t\t<div class=\"elementor-element elementor-element-617f26e elementor-widget elementor-widget-breadcrumbs\" data-id=\"617f26e\" data-element_type=\"widget\" data-e-type=\"widget\" data-widget_type=\"breadcrumbs.default\">\n\t\t\t\t<div class=\"elementor-widget-container\">\n\t\t\t\t\t<p id=\"breadcrumbs\"><span><span><a href=\"https:\/\/www.dpmhk.cz\/cz\/\"><span class=\"fa fa-home\" aria-hidden=\"true\"><\/span><span class=\"screen-reader-text\">Dom\u016f<\/span><\/a><\/span><\/span><\/p>\t\t\t\t<\/div>\n\t\t\t\t<\/div>\n\t\t\t\t<div class=\"elementor-element elementor-element-40a01e3 elementor-widget__width-initial elementor-widget-tablet__width-auto elementor-widget elementor-widget-heading\" data-id=\"40a01e3\" data-element_type=\"widget\" data-e-type=\"widget\" data-widget_type=\"heading.default\">\n\t\t\t\t<div class=\"elementor-widget-container\">\n\t\t\t\t\t<h2 class=\"elementor-heading-title elementor-size-default\">Kontrola platnosti M\u011bstsk\u00e9 karty<\/h2>\t\t\t\t<\/div>\n\t\t\t\t<\/div>\n\t\t\t\t<div class=\"elementor-element elementor-element-39b5877 elementor-widget elementor-widget-text-editor\" data-id=\"39b5877\" data-element_type=\"widget\" data-e-type=\"widget\" data-widget_type=\"text-editor.default\">\n\t\t\t\t<div class=\"elementor-widget-container\">\n\t\t\t\t\t\t\t\t\t<p><strong>Ov\u011b\u0159en\u00ed platnosti karet je nyn\u00ed mo\u017en\u00e9 u\u017e jen:<\/strong><\/p><ul><li>osobn\u011b v z\u00e1kaznick\u00fdch centrech<\/li><li>telefonicky na \u010d\u00edsle\u00a0<a href=\"tel:+420495089271\">495 089 271<\/a><\/li><li>e-mailem na\u00a0<a href=\"mailto:info@dpmhk.cz\">info@dpmhk.cz<\/a><\/li><\/ul>\t\t\t\t\t\t\t\t<\/div>\n\t\t\t\t<\/div>\n\t\t\t\t<div class=\"elementor-element elementor-element-e422d57 elementor-widget elementor-widget-image\" data-id=\"e422d57\" data-element_type=\"widget\" data-e-type=\"widget\" data-widget_type=\"image.default\">\n\t\t\t\t<div class=\"elementor-widget-container\">\n\t\t\t\t\t\t\t\t\t\t\t\t\t\t\t<img fetchpriority=\"high\" decoding=\"async\" width=\"800\" height=\"533\" src=\"https:\/\/www.dpmhk.cz\/wp-content\/uploads\/2026\/03\/mestska-karta-vyznaceni-cisla.jpg\" class=\"attachment-large size-large wp-image-20591\" alt=\"Vyzna\u010den\u00ed \u010d\u00edsla M\u011bstsk\u00e9 karty\" srcset=\"https:\/\/www.dpmhk.cz\/wp-content\/uploads\/2026\/03\/mestska-karta-vyznaceni-cisla.jpg 1600w, https:\/\/www.dpmhk.cz\/wp-content\/uploads\/2026\/03\/mestska-karta-vyznaceni-cisla-300x200.jpg 300w, https:\/\/www.dpmhk.cz\/wp-content\/uploads\/2026\/03\/mestska-karta-vyznaceni-cisla-768x512.jpg 768w, https:\/\/www.dpmhk.cz\/wp-content\/uploads\/2026\/03\/mestska-karta-vyznaceni-cisla-1536x1023.jpg 1536w, https:\/\/www.dpmhk.cz\/wp-content\/uploads\/2026\/03\/mestska-karta-vyznaceni-cisla-18x12.jpg 18w\" sizes=\"(max-width: 800px) 100vw, 800px\" \/>\t\t\t\t\t\t\t\t\t\t\t\t\t\t\t<\/div>\n\t\t\t\t<\/div>\n\t\t\t\t<div class=\"elementor-element elementor-element-3999b58 elementor-widget elementor-widget-html\" data-id=\"3999b58\" data-element_type=\"widget\" data-e-type=\"widget\" data-widget_type=\"html.default\">\n\t\t\t\t<div class=\"elementor-widget-container\">\n\t\t\t\t\t<script>\r\ndocument.addEventListener(\"DOMContentLoaded\", function () {\r\n\r\n    \/\/ Adresa csv souboru obsahuj\u00edc\u00ed registrovan\u00e9 a neregistrovan\u00e9 karty\r\n    const csvUrl = \"https:\/\/www.dpmhk.cz\/wp-content\/uploads\/2026\/02\/Mestska-karta.csv;\"\r\n    \r\n    let registeredSet = new Set();\r\n    let unregisteredSet = new Set();\r\n    let dataLoaded = false;\r\n\r\n    \/\/ Na\u010dten\u00ed CSV souboru\r\n    fetch(csvUrl)\r\n        .then(response => response.text())\r\n        .then(data => {\r\n            const rows = data.split(\/\\r?\\n\/).slice(1); \/\/ p\u0159esko\u010d\u00ed hlavi\u010dku\r\n            \r\n            \/\/ Na\u010d\u00edt\u00e1 jednotliv\u00e9 \u0159\u00e1dky sloupc\u016f\r\n            \/\/ \u0158\u00e1dky jsou odd\u011blen\u00e9 st\u0159edn\u00edkem \";\" !\r\n            \/\/ Prvn\u00ed sloupec jsou registrovan\u00e9 a druh\u00fd sloupec jsou neregistrovan\u00e9\r\n            rows.forEach(row => {\r\n                const cols = row.split(\";\");\r\n                if (cols[0]) registeredSet.add(cols[0].trim());\r\n                if (cols[1]) unregisteredSet.add(cols[1].trim());\r\n            });\r\n\r\n            dataLoaded = true;\r\n        })\r\n        .catch(error => {\r\n            console.error(\"Chyba p\u0159i na\u010d\u00edt\u00e1n\u00ed CSV:\", error);\r\n        });\r\n    \/\/ Kliknut\u00ed na tla\u010d\u00edtko\r\n    document.getElementById(\"btnSubmit\").addEventListener(\"click\", function () {\r\n\r\n        if (!dataLoaded) {\r\n            showResult(\"Data se je\u0161t\u011b na\u010d\u00edtaj\u00ed, zkuste to pros\u00edm za chv\u00edli.\", \"warning\");\r\n            return;\r\n        }\r\n\r\n        const inputValue = document.getElementById(\"txtInput\").value.trim();\r\n\r\n        if (!inputValue) {\r\n            showResult(\"\u010c\u00edslo m\u011bstsk\u00e9 karty nen\u00ed vypln\u011bno!\");\r\n            return;\r\n        }\r\n\r\n        if (registeredSet.has(inputValue)) {\r\n            showResult(\"Va\u0161e m\u011bstsk\u00e1 karta je ji\u017e p\u0159id\u00e1na jako nosi\u010d do Klientsk\u00e9 z\u00f3ny. V tuto chv\u00edli tedy nemus\u00edte realizovat \u017e\u00e1dn\u00fd dal\u0161\u00ed \u00fakon.\", \"success\");\r\n        } \r\n        else if (unregisteredSet.has(inputValue)) {\r\n            showResult(`<p><strong>Va\u0161e m\u011bstsk\u00e1 karta nebyla k 16. 2. 2026 p\u0159id\u00e1na do Klientsk\u00e9 z\u00f3ny.<\/strong><\/p>\r\n                <p> Pokud jste tak ji\u017e neu\u010dinili, je pro dal\u0161\u00ed vyu\u017e\u00edv\u00e1n\u00ed m\u011bstsk\u00e9 karty t\u0159eba u\u010dinit n\u00e1sleduj\u00edc\u00ed kroky:<\/p>\r\n                <ol>\r\n                    <li>Registrujte se v Klientsk\u00e9 z\u00f3n\u011b.<\/li>\r\n                    <li>Pokud chcete m\u011bstskou kartu d\u00e1l vyu\u017e\u00edvat jako nosi\u010d j\u00edzdenky, je t\u0159eba ji p\u0159idat jako nosi\u010d do \u00fa\u010dtu Klientsk\u00e9 z\u00f3ny.<\/li>\r\n                    <li>Postup naleznete na str\u00e1nce <a href=\"https:\/\/www.dpmhk.cz\/cz\/navody-a-informace\/\" target=\"_blank\" rel=\"noopener\">N\u00e1vody a informace.<\/a>\r\n                <\/ol>`, \"info\");\r\n        } \r\n        else {\r\n            showResult(`Toto \u010d\u00edslo se v na\u0161\u00ed evidenci nevyskytuje. P\u0159ekontrolujte pros\u00edm, \u017ee je zaps\u00e1no do formul\u00e1\u0159e spr\u00e1vn\u011b. Pokud ano, kontaktuje pros\u00edm na\u0161e <a href=\"https:\/\/www.dpmhk.cz\/cz\/o-nas\/zakaznicka-centra-mhd\/\" target=\"_blank\" rel=\"noopener\">klientsk\u00e9 centrum.<\/a>`, \"error\"); \r\n        }\r\n\r\n    });\r\n    \r\n    function showResult(message, type) {\r\n    const resultBox = document.getElementById(\"resultBox\");\r\n\r\n    \/\/ kr\u00e1tk\u00e9 skryt\u00ed aby bylo vid\u011bt, \u017ee se v\u00fdsledek aktualizoval\r\n    resultBox.style.opacity = \"0\";\r\n\r\n    setTimeout(() => {\r\n\r\n        resultBox.innerHTML = message;\r\n\r\n        resultBox.className = \"\";\r\n        resultBox.classList.add(type);\r\n\r\n        resultBox.style.display = \"block\";\r\n        resultBox.style.opacity = \"1\";\r\n       \r\n    }, 150);\r\n}\r\n\r\n});\r\n<\/script>\t\t\t\t<\/div>\n\t\t\t\t<\/div>\n\t\t\t\t\t<\/div>\n\t\t\t\t<\/div>\n\t\t\t\t<\/div>\n\t\t","protected":false},"excerpt":{"rendered":"<p>Kontrola platnosti M\u011bstsk\u00e9 karty Ov\u011b\u0159en\u00ed platnosti karet je nyn\u00ed mo\u017en\u00e9 u\u017e jen: osobn\u011b v z\u00e1kaznick\u00fdch centrech telefonicky na \u010d\u00edsle\u00a0495 089 271 e-mailem na\u00a0info@dpmhk.cz<\/p>","protected":false},"author":4,"featured_media":20591,"parent":17042,"menu_order":0,"comment_status":"closed","ping_status":"closed","template":"","meta":{"_acf_changed":false,"footnotes":""},"class_list":["post-19208","page","type-page","status-publish","has-post-thumbnail","hentry"],"acf":[],"yoast_head":"<!-- This site is optimized with the Yoast SEO Premium plugin v27.3 (Yoast SEO v27.4) - https:\/\/yoast.com\/product\/yoast-seo-premium-wordpress\/ -->\n<title>Ov\u011b\u0159te si do konce b\u0159ezna platnost M\u011bstsk\u00e9 karty - Dopravn\u00ed podnik m\u011bsta Hradce Kr\u00e1lov\u00e9<\/title>\n<meta name=\"description\" content=\"Chcete nad\u00e1le pou\u017e\u00edvat M\u011bstskou kartu v MHD? Ov\u011b\u0159te jej\u00ed platnost a zaregistrujte ji do Klientsk\u00e9 z\u00f3ny do konce b\u0159ezna.\" \/>\n<meta name=\"robots\" content=\"index, follow, max-snippet:-1, max-image-preview:large, max-video-preview:-1\" \/>\n<link rel=\"canonical\" href=\"https:\/\/www.dpmhk.cz\/en\/about-us\/documents-formulare\/city-card-verification\/\" \/>\n<meta property=\"og:locale\" content=\"en_US\" \/>\n<meta property=\"og:type\" content=\"article\" \/>\n<meta property=\"og:title\" content=\"Ov\u011b\u0159en\u00ed m\u011bstsk\u00e9 karty\" \/>\n<meta property=\"og:description\" content=\"Chcete nad\u00e1le pou\u017e\u00edvat M\u011bstskou kartu v MHD? Ov\u011b\u0159te jej\u00ed platnost a zaregistrujte ji do Klientsk\u00e9 z\u00f3ny do konce b\u0159ezna.\" \/>\n<meta property=\"og:url\" content=\"https:\/\/www.dpmhk.cz\/en\/about-us\/documents-formulare\/city-card-verification\/\" \/>\n<meta property=\"og:site_name\" content=\"Dopravn\u00ed podnik m\u011bsta Hradce Kr\u00e1lov\u00e9\" \/>\n<meta property=\"article:publisher\" content=\"https:\/\/www.facebook.com\/dopravnipodnikhk\/\" \/>\n<meta property=\"article:modified_time\" content=\"2026-03-24T11:55:36+00:00\" \/>\n<meta property=\"og:image\" content=\"https:\/\/www.dpmhk.cz\/wp-content\/uploads\/2026\/03\/mestska-karta-vyznaceni-cisla.jpg\" \/>\n\t<meta property=\"og:image:width\" content=\"1600\" \/>\n\t<meta property=\"og:image:height\" content=\"1066\" \/>\n\t<meta property=\"og:image:type\" content=\"image\/jpeg\" \/>\n<meta name=\"twitter:card\" content=\"summary_large_image\" \/>\n<meta name=\"twitter:label1\" content=\"Est. reading time\" \/>\n\t<meta name=\"twitter:data1\" content=\"1 minute\" \/>\n<script type=\"application\/ld+json\" class=\"yoast-schema-graph\">{\"@context\":\"https:\\\/\\\/schema.org\",\"@graph\":[{\"@type\":\"WebPage\",\"@id\":\"https:\\\/\\\/www.dpmhk.cz\\\/cz\\\/o-nas\\\/dokumenty-formulare\\\/overeni-mestske-karty\\\/\",\"url\":\"https:\\\/\\\/www.dpmhk.cz\\\/cz\\\/o-nas\\\/dokumenty-formulare\\\/overeni-mestske-karty\\\/\",\"name\":\"Ov\u011b\u0159te si do konce b\u0159ezna platnost M\u011bstsk\u00e9 karty - Dopravn\u00ed podnik m\u011bsta Hradce Kr\u00e1lov\u00e9\",\"isPartOf\":{\"@id\":\"https:\\\/\\\/www.dpmhk.cz\\\/cz\\\/#website\"},\"primaryImageOfPage\":{\"@id\":\"https:\\\/\\\/www.dpmhk.cz\\\/cz\\\/o-nas\\\/dokumenty-formulare\\\/overeni-mestske-karty\\\/#primaryimage\"},\"image\":{\"@id\":\"https:\\\/\\\/www.dpmhk.cz\\\/cz\\\/o-nas\\\/dokumenty-formulare\\\/overeni-mestske-karty\\\/#primaryimage\"},\"thumbnailUrl\":\"https:\\\/\\\/www.dpmhk.cz\\\/wp-content\\\/uploads\\\/2026\\\/03\\\/mestska-karta-vyznaceni-cisla.jpg\",\"datePublished\":\"2026-02-17T09:19:17+00:00\",\"dateModified\":\"2026-03-24T11:55:36+00:00\",\"description\":\"Chcete nad\u00e1le pou\u017e\u00edvat M\u011bstskou kartu v MHD? Ov\u011b\u0159te jej\u00ed platnost a zaregistrujte ji do Klientsk\u00e9 z\u00f3ny do konce b\u0159ezna.\",\"breadcrumb\":{\"@id\":\"https:\\\/\\\/www.dpmhk.cz\\\/cz\\\/o-nas\\\/dokumenty-formulare\\\/overeni-mestske-karty\\\/#breadcrumb\"},\"inLanguage\":\"en-US\",\"potentialAction\":[{\"@type\":\"ReadAction\",\"target\":[\"https:\\\/\\\/www.dpmhk.cz\\\/cz\\\/o-nas\\\/dokumenty-formulare\\\/overeni-mestske-karty\\\/\"]}]},{\"@type\":\"ImageObject\",\"inLanguage\":\"en-US\",\"@id\":\"https:\\\/\\\/www.dpmhk.cz\\\/cz\\\/o-nas\\\/dokumenty-formulare\\\/overeni-mestske-karty\\\/#primaryimage\",\"url\":\"https:\\\/\\\/www.dpmhk.cz\\\/wp-content\\\/uploads\\\/2026\\\/03\\\/mestska-karta-vyznaceni-cisla.jpg\",\"contentUrl\":\"https:\\\/\\\/www.dpmhk.cz\\\/wp-content\\\/uploads\\\/2026\\\/03\\\/mestska-karta-vyznaceni-cisla.jpg\",\"width\":1600,\"height\":1066,\"caption\":\"Vyzna\u010den\u00ed \u010d\u00edsla M\u011bstsk\u00e9 karty\"},{\"@type\":\"BreadcrumbList\",\"@id\":\"https:\\\/\\\/www.dpmhk.cz\\\/cz\\\/o-nas\\\/dokumenty-formulare\\\/overeni-mestske-karty\\\/#breadcrumb\",\"itemListElement\":[{\"@type\":\"ListItem\",\"position\":1,\"name\":\"Dom\u016f\",\"item\":\"https:\\\/\\\/www.dpmhk.cz\\\/cz\\\/\"},{\"@type\":\"ListItem\",\"position\":2,\"name\":\"O n\u00e1s\",\"item\":\"https:\\\/\\\/www.dpmhk.cz\\\/cz\\\/o-nas\\\/\"},{\"@type\":\"ListItem\",\"position\":3,\"name\":\"Dokumenty a formul\u00e1\u0159e\",\"item\":\"https:\\\/\\\/www.dpmhk.cz\\\/cz\\\/o-nas\\\/dokumenty-formulare\\\/\"},{\"@type\":\"ListItem\",\"position\":4,\"name\":\"Ov\u011b\u0159en\u00ed m\u011bstsk\u00e9 karty\"}]},{\"@type\":\"WebSite\",\"@id\":\"https:\\\/\\\/www.dpmhk.cz\\\/cz\\\/#website\",\"url\":\"https:\\\/\\\/www.dpmhk.cz\\\/cz\\\/\",\"name\":\"Dopravn\u00ed podnik m\u011bsta Hradce Kr\u00e1lov\u00e9\",\"description\":\"Ofici\u00e1ln\u00ed webov\u00e9 str\u00e1nky\",\"publisher\":{\"@id\":\"https:\\\/\\\/www.dpmhk.cz\\\/cz\\\/#organization\"},\"alternateName\":\"Dopravn\u00ed podnik m\u011bsta Hradce Kr\u00e1lov\u00e9\",\"potentialAction\":[{\"@type\":\"SearchAction\",\"target\":{\"@type\":\"EntryPoint\",\"urlTemplate\":\"https:\\\/\\\/www.dpmhk.cz\\\/cz\\\/?s={search_term_string}\"},\"query-input\":{\"@type\":\"PropertyValueSpecification\",\"valueRequired\":true,\"valueName\":\"search_term_string\"}}],\"inLanguage\":\"en-US\"},{\"@type\":[\"Organization\",\"Place\"],\"@id\":\"https:\\\/\\\/www.dpmhk.cz\\\/cz\\\/#organization\",\"name\":\"Dopravn\u00ed podnik m\u011bsta Hradce Kr\u00e1lov\u00e9, a.s.\",\"alternateName\":\"DPmHK\",\"url\":\"https:\\\/\\\/www.dpmhk.cz\\\/cz\\\/\",\"logo\":{\"@id\":\"https:\\\/\\\/www.dpmhk.cz\\\/cz\\\/o-nas\\\/dokumenty-formulare\\\/overeni-mestske-karty\\\/#local-main-organization-logo\"},\"image\":{\"@id\":\"https:\\\/\\\/www.dpmhk.cz\\\/cz\\\/o-nas\\\/dokumenty-formulare\\\/overeni-mestske-karty\\\/#local-main-organization-logo\"},\"sameAs\":[\"https:\\\/\\\/www.facebook.com\\\/dopravnipodnikhk\\\/\",\"https:\\\/\\\/www.instagram.com\\\/dopravnipodnikhk\\\/\",\"https:\\\/\\\/www.youtube.com\\\/@dopravnipodnik-hk\"],\"legalName\":\"Dopravn\u00ed podnik m\u011bsta Hradce Kr\u00e1lov\u00e9, a.s.\",\"foundingDate\":\"1948-04-26\",\"numberOfEmployees\":{\"@type\":\"QuantitativeValue\",\"minValue\":\"201\",\"maxValue\":\"500\"},\"ownershipFundingInfo\":\"https:\\\/\\\/www.dpmhk.cz\\\/cz\\\/o-nas\\\/o-spolecnosti\\\/\",\"actionableFeedbackPolicy\":\"https:\\\/\\\/www.dpmhk.cz\\\/cz\\\/o-nas\\\/dokumenty-formulare\\\/\",\"ethicsPolicy\":\"https:\\\/\\\/www.dpmhk.cz\\\/cz\\\/o-nas\\\/o-spolecnosti\\\/\",\"diversityStaffingReport\":\"https:\\\/\\\/www.dpmhk.cz\\\/cz\\\/kariera\\\/\",\"address\":{\"@id\":\"https:\\\/\\\/www.dpmhk.cz\\\/cz\\\/o-nas\\\/dokumenty-formulare\\\/overeni-mestske-karty\\\/#local-main-place-address\"},\"telephone\":[\"+420 495 089 271\",\"+420 495 546 095\"],\"contactPoint\":{\"@type\":\"ContactPoint\",\"email\":\"info@dpmhk.cz\"},\"openingHoursSpecification\":[{\"@type\":\"OpeningHoursSpecification\",\"dayOfWeek\":[\"Monday\",\"Wednesday\"],\"opens\":\"07:00\",\"closes\":\"17:00\"},{\"@type\":\"OpeningHoursSpecification\",\"dayOfWeek\":[\"Tuesday\",\"Thursday\"],\"opens\":\"07:00\",\"closes\":\"16:30\"},{\"@type\":\"OpeningHoursSpecification\",\"dayOfWeek\":[\"Friday\"],\"opens\":\"07:00\",\"closes\":\"15:00\"},{\"@type\":\"OpeningHoursSpecification\",\"dayOfWeek\":[\"Saturday\",\"Sunday\"],\"opens\":\"00:00\",\"closes\":\"00:00\"}],\"vatID\":\"CZ25267213\",\"taxID\":\"25267213\"},{\"@type\":\"PostalAddress\",\"@id\":\"https:\\\/\\\/www.dpmhk.cz\\\/cz\\\/o-nas\\\/dokumenty-formulare\\\/overeni-mestske-karty\\\/#local-main-place-address\",\"streetAddress\":\"Pouchovsk\u00e1 153\",\"addressLocality\":\"Hradec Kr\u00e1lov\u00e9\",\"postalCode\":\"500 03\",\"addressRegion\":\"Aktivn\u00ed\",\"addressCountry\":\"CZ\"},{\"@type\":\"ImageObject\",\"inLanguage\":\"en-US\",\"@id\":\"https:\\\/\\\/www.dpmhk.cz\\\/cz\\\/o-nas\\\/dokumenty-formulare\\\/overeni-mestske-karty\\\/#local-main-organization-logo\",\"url\":\"https:\\\/\\\/www.dpmhk.cz\\\/wp-content\\\/uploads\\\/2025\\\/11\\\/DP_HK_Logo_cerne2025-1.svg\",\"contentUrl\":\"https:\\\/\\\/www.dpmhk.cz\\\/wp-content\\\/uploads\\\/2025\\\/11\\\/DP_HK_Logo_cerne2025-1.svg\",\"width\":123,\"height\":60,\"caption\":\"Dopravn\u00ed podnik m\u011bsta Hradce Kr\u00e1lov\u00e9, a.s.\"}]}<\/script>\n<meta name=\"geo.placename\" content=\"Hradec Kr\u00e1lov\u00e9\" \/>\n<meta name=\"geo.region\" content=\"Czech Republic\" \/>\n<!-- \/ Yoast SEO Premium plugin. -->","yoast_head_json":{"title":"Check the validity of your City Card until the end of March - Hradec Kr\u00e1lov\u00e9 City Transport Company","description":"Do you want to continue using the City Card in public transport? Check its validity and register it in the Client Zone by the end of March.","robots":{"index":"index","follow":"follow","max-snippet":"max-snippet:-1","max-image-preview":"max-image-preview:large","max-video-preview":"max-video-preview:-1"},"canonical":"https:\/\/www.dpmhk.cz\/en\/about-us\/documents-formulare\/city-card-verification\/","og_locale":"en_US","og_type":"article","og_title":"Ov\u011b\u0159en\u00ed m\u011bstsk\u00e9 karty","og_description":"Chcete nad\u00e1le pou\u017e\u00edvat M\u011bstskou kartu v MHD? Ov\u011b\u0159te jej\u00ed platnost a zaregistrujte ji do Klientsk\u00e9 z\u00f3ny do konce b\u0159ezna.","og_url":"https:\/\/www.dpmhk.cz\/en\/about-us\/documents-formulare\/city-card-verification\/","og_site_name":"Dopravn\u00ed podnik m\u011bsta Hradce Kr\u00e1lov\u00e9","article_publisher":"https:\/\/www.facebook.com\/dopravnipodnikhk\/","article_modified_time":"2026-03-24T11:55:36+00:00","og_image":[{"width":1600,"height":1066,"url":"https:\/\/www.dpmhk.cz\/wp-content\/uploads\/2026\/03\/mestska-karta-vyznaceni-cisla.jpg","type":"image\/jpeg"}],"twitter_card":"summary_large_image","twitter_misc":{"Est. reading time":"1 minute"},"schema":{"@context":"https:\/\/schema.org","@graph":[{"@type":"WebPage","@id":"https:\/\/www.dpmhk.cz\/cz\/o-nas\/dokumenty-formulare\/overeni-mestske-karty\/","url":"https:\/\/www.dpmhk.cz\/cz\/o-nas\/dokumenty-formulare\/overeni-mestske-karty\/","name":"Check the validity of your City Card until the end of March - Hradec Kr\u00e1lov\u00e9 City Transport Company","isPartOf":{"@id":"https:\/\/www.dpmhk.cz\/cz\/#website"},"primaryImageOfPage":{"@id":"https:\/\/www.dpmhk.cz\/cz\/o-nas\/dokumenty-formulare\/overeni-mestske-karty\/#primaryimage"},"image":{"@id":"https:\/\/www.dpmhk.cz\/cz\/o-nas\/dokumenty-formulare\/overeni-mestske-karty\/#primaryimage"},"thumbnailUrl":"https:\/\/www.dpmhk.cz\/wp-content\/uploads\/2026\/03\/mestska-karta-vyznaceni-cisla.jpg","datePublished":"2026-02-17T09:19:17+00:00","dateModified":"2026-03-24T11:55:36+00:00","description":"Do you want to continue using the City Card in public transport? Check its validity and register it in the Client Zone by the end of March.","breadcrumb":{"@id":"https:\/\/www.dpmhk.cz\/cz\/o-nas\/dokumenty-formulare\/overeni-mestske-karty\/#breadcrumb"},"inLanguage":"en-US","potentialAction":[{"@type":"ReadAction","target":["https:\/\/www.dpmhk.cz\/cz\/o-nas\/dokumenty-formulare\/overeni-mestske-karty\/"]}]},{"@type":"ImageObject","inLanguage":"en-US","@id":"https:\/\/www.dpmhk.cz\/cz\/o-nas\/dokumenty-formulare\/overeni-mestske-karty\/#primaryimage","url":"https:\/\/www.dpmhk.cz\/wp-content\/uploads\/2026\/03\/mestska-karta-vyznaceni-cisla.jpg","contentUrl":"https:\/\/www.dpmhk.cz\/wp-content\/uploads\/2026\/03\/mestska-karta-vyznaceni-cisla.jpg","width":1600,"height":1066,"caption":"Vyzna\u010den\u00ed \u010d\u00edsla M\u011bstsk\u00e9 karty"},{"@type":"BreadcrumbList","@id":"https:\/\/www.dpmhk.cz\/cz\/o-nas\/dokumenty-formulare\/overeni-mestske-karty\/#breadcrumb","itemListElement":[{"@type":"ListItem","position":1,"name":"Dom\u016f","item":"https:\/\/www.dpmhk.cz\/cz\/"},{"@type":"ListItem","position":2,"name":"O n\u00e1s","item":"https:\/\/www.dpmhk.cz\/cz\/o-nas\/"},{"@type":"ListItem","position":3,"name":"Dokumenty a formul\u00e1\u0159e","item":"https:\/\/www.dpmhk.cz\/cz\/o-nas\/dokumenty-formulare\/"},{"@type":"ListItem","position":4,"name":"Ov\u011b\u0159en\u00ed m\u011bstsk\u00e9 karty"}]},{"@type":"WebSite","@id":"https:\/\/www.dpmhk.cz\/cz\/#website","url":"https:\/\/www.dpmhk.cz\/cz\/","name":"Hradec Kr\u00e1lov\u00e9 City Transport Company","description":"Official website","publisher":{"@id":"https:\/\/www.dpmhk.cz\/cz\/#organization"},"alternateName":"Dopravn\u00ed podnik m\u011bsta Hradce Kr\u00e1lov\u00e9","potentialAction":[{"@type":"SearchAction","target":{"@type":"EntryPoint","urlTemplate":"https:\/\/www.dpmhk.cz\/cz\/?s={search_term_string}"},"query-input":{"@type":"PropertyValueSpecification","valueRequired":true,"valueName":"search_term_string"}}],"inLanguage":"en-US"},{"@type":["Organization","Place"],"@id":"https:\/\/www.dpmhk.cz\/cz\/#organization","name":"Hradec Kr\u00e1lov\u00e9 City Transport Company, a.s.","alternateName":"DPmHK","url":"https:\/\/www.dpmhk.cz\/cz\/","logo":{"@id":"https:\/\/www.dpmhk.cz\/cz\/o-nas\/dokumenty-formulare\/overeni-mestske-karty\/#local-main-organization-logo"},"image":{"@id":"https:\/\/www.dpmhk.cz\/cz\/o-nas\/dokumenty-formulare\/overeni-mestske-karty\/#local-main-organization-logo"},"sameAs":["https:\/\/www.facebook.com\/dopravnipodnikhk\/","https:\/\/www.instagram.com\/dopravnipodnikhk\/","https:\/\/www.youtube.com\/@dopravnipodnik-hk"],"legalName":"Dopravn\u00ed podnik m\u011bsta Hradce Kr\u00e1lov\u00e9, a.s.","foundingDate":"1948-04-26","numberOfEmployees":{"@type":"QuantitativeValue","minValue":"201","maxValue":"500"},"ownershipFundingInfo":"https:\/\/www.dpmhk.cz\/cz\/o-nas\/o-spolecnosti\/","actionableFeedbackPolicy":"https:\/\/www.dpmhk.cz\/cz\/o-nas\/dokumenty-formulare\/","ethicsPolicy":"https:\/\/www.dpmhk.cz\/cz\/o-nas\/o-spolecnosti\/","diversityStaffingReport":"https:\/\/www.dpmhk.cz\/cz\/kariera\/","address":{"@id":"https:\/\/www.dpmhk.cz\/cz\/o-nas\/dokumenty-formulare\/overeni-mestske-karty\/#local-main-place-address"},"telephone":["+420 495 089 271","+420 495 546 095"],"contactPoint":{"@type":"ContactPoint","email":"info@dpmhk.cz"},"openingHoursSpecification":[{"@type":"OpeningHoursSpecification","dayOfWeek":["Monday","Wednesday"],"opens":"07:00","closes":"17:00"},{"@type":"OpeningHoursSpecification","dayOfWeek":["Tuesday","Thursday"],"opens":"07:00","closes":"16:30"},{"@type":"OpeningHoursSpecification","dayOfWeek":["Friday"],"opens":"07:00","closes":"15:00"},{"@type":"OpeningHoursSpecification","dayOfWeek":["Saturday","Sunday"],"opens":"00:00","closes":"00:00"}],"vatID":"CZ25267213","taxID":"25267213"},{"@type":"PostalAddress","@id":"https:\/\/www.dpmhk.cz\/cz\/o-nas\/dokumenty-formulare\/overeni-mestske-karty\/#local-main-place-address","streetAddress":"Pouchovsk\u00e1 153","addressLocality":"Hradec Kr\u00e1lov\u00e9","postalCode":"500 03","addressRegion":"Aktivn\u00ed","addressCountry":"CZ"},{"@type":"ImageObject","inLanguage":"en-US","@id":"https:\/\/www.dpmhk.cz\/cz\/o-nas\/dokumenty-formulare\/overeni-mestske-karty\/#local-main-organization-logo","url":"https:\/\/www.dpmhk.cz\/wp-content\/uploads\/2025\/11\/DP_HK_Logo_cerne2025-1.svg","contentUrl":"https:\/\/www.dpmhk.cz\/wp-content\/uploads\/2025\/11\/DP_HK_Logo_cerne2025-1.svg","width":123,"height":60,"caption":"Dopravn\u00ed podnik m\u011bsta Hradce Kr\u00e1lov\u00e9, a.s."}]},"geo.placename":"Hradec Kr\u00e1lov\u00e9","geo.region":"Czech Republic"},"_links":{"self":[{"href":"https:\/\/www.dpmhk.cz\/en\/wp-json\/wp\/v2\/pages\/19208","targetHints":{"allow":["GET"]}}],"collection":[{"href":"https:\/\/www.dpmhk.cz\/en\/wp-json\/wp\/v2\/pages"}],"about":[{"href":"https:\/\/www.dpmhk.cz\/en\/wp-json\/wp\/v2\/types\/page"}],"author":[{"embeddable":true,"href":"https:\/\/www.dpmhk.cz\/en\/wp-json\/wp\/v2\/users\/4"}],"replies":[{"embeddable":true,"href":"https:\/\/www.dpmhk.cz\/en\/wp-json\/wp\/v2\/comments?post=19208"}],"version-history":[{"count":5,"href":"https:\/\/www.dpmhk.cz\/en\/wp-json\/wp\/v2\/pages\/19208\/revisions"}],"predecessor-version":[{"id":22257,"href":"https:\/\/www.dpmhk.cz\/en\/wp-json\/wp\/v2\/pages\/19208\/revisions\/22257"}],"up":[{"embeddable":true,"href":"https:\/\/www.dpmhk.cz\/en\/wp-json\/wp\/v2\/pages\/17042"}],"wp:featuredmedia":[{"embeddable":true,"href":"https:\/\/www.dpmhk.cz\/en\/wp-json\/wp\/v2\/media\/20591"}],"wp:attachment":[{"href":"https:\/\/www.dpmhk.cz\/en\/wp-json\/wp\/v2\/media?parent=19208"}],"curies":[{"name":"wp","href":"https:\/\/api.w.org\/{rel}","templated":true}]}}