{"id":7132,"date":"2025-11-15T16:04:57","date_gmt":"2025-11-15T15:04:57","guid":{"rendered":"https:\/\/www.dopravnipodnikhk.cz\/?page_id=7132"},"modified":"2026-03-26T22:00:09","modified_gmt":"2026-03-26T21:00:09","slug":"results","status":"publish","type":"page","link":"https:\/\/www.dpmhk.cz\/en\/jizdni-rady\/jizdni-rady-vyhledavani\/vysledky\/","title":{"rendered":"Results-connection finder"},"content":{"rendered":"<div data-elementor-type=\"wp-page\" data-elementor-id=\"7132\" class=\"elementor elementor-7132\" wpc-filter-elementor-widget=\"1\" data-elementor-post-type=\"page\">\n\t\t\t\t<div class=\"elementor-element elementor-element-6697817 e-flex e-con-boxed e-con e-parent\" data-id=\"6697817\" data-element_type=\"container\" data-e-type=\"container\">\n\t\t\t\t\t<div class=\"e-con-inner\">\n\t\t\t\t<div class=\"elementor-element elementor-element-7a8977f elementor-widget elementor-widget-breadcrumbs\" data-id=\"7a8977f\" data-element_type=\"widget\" data-e-type=\"widget\" data-widget_type=\"breadcrumbs.default\">\n\t\t\t\t<div class=\"elementor-widget-container\">\n\t\t\t\t\t<p id=\"breadcrumbs\"><span><span><a href=\"https:\/\/www.dpmhk.cz\/en\/\"><span class=\"fa fa-home\" aria-hidden=\"true\"><\/span><span class=\"screen-reader-text\">Home<\/span><\/a><\/span><\/span><\/p>\t\t\t\t<\/div>\n\t\t\t\t<\/div>\n\t\t\t\t\t<\/div>\n\t\t\t\t<\/div>\n\t\t<div class=\"elementor-element elementor-element-08bbf9a e-flex e-con-boxed e-con e-parent\" data-id=\"08bbf9a\" data-element_type=\"container\" data-e-type=\"container\" data-settings=\"{&quot;background_background&quot;:&quot;classic&quot;}\">\n\t\t\t\t\t<div class=\"e-con-inner\">\n\t\t\t\t<div class=\"elementor-element elementor-element-20aedfc elementor-widget elementor-widget-heading\" data-id=\"20aedfc\" data-element_type=\"widget\" data-e-type=\"widget\" data-widget_type=\"heading.default\">\n\t\t\t\t<div class=\"elementor-widget-container\">\n\t\t\t\t\t<h1 class=\"elementor-heading-title elementor-size-default\">Search results<\/h1>\t\t\t\t<\/div>\n\t\t\t\t<\/div>\n\t\t\t\t<div class=\"elementor-element elementor-element-6a21c94 elementor-widget elementor-widget-shortcode\" data-id=\"6a21c94\" data-element_type=\"widget\" data-e-type=\"widget\" data-widget_type=\"shortcode.default\">\n\t\t\t\t<div class=\"elementor-widget-container\">\n\t\t\t\t\t\t\t<div class=\"elementor-shortcode\"><div class=\"form-container\">\n    <div class=\"main-container\">\n        <div class=\"headers\">\n                <div class=\"header-container\" id=\"selected-header\">\n                    <p>Link<\/p>\n                <\/div>\n                <div class=\"header-container\" >\n                    <p>Timetables<\/p>\n                <\/div>\n                <div class=\"header-container\" >\n                    <p>Departures<\/p>\n                <\/div>\n            <\/div>\n\n        <div class=\"spoj-container\">\n            <div class=\"map-container hidden\">\n                <div id=\"map\"><\/div>\n            <\/div>\n            <form class=\"vyhledavac-form\" method=\"post\" action=\"\">\n                <div class=\"input\">\n                    <label for=\"departure-input\">From<\/label>\n                    <div class=\"separator-line\"><\/div>\n                    <input  id=\"departure-input\" type=\"text\" placeholder=\"Select a stop\" autocomplete=\"off\" readonly onfocus=\"this.removeAttribute('readonly');\" \/>\n                    <div id=\"departure-items\" class=\"search-items-container hidden\">\n                        <ul class=\"search-items\"><\/ul>\n                    <\/div>\n                <\/div>\n\n                <div id=\"swap-btn\" class=\"switch-btn\">\n                    <img decoding=\"async\" src=\"https:\/\/www.dpmhk.cz\/wp-content\/plugins\/Spoje-vyhledavac\/assets\/styles\/swap.svg\"\n                        alt=\"swap\" width=\"30\" height=\"30\" \/>\n                    <a href=\"#\"><\/a>\n                <\/div>\n\n                <div class=\"input\">\n                    <label for=\"arrival-input\">Where to<\/label>\n                    <div class=\"separator-line\"><\/div>\n                    <input  id=\"arrival-input\" type=\"text\" placeholder=\"Select a stop\" autocomplete=\"off\" readonly onfocus=\"this.removeAttribute('readonly');\" \/>\n                    <div id=\"arrival-items\" class=\"search-items-container hidden\">\n                        <ul class=\"search-items\"><\/ul>\n                    <\/div>\n                <\/div>\n\n                <div class=\"dateSelection\">\n                    <div class=\"dateInput\">\n                        <input id=\"myDate\" type=\"date\" \/>\n                    <\/div>\n                    <div class=\"timeInput\">\n                        <input id=\"timeInput\" type=\"time\" \/>\n                    <\/div>\n                <\/div>\n                <div id=\"loading-circle0\" class=\"loading hidden\"><\/div>\n                <button id=\"submit-btn\" type=\"submit\">Retrieved from<\/button>\n            <input type=\"hidden\" name=\"trp-form-language\" value=\"en\"\/><\/form>\n        <\/div>\n\n        <div class=\"spoj-container hidden\">\n\t\t\t<form class=\"vyhledavac-form\" method=\"post\" action=\"\">\n\t\t\t\t<div class=\"input\">\n\t\t\t\t\t<label for=\"lines-input\">Line<\/label>\n\t\t\t\t\t<div class=\"separator-line\"><\/div>\n\t\t\t\t\t<input id=\"lines-input\" type=\"text\" placeholder=\"Select a line\" autocomplete=\"off\" readonly onfocus=\"this.removeAttribute('readonly');\"\/>\n\t\t\t\t\t<div id=\"lines-items\" class=\"search-items-container hidden\">\n\t\t\t\t\t\t<ul class=\"search-items\"><\/ul>\n\t\t\t\t\t<\/div>\n\t\t\t\t<\/div>\n\n\t\t\t\t<div class=\"input\">\n\t\t\t\t\t<label for=\"direction-input\">Directions<\/label>\n\t\t\t\t\t<div class=\"separator-line\"><\/div>\n\t\t\t\t\t<input id=\"direction-input\" type=\"text\" placeholder=\"Select direction\" readonly onfocus=\"this.removeAttribute('readonly');\" \/>\n\t\t\t\t\t<div id=\"direction-items\" class=\"search-items-container hidden\">\n\t\t\t\t\t\t<ul class=\"search-items\"><\/ul>\n\t\t\t\t\t<\/div>\n\t\t\t\t<\/div>\n\n\t\t\t\t<div class=\"input\">\n\t\t\t\t\t<label for=\"station-input\">Stop<\/label>\n\t\t\t\t\t<div class=\"separator-line\"><\/div>\n\t\t\t\t\t<input id=\"station-input\" type=\"text\" placeholder=\"Select a stop\" autocomplete=\"off\" readonly onfocus=\"this.removeAttribute('readonly');\" \/>\n\t\t\t\t\t<div id=\"stations-items\" class=\"search-items-container hidden\">\n\t\t\t\t\t\t<ul class=\"search-items\"><\/ul>\n\t\t\t\t\t<\/div>\n\t\t\t\t<\/div>\n\n\t\t\t\t<div class=\"input\">\n\t\t\t\t\t<label for=\"JRdate\">Date<\/label>\n\t\t\t\t\t<div class=\"separator-line\"><\/div>\n\t\t\t\t\t<input id=\"JRdate\" type=\"date\" \/>\n\t\t\t\t<\/div>\n\t\t\t\t<div id=\"loading-circle1\" class=\"loading hidden\"><\/div>\n\t\t\t\t<button class=\"submitBtn\" id=\"JRsubmit-btn\">Retrieved from<\/button>\n\t\t\t<input type=\"hidden\" name=\"trp-form-language\" value=\"en\"\/><\/form>\n\t\t<\/div>\n        <div class=\"spoj-container hidden\">\n            <form class=\"vyhledavac-form\" method=\"post\" action=\"\">\n                <div class=\"input\">\n                    <label for=\"Dep-station-input\">From the bus stop<\/label>\n                    <div class=\"separator-line\"><\/div>\n                    <input  id=\"Dep-station-input\" type=\"text\" placeholder=\"Select a stop\" autocomplete=\"off\" readonly onfocus=\"this.removeAttribute('readonly');\" \/>\n                    <div id=\"Dep-stations-items\" class=\"search-items-container hidden\">\n                        <ul class=\"search-items\"><\/ul>\n                    <\/div>\n                <\/div>\n\n                <div class=\"input\">\n                    <label for=\"Dep-date\">Date<\/label>\n                    <div class=\"separator-line\"><\/div>\n                    <input id=\"Dep-date\" type=\"date\" \/>\n                <\/div>\n                <div id=\"loading-circle2\" class=\"loading hidden\"><\/div>\n                <button class=\"submitBtn\" id=\"Dep-submit-btn\">Retrieved from<\/button>\n            <input type=\"hidden\" name=\"trp-form-language\" value=\"en\"\/><\/form>\n        <\/div>\n    <\/div>\n<\/div>\n\n<\/div>\n\t\t\t\t\t\t<\/div>\n\t\t\t\t<\/div>\n\t\t\t\t\t<\/div>\n\t\t\t\t<\/div>\n\t\t<div class=\"elementor-element elementor-element-99a4eaf e-flex e-con-boxed e-con e-parent\" data-id=\"99a4eaf\" data-element_type=\"container\" data-e-type=\"container\">\n\t\t\t\t\t<div class=\"e-con-inner\">\n\t\t\t\t<div class=\"elementor-element elementor-element-30a538e elementor-widget elementor-widget-shortcode\" data-id=\"30a538e\" data-element_type=\"widget\" data-e-type=\"widget\" data-widget_type=\"shortcode.default\">\n\t\t\t\t<div class=\"elementor-widget-container\">\n\t\t\t\t\t\t\t<div class=\"elementor-shortcode\"><div class=\"result-container\">\n    <h2>Nearest connections:<\/h2>\n    <div id=\"results\">\n       \n    <\/div>\n    <div class=\"button-container\">\n        <button id=\"back-button\">\n            Back\n        <\/button>\n        <button id=\"ticket-button\">\n            Tickets\n        <\/button>\n    <\/div>\n<\/div>\n\t\n\t<style>\n\t\t.result-container {\n\t\t\tmax-width: 700px;\n\t\t\tmargin: 0 auto;\n\t\t}\n\t\t\n\t\t.result-container h2 {\n\t\t\tfont-size: 30px;\n\t\t\tfont-weight: 500px;\n\t\t}\n\t<\/style>\n\n<\/div>\n\t\t\t\t\t\t<\/div>\n\t\t\t\t<\/div>\n\t\t\t\t<div class=\"elementor-element elementor-element-d55c5f6 elementor-widget elementor-widget-html\" data-id=\"d55c5f6\" data-element_type=\"widget\" data-e-type=\"widget\" data-widget_type=\"html.default\">\n\t\t\t\t<div class=\"elementor-widget-container\">\n\t\t\t\t\t<script>\r\ndocument.addEventListener(\"DOMContentLoaded\", function() {\r\n\r\n  if (window.innerWidth <= 767) {\r\n\r\n    setTimeout(function() {\r\n\r\n      const results = document.querySelector(\"#results\");\r\n      const firstCard = document.querySelector(\"#results .line-card\");\r\n\r\n      \/\/ scroll jen pokud existuj\u00ed skute\u010dn\u00e9 v\u00fdsledky\r\n      if (results && firstCard) {\r\n\r\n        const offset = 250;\r\n        const position = results.getBoundingClientRect().top + window.pageYOffset - offset;\r\n\r\n        window.scrollTo({\r\n          top: position,\r\n          behavior: \"auto\"\r\n        });\r\n\r\n      }\r\n\r\n    }, 100); \/\/ kdy\u017e by byl plugin pomalej\u0161\u00ed, m\u016f\u017ee\u0161 d\u00e1t 700\r\n\r\n  }\r\n\r\n});\r\n<\/script>\t\t\t\t<\/div>\n\t\t\t\t<\/div>\n\t\t\t\t\t<\/div>\n\t\t\t\t<\/div>\n\t\t\t\t<\/div>","protected":false},"excerpt":{"rendered":"<p>Search results<\/p>","protected":false},"author":2,"featured_media":0,"parent":96,"menu_order":0,"comment_status":"closed","ping_status":"closed","template":"","meta":{"_acf_changed":false,"footnotes":""},"class_list":["post-7132","page","type-page","status-publish","hentry"],"acf":[],"yoast_head":"<!-- This site is optimized with the Yoast SEO Premium plugin v27.3 (Yoast SEO v27.4) - https:\/\/yoast.com\/product\/yoast-seo-premium-wordpress\/ -->\n<title>V\u00fdsledky vyhled\u00e1va\u010de pro hledan\u00e9 spojen\u00ed linek MHD - Dopravn\u00ed podnik m\u011bsta Hradce Kr\u00e1lov\u00e9<\/title>\n<meta name=\"description\" content=\"Zobrazen\u00ed v\u00fdsledk\u016f v\u00e1mi zadan\u00e9ho spojen\u00ed mezi zast\u00e1vkami MHD. Upravujte zast\u00e1vky nebo \u010das a v\u017edy se dosta\u0148te tam, kam pr\u00e1v\u011b pot\u0159ebujete.\" \/>\n<meta name=\"robots\" content=\"index, follow, max-snippet:-1, max-image-preview:large, max-video-preview:-1\" \/>\n<link rel=\"canonical\" href=\"https:\/\/www.dpmhk.cz\/en\/driving-tips\/driving-advice-search\/results\/\" \/>\n<meta property=\"og:locale\" content=\"en_US\" \/>\n<meta property=\"og:type\" content=\"article\" \/>\n<meta property=\"og:title\" content=\"V\u00fdsledky-vyhled\u00e1va\u010d spojen\u00ed\" \/>\n<meta property=\"og:description\" content=\"Zobrazen\u00ed v\u00fdsledk\u016f v\u00e1mi zadan\u00e9ho spojen\u00ed mezi zast\u00e1vkami MHD. Upravujte zast\u00e1vky nebo \u010das a v\u017edy se dosta\u0148te tam, kam pr\u00e1v\u011b pot\u0159ebujete.\" \/>\n<meta property=\"og:url\" content=\"https:\/\/www.dpmhk.cz\/en\/driving-tips\/driving-advice-search\/results\/\" \/>\n<meta property=\"og:site_name\" content=\"Dopravn\u00ed podnik m\u011bsta Hradce Kr\u00e1lov\u00e9\" \/>\n<meta property=\"article:publisher\" content=\"https:\/\/www.facebook.com\/dopravnipodnikhk\/\" \/>\n<meta property=\"article:modified_time\" content=\"2026-03-26T21:00:09+00:00\" \/>\n<meta property=\"og:image\" content=\"https:\/\/www.dpmhk.cz\/wp-content\/uploads\/2025\/11\/dopravni-podnik-hk-oznacnik-zastavka.jpg\" \/>\n\t<meta property=\"og:image:width\" content=\"1600\" \/>\n\t<meta property=\"og:image:height\" content=\"1067\" \/>\n\t<meta property=\"og:image:type\" content=\"image\/jpeg\" \/>\n<meta name=\"twitter:card\" content=\"summary_large_image\" \/>\n<meta name=\"twitter:label1\" content=\"Est. reading time\" \/>\n\t<meta name=\"twitter:data1\" content=\"1 minute\" \/>\n<script type=\"application\/ld+json\" class=\"yoast-schema-graph\">{\"@context\":\"https:\\\/\\\/schema.org\",\"@graph\":[{\"@type\":\"WebPage\",\"@id\":\"https:\\\/\\\/www.dpmhk.cz\\\/cz\\\/jizdni-rady\\\/jizdni-rady-vyhledavani\\\/vysledky\\\/\",\"url\":\"https:\\\/\\\/www.dpmhk.cz\\\/cz\\\/jizdni-rady\\\/jizdni-rady-vyhledavani\\\/vysledky\\\/\",\"name\":\"V\u00fdsledky vyhled\u00e1va\u010de pro hledan\u00e9 spojen\u00ed linek MHD - Dopravn\u00ed podnik m\u011bsta Hradce Kr\u00e1lov\u00e9\",\"isPartOf\":{\"@id\":\"https:\\\/\\\/www.dpmhk.cz\\\/cz\\\/#website\"},\"datePublished\":\"2025-11-15T15:04:57+00:00\",\"dateModified\":\"2026-03-26T21:00:09+00:00\",\"description\":\"Zobrazen\u00ed v\u00fdsledk\u016f v\u00e1mi zadan\u00e9ho spojen\u00ed mezi zast\u00e1vkami MHD. Upravujte zast\u00e1vky nebo \u010das a v\u017edy se dosta\u0148te tam, kam pr\u00e1v\u011b pot\u0159ebujete.\",\"breadcrumb\":{\"@id\":\"https:\\\/\\\/www.dpmhk.cz\\\/cz\\\/jizdni-rady\\\/jizdni-rady-vyhledavani\\\/vysledky\\\/#breadcrumb\"},\"inLanguage\":\"en-US\",\"potentialAction\":[{\"@type\":\"ReadAction\",\"target\":[\"https:\\\/\\\/www.dpmhk.cz\\\/cz\\\/jizdni-rady\\\/jizdni-rady-vyhledavani\\\/vysledky\\\/\"]}]},{\"@type\":\"BreadcrumbList\",\"@id\":\"https:\\\/\\\/www.dpmhk.cz\\\/cz\\\/jizdni-rady\\\/jizdni-rady-vyhledavani\\\/vysledky\\\/#breadcrumb\",\"itemListElement\":[{\"@type\":\"ListItem\",\"position\":1,\"name\":\"Dom\u016f\",\"item\":\"https:\\\/\\\/www.dpmhk.cz\\\/cz\\\/\"},{\"@type\":\"ListItem\",\"position\":2,\"name\":\"J\u00edzdn\u00ed \u0159\u00e1dy\",\"item\":\"https:\\\/\\\/www.dpmhk.cz\\\/cz\\\/jizdni-rady\\\/\"},{\"@type\":\"ListItem\",\"position\":3,\"name\":\"Vyhled\u00e1v\u00e1n\u00ed v j\u00edzdn\u00edch \u0159\u00e1dech\",\"item\":\"https:\\\/\\\/www.dpmhk.cz\\\/cz\\\/jizdni-rady\\\/jizdni-rady-vyhledavani\\\/\"},{\"@type\":\"ListItem\",\"position\":4,\"name\":\"Vyhledan\u00e9 spoje\"}]},{\"@type\":\"WebSite\",\"@id\":\"https:\\\/\\\/www.dpmhk.cz\\\/cz\\\/#website\",\"url\":\"https:\\\/\\\/www.dpmhk.cz\\\/cz\\\/\",\"name\":\"Dopravn\u00ed podnik m\u011bsta Hradce Kr\u00e1lov\u00e9\",\"description\":\"Ofici\u00e1ln\u00ed webov\u00e9 str\u00e1nky\",\"publisher\":{\"@id\":\"https:\\\/\\\/www.dpmhk.cz\\\/cz\\\/#organization\"},\"alternateName\":\"Dopravn\u00ed podnik m\u011bsta Hradce Kr\u00e1lov\u00e9\",\"potentialAction\":[{\"@type\":\"SearchAction\",\"target\":{\"@type\":\"EntryPoint\",\"urlTemplate\":\"https:\\\/\\\/www.dpmhk.cz\\\/cz\\\/?s={search_term_string}\"},\"query-input\":{\"@type\":\"PropertyValueSpecification\",\"valueRequired\":true,\"valueName\":\"search_term_string\"}}],\"inLanguage\":\"en-US\"},{\"@type\":[\"Organization\",\"Place\"],\"@id\":\"https:\\\/\\\/www.dpmhk.cz\\\/cz\\\/#organization\",\"name\":\"Dopravn\u00ed podnik m\u011bsta Hradce Kr\u00e1lov\u00e9, a.s.\",\"alternateName\":\"DPmHK\",\"url\":\"https:\\\/\\\/www.dpmhk.cz\\\/cz\\\/\",\"logo\":{\"@id\":\"https:\\\/\\\/www.dpmhk.cz\\\/cz\\\/jizdni-rady\\\/jizdni-rady-vyhledavani\\\/vysledky\\\/#local-main-organization-logo\"},\"image\":{\"@id\":\"https:\\\/\\\/www.dpmhk.cz\\\/cz\\\/jizdni-rady\\\/jizdni-rady-vyhledavani\\\/vysledky\\\/#local-main-organization-logo\"},\"sameAs\":[\"https:\\\/\\\/www.facebook.com\\\/dopravnipodnikhk\\\/\",\"https:\\\/\\\/www.instagram.com\\\/dopravnipodnikhk\\\/\",\"https:\\\/\\\/www.youtube.com\\\/@dopravnipodnik-hk\"],\"legalName\":\"Dopravn\u00ed podnik m\u011bsta Hradce Kr\u00e1lov\u00e9, a.s.\",\"foundingDate\":\"1948-04-26\",\"numberOfEmployees\":{\"@type\":\"QuantitativeValue\",\"minValue\":\"201\",\"maxValue\":\"500\"},\"ownershipFundingInfo\":\"https:\\\/\\\/www.dpmhk.cz\\\/cz\\\/o-nas\\\/o-spolecnosti\\\/\",\"actionableFeedbackPolicy\":\"https:\\\/\\\/www.dpmhk.cz\\\/cz\\\/o-nas\\\/dokumenty-formulare\\\/\",\"ethicsPolicy\":\"https:\\\/\\\/www.dpmhk.cz\\\/cz\\\/o-nas\\\/o-spolecnosti\\\/\",\"diversityStaffingReport\":\"https:\\\/\\\/www.dpmhk.cz\\\/cz\\\/kariera\\\/\",\"address\":{\"@id\":\"https:\\\/\\\/www.dpmhk.cz\\\/cz\\\/jizdni-rady\\\/jizdni-rady-vyhledavani\\\/vysledky\\\/#local-main-place-address\"},\"telephone\":[\"+420 495 089 271\",\"+420 495 546 095\"],\"contactPoint\":{\"@type\":\"ContactPoint\",\"email\":\"info@dpmhk.cz\"},\"openingHoursSpecification\":[{\"@type\":\"OpeningHoursSpecification\",\"dayOfWeek\":[\"Monday\",\"Wednesday\"],\"opens\":\"07:00\",\"closes\":\"17:00\"},{\"@type\":\"OpeningHoursSpecification\",\"dayOfWeek\":[\"Tuesday\",\"Thursday\"],\"opens\":\"07:00\",\"closes\":\"16:30\"},{\"@type\":\"OpeningHoursSpecification\",\"dayOfWeek\":[\"Friday\"],\"opens\":\"07:00\",\"closes\":\"15:00\"},{\"@type\":\"OpeningHoursSpecification\",\"dayOfWeek\":[\"Saturday\",\"Sunday\"],\"opens\":\"00:00\",\"closes\":\"00:00\"}],\"vatID\":\"CZ25267213\",\"taxID\":\"25267213\"},{\"@type\":\"PostalAddress\",\"@id\":\"https:\\\/\\\/www.dpmhk.cz\\\/cz\\\/jizdni-rady\\\/jizdni-rady-vyhledavani\\\/vysledky\\\/#local-main-place-address\",\"streetAddress\":\"Pouchovsk\u00e1 153\",\"addressLocality\":\"Hradec Kr\u00e1lov\u00e9\",\"postalCode\":\"500 03\",\"addressRegion\":\"Aktivn\u00ed\",\"addressCountry\":\"CZ\"},{\"@type\":\"ImageObject\",\"inLanguage\":\"en-US\",\"@id\":\"https:\\\/\\\/www.dpmhk.cz\\\/cz\\\/jizdni-rady\\\/jizdni-rady-vyhledavani\\\/vysledky\\\/#local-main-organization-logo\",\"url\":\"https:\\\/\\\/www.dpmhk.cz\\\/wp-content\\\/uploads\\\/2025\\\/11\\\/DP_HK_Logo_cerne2025-1.svg\",\"contentUrl\":\"https:\\\/\\\/www.dpmhk.cz\\\/wp-content\\\/uploads\\\/2025\\\/11\\\/DP_HK_Logo_cerne2025-1.svg\",\"width\":123,\"height\":60,\"caption\":\"Dopravn\u00ed podnik m\u011bsta Hradce Kr\u00e1lov\u00e9, a.s.\"}]}<\/script>\n<meta name=\"geo.placename\" content=\"Hradec Kr\u00e1lov\u00e9\" \/>\n<meta name=\"geo.region\" content=\"Czech Republic\" \/>\n<!-- \/ Yoast SEO Premium plugin. -->","yoast_head_json":{"title":"Search engine results for wanted connections of public transport lines - Hradec Kralove City Transport Company","description":"Display the results of the connection between public transport stops that you specify. Edit stops or time and always get where you need to go.","robots":{"index":"index","follow":"follow","max-snippet":"max-snippet:-1","max-image-preview":"max-image-preview:large","max-video-preview":"max-video-preview:-1"},"canonical":"https:\/\/www.dpmhk.cz\/en\/driving-tips\/driving-advice-search\/results\/","og_locale":"en_US","og_type":"article","og_title":"V\u00fdsledky-vyhled\u00e1va\u010d spojen\u00ed","og_description":"Zobrazen\u00ed v\u00fdsledk\u016f v\u00e1mi zadan\u00e9ho spojen\u00ed mezi zast\u00e1vkami MHD. Upravujte zast\u00e1vky nebo \u010das a v\u017edy se dosta\u0148te tam, kam pr\u00e1v\u011b pot\u0159ebujete.","og_url":"https:\/\/www.dpmhk.cz\/en\/driving-tips\/driving-advice-search\/results\/","og_site_name":"Dopravn\u00ed podnik m\u011bsta Hradce Kr\u00e1lov\u00e9","article_publisher":"https:\/\/www.facebook.com\/dopravnipodnikhk\/","article_modified_time":"2026-03-26T21:00:09+00:00","og_image":[{"width":1600,"height":1067,"url":"https:\/\/www.dpmhk.cz\/wp-content\/uploads\/2025\/11\/dopravni-podnik-hk-oznacnik-zastavka.jpg","type":"image\/jpeg"}],"twitter_card":"summary_large_image","twitter_misc":{"Est. reading time":"1 minute"},"schema":{"@context":"https:\/\/schema.org","@graph":[{"@type":"WebPage","@id":"https:\/\/www.dpmhk.cz\/cz\/jizdni-rady\/jizdni-rady-vyhledavani\/vysledky\/","url":"https:\/\/www.dpmhk.cz\/cz\/jizdni-rady\/jizdni-rady-vyhledavani\/vysledky\/","name":"Search engine results for wanted connections of public transport lines - Hradec Kralove City Transport Company","isPartOf":{"@id":"https:\/\/www.dpmhk.cz\/cz\/#website"},"datePublished":"2025-11-15T15:04:57+00:00","dateModified":"2026-03-26T21:00:09+00:00","description":"Display the results of the connection between public transport stops that you specify. Edit stops or time and always get where you need to go.","breadcrumb":{"@id":"https:\/\/www.dpmhk.cz\/cz\/jizdni-rady\/jizdni-rady-vyhledavani\/vysledky\/#breadcrumb"},"inLanguage":"en-US","potentialAction":[{"@type":"ReadAction","target":["https:\/\/www.dpmhk.cz\/cz\/jizdni-rady\/jizdni-rady-vyhledavani\/vysledky\/"]}]},{"@type":"BreadcrumbList","@id":"https:\/\/www.dpmhk.cz\/cz\/jizdni-rady\/jizdni-rady-vyhledavani\/vysledky\/#breadcrumb","itemListElement":[{"@type":"ListItem","position":1,"name":"Dom\u016f","item":"https:\/\/www.dpmhk.cz\/cz\/"},{"@type":"ListItem","position":2,"name":"J\u00edzdn\u00ed \u0159\u00e1dy","item":"https:\/\/www.dpmhk.cz\/cz\/jizdni-rady\/"},{"@type":"ListItem","position":3,"name":"Vyhled\u00e1v\u00e1n\u00ed v j\u00edzdn\u00edch \u0159\u00e1dech","item":"https:\/\/www.dpmhk.cz\/cz\/jizdni-rady\/jizdni-rady-vyhledavani\/"},{"@type":"ListItem","position":4,"name":"Vyhledan\u00e9 spoje"}]},{"@type":"WebSite","@id":"https:\/\/www.dpmhk.cz\/cz\/#website","url":"https:\/\/www.dpmhk.cz\/cz\/","name":"Hradec Kr\u00e1lov\u00e9 City Transport Company","description":"Official website","publisher":{"@id":"https:\/\/www.dpmhk.cz\/cz\/#organization"},"alternateName":"Dopravn\u00ed podnik m\u011bsta Hradce Kr\u00e1lov\u00e9","potentialAction":[{"@type":"SearchAction","target":{"@type":"EntryPoint","urlTemplate":"https:\/\/www.dpmhk.cz\/cz\/?s={search_term_string}"},"query-input":{"@type":"PropertyValueSpecification","valueRequired":true,"valueName":"search_term_string"}}],"inLanguage":"en-US"},{"@type":["Organization","Place"],"@id":"https:\/\/www.dpmhk.cz\/cz\/#organization","name":"Hradec Kr\u00e1lov\u00e9 City Transport Company, a.s.","alternateName":"DPmHK","url":"https:\/\/www.dpmhk.cz\/cz\/","logo":{"@id":"https:\/\/www.dpmhk.cz\/cz\/jizdni-rady\/jizdni-rady-vyhledavani\/vysledky\/#local-main-organization-logo"},"image":{"@id":"https:\/\/www.dpmhk.cz\/cz\/jizdni-rady\/jizdni-rady-vyhledavani\/vysledky\/#local-main-organization-logo"},"sameAs":["https:\/\/www.facebook.com\/dopravnipodnikhk\/","https:\/\/www.instagram.com\/dopravnipodnikhk\/","https:\/\/www.youtube.com\/@dopravnipodnik-hk"],"legalName":"Dopravn\u00ed podnik m\u011bsta Hradce Kr\u00e1lov\u00e9, a.s.","foundingDate":"1948-04-26","numberOfEmployees":{"@type":"QuantitativeValue","minValue":"201","maxValue":"500"},"ownershipFundingInfo":"https:\/\/www.dpmhk.cz\/cz\/o-nas\/o-spolecnosti\/","actionableFeedbackPolicy":"https:\/\/www.dpmhk.cz\/cz\/o-nas\/dokumenty-formulare\/","ethicsPolicy":"https:\/\/www.dpmhk.cz\/cz\/o-nas\/o-spolecnosti\/","diversityStaffingReport":"https:\/\/www.dpmhk.cz\/cz\/kariera\/","address":{"@id":"https:\/\/www.dpmhk.cz\/cz\/jizdni-rady\/jizdni-rady-vyhledavani\/vysledky\/#local-main-place-address"},"telephone":["+420 495 089 271","+420 495 546 095"],"contactPoint":{"@type":"ContactPoint","email":"info@dpmhk.cz"},"openingHoursSpecification":[{"@type":"OpeningHoursSpecification","dayOfWeek":["Monday","Wednesday"],"opens":"07:00","closes":"17:00"},{"@type":"OpeningHoursSpecification","dayOfWeek":["Tuesday","Thursday"],"opens":"07:00","closes":"16:30"},{"@type":"OpeningHoursSpecification","dayOfWeek":["Friday"],"opens":"07:00","closes":"15:00"},{"@type":"OpeningHoursSpecification","dayOfWeek":["Saturday","Sunday"],"opens":"00:00","closes":"00:00"}],"vatID":"CZ25267213","taxID":"25267213"},{"@type":"PostalAddress","@id":"https:\/\/www.dpmhk.cz\/cz\/jizdni-rady\/jizdni-rady-vyhledavani\/vysledky\/#local-main-place-address","streetAddress":"Pouchovsk\u00e1 153","addressLocality":"Hradec Kr\u00e1lov\u00e9","postalCode":"500 03","addressRegion":"Aktivn\u00ed","addressCountry":"CZ"},{"@type":"ImageObject","inLanguage":"en-US","@id":"https:\/\/www.dpmhk.cz\/cz\/jizdni-rady\/jizdni-rady-vyhledavani\/vysledky\/#local-main-organization-logo","url":"https:\/\/www.dpmhk.cz\/wp-content\/uploads\/2025\/11\/DP_HK_Logo_cerne2025-1.svg","contentUrl":"https:\/\/www.dpmhk.cz\/wp-content\/uploads\/2025\/11\/DP_HK_Logo_cerne2025-1.svg","width":123,"height":60,"caption":"Dopravn\u00ed podnik m\u011bsta Hradce Kr\u00e1lov\u00e9, a.s."}]},"geo.placename":"Hradec Kr\u00e1lov\u00e9","geo.region":"Czech Republic"},"_links":{"self":[{"href":"https:\/\/www.dpmhk.cz\/en\/wp-json\/wp\/v2\/pages\/7132","targetHints":{"allow":["GET"]}}],"collection":[{"href":"https:\/\/www.dpmhk.cz\/en\/wp-json\/wp\/v2\/pages"}],"about":[{"href":"https:\/\/www.dpmhk.cz\/en\/wp-json\/wp\/v2\/types\/page"}],"author":[{"embeddable":true,"href":"https:\/\/www.dpmhk.cz\/en\/wp-json\/wp\/v2\/users\/2"}],"replies":[{"embeddable":true,"href":"https:\/\/www.dpmhk.cz\/en\/wp-json\/wp\/v2\/comments?post=7132"}],"version-history":[{"count":5,"href":"https:\/\/www.dpmhk.cz\/en\/wp-json\/wp\/v2\/pages\/7132\/revisions"}],"predecessor-version":[{"id":22371,"href":"https:\/\/www.dpmhk.cz\/en\/wp-json\/wp\/v2\/pages\/7132\/revisions\/22371"}],"up":[{"embeddable":true,"href":"https:\/\/www.dpmhk.cz\/en\/wp-json\/wp\/v2\/pages\/96"}],"wp:attachment":[{"href":"https:\/\/www.dpmhk.cz\/en\/wp-json\/wp\/v2\/media?parent=7132"}],"curies":[{"name":"wp","href":"https:\/\/api.w.org\/{rel}","templated":true}]}}