{"id":7294,"date":"2025-11-18T14:39:33","date_gmt":"2025-11-18T13:39:33","guid":{"rendered":"https:\/\/www.dopravnipodnikhk.cz\/?page_id=7294"},"modified":"2026-03-12T10:12:00","modified_gmt":"2026-03-12T09:12:00","slug":"capping-the-maximum-daily-spend","status":"publish","type":"page","link":"https:\/\/www.dpmhk.cz\/en\/jizdenky\/prehled-jizdenek\/zastropovani-maximalni-denni-utraty\/","title":{"rendered":"Capping the maximum daily spend"},"content":{"rendered":"<div data-elementor-type=\"wp-page\" data-elementor-id=\"7294\" class=\"elementor elementor-7294\" wpc-filter-elementor-widget=\"1\" data-elementor-post-type=\"page\">\n\t\t\t\t<div class=\"elementor-element elementor-element-cb3ad12 e-flex e-con-boxed e-con e-parent\" data-id=\"cb3ad12\" data-element_type=\"container\" data-e-type=\"container\">\n\t\t\t\t\t<div class=\"e-con-inner\">\n\t\t\t\t<div class=\"elementor-element elementor-element-270dc27 elementor-widget elementor-widget-breadcrumbs\" data-id=\"270dc27\" data-element_type=\"widget\" data-e-type=\"widget\" data-widget_type=\"breadcrumbs.default\">\n\t\t\t\t<div class=\"elementor-widget-container\">\n\t\t\t\t\t<p id=\"breadcrumbs\"><span><span><a href=\"https:\/\/www.dpmhk.cz\/en\/\"><span class=\"fa fa-home\" aria-hidden=\"true\"><\/span><span class=\"screen-reader-text\">Home<\/span><\/a><\/span><\/span><\/p>\t\t\t\t<\/div>\n\t\t\t\t<\/div>\n\t\t\t\t<div class=\"elementor-element elementor-element-36e6e92 elementor-widget elementor-widget-heading\" data-id=\"36e6e92\" data-element_type=\"widget\" data-e-type=\"widget\" data-widget_type=\"heading.default\">\n\t\t\t\t<div class=\"elementor-widget-container\">\n\t\t\t\t\t<h2 class=\"elementor-heading-title elementor-size-default\">Capping the maximum daily spend<\/h2>\t\t\t\t<\/div>\n\t\t\t\t<\/div>\n\t\t\t\t<div class=\"elementor-element elementor-element-c3d2d3d elementor-widget elementor-widget-text-editor\" data-id=\"c3d2d3d\" data-element_type=\"widget\" data-e-type=\"widget\" data-widget_type=\"text-editor.default\">\n\t\t\t\t<div class=\"elementor-widget-container\">\n\t\t\t\t\t\t\t\t\t<p>As of September 2025, Hradec Kr\u00e1lov\u00e9 public transport has introduced a price cap for electronic piece tickets. Regardless of the total number of purchases of individual electronic piece tickets made during the day, passengers will always pay the maximum value of a full-day ticket. Tickets purchased by one carrier will be processed in the fare core over a 24-hour period (this is the period from 01:00 to 00:59 of the following day) and if their total price exceeds the price of a 24-hour ticket, the price of the 24-hour ticket will be capped at the price of the 24-hour ticket. Thus, the customer does not need to consider in advance whether it is worth buying a day ticket or buying individual tickets, just buy a ticket for each journey and the Fair Tariff system will take care of the overall price.<\/p><p>Tickets purchased under the \u201eSelect another ticket\u201c button are not included in the discount. This option is used for a fellow passenger.<\/p><p>The Fair Tariff does not work with payments using an unregistered IREDO card due to technical limitations.<\/p>\t\t\t\t\t\t\t\t<\/div>\n\t\t\t\t<\/div>\n\t\t\t\t\t<\/div>\n\t\t\t\t<\/div>\n\t\t\t\t<\/div>","protected":false},"excerpt":{"rendered":"<p>Zastropov\u00e1n\u00ed maxim\u00e1ln\u00ed denn\u00ed \u00fatraty Od z\u00e1\u0159\u00ed 2025 zavedla hradeck\u00e1 MHD zastropov\u00e1n\u00ed ceny elektronick\u00fdch kusov\u00fdch j\u00edzdenek. Bez ohledu na celkov\u00fd po\u010det realizovan\u00fdch n\u00e1kup\u016f jednotliv\u00fdch elektronick\u00fdch kusov\u00fdch j\u00edzdenek b\u011bhem dne cestuj\u00edc\u00ed v\u017edy zaplat\u00ed maxim\u00e1ln\u011b hodnotu celodenn\u00ed j\u00edzdenky. J\u00edzdenky zakoupen\u00e9 jedn\u00edm nosi\u010dem se v tarifn\u00edm j\u00e1dru za obdob\u00ed 24 hodin zpracuj\u00ed (jedn\u00e1 se o dobu od 01:00 a\u017e [&hellip;]<\/p>\n","protected":false},"author":1,"featured_media":0,"parent":5321,"menu_order":0,"comment_status":"closed","ping_status":"closed","template":"","meta":{"_acf_changed":false,"footnotes":""},"class_list":["post-7294","page","type-page","status-publish","hentry"],"acf":[],"yoast_head":"<!-- This site is optimized with the Yoast SEO Premium plugin v27.3 (Yoast SEO v27.3) - https:\/\/yoast.com\/product\/yoast-seo-premium-wordpress\/ -->\n<title>Zastropov\u00e1n\u00ed maxim\u00e1ln\u00ed denn\u00ed \u00fatraty - Dopravn\u00ed podnik m\u011bsta Hradce Kr\u00e1lov\u00e9<\/title>\n<meta name=\"description\" content=\"Zastropov\u00e1n\u00ed denn\u00ed \u00fatraty: od z\u00e1\u0159\u00ed 2025, maxim\u00e1ln\u011b 100 K\u010d za v\u0161echny elektronick\u00e9 j\u00edzdenky za 24 hodin. Cenu pohl\u00edd\u00e1 Syst\u00e9m Fair tarif.\" \/>\n<meta name=\"robots\" content=\"index, follow, max-snippet:-1, max-image-preview:large, max-video-preview:-1\" \/>\n<link rel=\"canonical\" href=\"https:\/\/www.dpmhk.cz\/en\/rides\/overview-of-the-rides\/capping-the-maximum-daily-spend\/\" \/>\n<meta property=\"og:locale\" content=\"en_US\" \/>\n<meta property=\"og:type\" content=\"article\" \/>\n<meta property=\"og:title\" content=\"Zastropov\u00e1n\u00ed maxim\u00e1ln\u00ed denn\u00ed \u00fatraty\" \/>\n<meta property=\"og:description\" content=\"Zastropov\u00e1n\u00ed denn\u00ed \u00fatraty: od z\u00e1\u0159\u00ed 2025, maxim\u00e1ln\u011b 100 K\u010d za v\u0161echny elektronick\u00e9 j\u00edzdenky za 24 hodin. Cenu pohl\u00edd\u00e1 Syst\u00e9m Fair tarif.\" \/>\n<meta property=\"og:url\" content=\"https:\/\/www.dpmhk.cz\/en\/rides\/overview-of-the-rides\/capping-the-maximum-daily-spend\/\" \/>\n<meta property=\"og:site_name\" content=\"Dopravn\u00ed podnik m\u011bsta Hradce Kr\u00e1lov\u00e9\" \/>\n<meta property=\"article:publisher\" content=\"https:\/\/www.facebook.com\/dopravnipodnikhk\/\" \/>\n<meta property=\"article:modified_time\" content=\"2026-03-12T09:12:00+00:00\" \/>\n<meta property=\"og:image\" content=\"https:\/\/www.dpmhk.cz\/wp-content\/uploads\/2025\/11\/dopravni-podnik-hk-oznacnik-zastavka.jpg\" \/>\n\t<meta property=\"og:image:width\" content=\"1600\" \/>\n\t<meta property=\"og:image:height\" content=\"1067\" \/>\n\t<meta property=\"og:image:type\" content=\"image\/jpeg\" \/>\n<meta name=\"twitter:card\" content=\"summary_large_image\" \/>\n<meta name=\"twitter:label1\" content=\"Est. reading time\" \/>\n\t<meta name=\"twitter:data1\" content=\"1 minute\" \/>\n<script type=\"application\/ld+json\" class=\"yoast-schema-graph\">{\"@context\":\"https:\\\/\\\/schema.org\",\"@graph\":[{\"@type\":\"WebPage\",\"@id\":\"https:\\\/\\\/www.dpmhk.cz\\\/cz\\\/jizdenky\\\/prehled-jizdenek\\\/zastropovani-maximalni-denni-utraty\\\/\",\"url\":\"https:\\\/\\\/www.dpmhk.cz\\\/cz\\\/jizdenky\\\/prehled-jizdenek\\\/zastropovani-maximalni-denni-utraty\\\/\",\"name\":\"Zastropov\u00e1n\u00ed maxim\u00e1ln\u00ed denn\u00ed \u00fatraty - Dopravn\u00ed podnik m\u011bsta Hradce Kr\u00e1lov\u00e9\",\"isPartOf\":{\"@id\":\"https:\\\/\\\/www.dpmhk.cz\\\/cz\\\/#website\"},\"datePublished\":\"2025-11-18T13:39:33+00:00\",\"dateModified\":\"2026-03-12T09:12:00+00:00\",\"description\":\"Zastropov\u00e1n\u00ed denn\u00ed \u00fatraty: od z\u00e1\u0159\u00ed 2025, maxim\u00e1ln\u011b 100 K\u010d za v\u0161echny elektronick\u00e9 j\u00edzdenky za 24 hodin. Cenu pohl\u00edd\u00e1 Syst\u00e9m Fair tarif.\",\"breadcrumb\":{\"@id\":\"https:\\\/\\\/www.dpmhk.cz\\\/cz\\\/jizdenky\\\/prehled-jizdenek\\\/zastropovani-maximalni-denni-utraty\\\/#breadcrumb\"},\"inLanguage\":\"en-US\",\"potentialAction\":[{\"@type\":\"ReadAction\",\"target\":[\"https:\\\/\\\/www.dpmhk.cz\\\/cz\\\/jizdenky\\\/prehled-jizdenek\\\/zastropovani-maximalni-denni-utraty\\\/\"]}]},{\"@type\":\"BreadcrumbList\",\"@id\":\"https:\\\/\\\/www.dpmhk.cz\\\/cz\\\/jizdenky\\\/prehled-jizdenek\\\/zastropovani-maximalni-denni-utraty\\\/#breadcrumb\",\"itemListElement\":[{\"@type\":\"ListItem\",\"position\":1,\"name\":\"Dom\u016f\",\"item\":\"https:\\\/\\\/www.dpmhk.cz\\\/cz\\\/\"},{\"@type\":\"ListItem\",\"position\":2,\"name\":\"J\u00edzdenky\",\"item\":\"https:\\\/\\\/www.dpmhk.cz\\\/cz\\\/jizdenky\\\/\"},{\"@type\":\"ListItem\",\"position\":3,\"name\":\"Celkov\u00fd p\u0159ehled j\u00edzdenek\",\"item\":\"https:\\\/\\\/dpmhk.cz\\\/cz\\\/jizdenky\\\/prehled-jizdenek\\\/\"},{\"@type\":\"ListItem\",\"position\":4,\"name\":\"Zastropov\u00e1n\u00ed maxim\u00e1ln\u00ed denn\u00ed \u00fatraty\"}]},{\"@type\":\"WebSite\",\"@id\":\"https:\\\/\\\/www.dpmhk.cz\\\/cz\\\/#website\",\"url\":\"https:\\\/\\\/www.dpmhk.cz\\\/cz\\\/\",\"name\":\"Dopravn\u00ed podnik m\u011bsta Hradce Kr\u00e1lov\u00e9\",\"description\":\"Ofici\u00e1ln\u00ed webov\u00e9 str\u00e1nky\",\"publisher\":{\"@id\":\"https:\\\/\\\/www.dpmhk.cz\\\/cz\\\/#organization\"},\"alternateName\":\"Dopravn\u00ed podnik m\u011bsta Hradce Kr\u00e1lov\u00e9\",\"potentialAction\":[{\"@type\":\"SearchAction\",\"target\":{\"@type\":\"EntryPoint\",\"urlTemplate\":\"https:\\\/\\\/www.dpmhk.cz\\\/cz\\\/?s={search_term_string}\"},\"query-input\":{\"@type\":\"PropertyValueSpecification\",\"valueRequired\":true,\"valueName\":\"search_term_string\"}}],\"inLanguage\":\"en-US\"},{\"@type\":[\"Organization\",\"Place\"],\"@id\":\"https:\\\/\\\/www.dpmhk.cz\\\/cz\\\/#organization\",\"name\":\"Dopravn\u00ed podnik m\u011bsta Hradce Kr\u00e1lov\u00e9, a.s.\",\"alternateName\":\"DPmHK\",\"url\":\"https:\\\/\\\/www.dpmhk.cz\\\/cz\\\/\",\"logo\":{\"@id\":\"https:\\\/\\\/www.dpmhk.cz\\\/cz\\\/jizdenky\\\/prehled-jizdenek\\\/zastropovani-maximalni-denni-utraty\\\/#local-main-organization-logo\"},\"image\":{\"@id\":\"https:\\\/\\\/www.dpmhk.cz\\\/cz\\\/jizdenky\\\/prehled-jizdenek\\\/zastropovani-maximalni-denni-utraty\\\/#local-main-organization-logo\"},\"sameAs\":[\"https:\\\/\\\/www.facebook.com\\\/dopravnipodnikhk\\\/\",\"https:\\\/\\\/www.instagram.com\\\/dopravnipodnikhk\\\/\",\"https:\\\/\\\/www.youtube.com\\\/@dopravnipodnik-hk\"],\"legalName\":\"Dopravn\u00ed podnik m\u011bsta Hradce Kr\u00e1lov\u00e9, a.s.\",\"foundingDate\":\"1948-04-26\",\"numberOfEmployees\":{\"@type\":\"QuantitativeValue\",\"minValue\":\"201\",\"maxValue\":\"500\"},\"ownershipFundingInfo\":\"https:\\\/\\\/www.dpmhk.cz\\\/cz\\\/o-nas\\\/o-spolecnosti\\\/\",\"actionableFeedbackPolicy\":\"https:\\\/\\\/www.dpmhk.cz\\\/cz\\\/o-nas\\\/dokumenty-formulare\\\/\",\"ethicsPolicy\":\"https:\\\/\\\/www.dpmhk.cz\\\/cz\\\/o-nas\\\/o-spolecnosti\\\/\",\"diversityStaffingReport\":\"https:\\\/\\\/www.dpmhk.cz\\\/cz\\\/kariera\\\/\",\"address\":{\"@id\":\"https:\\\/\\\/www.dpmhk.cz\\\/cz\\\/jizdenky\\\/prehled-jizdenek\\\/zastropovani-maximalni-denni-utraty\\\/#local-main-place-address\"},\"telephone\":[\"+420 495 089 271\",\"+420 495 546 095\"],\"contactPoint\":{\"@type\":\"ContactPoint\",\"email\":\"info@dpmhk.cz\"},\"openingHoursSpecification\":[{\"@type\":\"OpeningHoursSpecification\",\"dayOfWeek\":[\"Monday\",\"Wednesday\"],\"opens\":\"07:00\",\"closes\":\"17:00\"},{\"@type\":\"OpeningHoursSpecification\",\"dayOfWeek\":[\"Tuesday\",\"Thursday\"],\"opens\":\"07:00\",\"closes\":\"16:30\"},{\"@type\":\"OpeningHoursSpecification\",\"dayOfWeek\":[\"Friday\"],\"opens\":\"07:00\",\"closes\":\"15:00\"},{\"@type\":\"OpeningHoursSpecification\",\"dayOfWeek\":[\"Saturday\",\"Sunday\"],\"opens\":\"00:00\",\"closes\":\"00:00\"}],\"vatID\":\"CZ25267213\",\"taxID\":\"25267213\"},{\"@type\":\"PostalAddress\",\"@id\":\"https:\\\/\\\/www.dpmhk.cz\\\/cz\\\/jizdenky\\\/prehled-jizdenek\\\/zastropovani-maximalni-denni-utraty\\\/#local-main-place-address\",\"streetAddress\":\"Pouchovsk\u00e1 153\",\"addressLocality\":\"Hradec Kr\u00e1lov\u00e9\",\"postalCode\":\"500 03\",\"addressRegion\":\"Aktivn\u00ed\",\"addressCountry\":\"CZ\"},{\"@type\":\"ImageObject\",\"inLanguage\":\"en-US\",\"@id\":\"https:\\\/\\\/www.dpmhk.cz\\\/cz\\\/jizdenky\\\/prehled-jizdenek\\\/zastropovani-maximalni-denni-utraty\\\/#local-main-organization-logo\",\"url\":\"https:\\\/\\\/www.dpmhk.cz\\\/wp-content\\\/uploads\\\/2025\\\/11\\\/DP_HK_Logo_cerne2025-1.svg\",\"contentUrl\":\"https:\\\/\\\/www.dpmhk.cz\\\/wp-content\\\/uploads\\\/2025\\\/11\\\/DP_HK_Logo_cerne2025-1.svg\",\"width\":123,\"height\":60,\"caption\":\"Dopravn\u00ed podnik m\u011bsta Hradce Kr\u00e1lov\u00e9, a.s.\"}]}<\/script>\n<meta name=\"geo.placename\" content=\"Hradec Kr\u00e1lov\u00e9\" \/>\n<meta name=\"geo.region\" content=\"Czech Republic\" \/>\n<!-- \/ Yoast SEO Premium plugin. -->","yoast_head_json":{"title":"Capping the maximum daily spend - Hradec Kr\u00e1lov\u00e9 City Transport Company","description":"Flat-rate daily spending: from September 2025, a maximum of CZK 100 for all e-tickets in 24 hours. The price will be monitored by the Fair Tariff System.","robots":{"index":"index","follow":"follow","max-snippet":"max-snippet:-1","max-image-preview":"max-image-preview:large","max-video-preview":"max-video-preview:-1"},"canonical":"https:\/\/www.dpmhk.cz\/en\/rides\/overview-of-the-rides\/capping-the-maximum-daily-spend\/","og_locale":"en_US","og_type":"article","og_title":"Zastropov\u00e1n\u00ed maxim\u00e1ln\u00ed denn\u00ed \u00fatraty","og_description":"Zastropov\u00e1n\u00ed denn\u00ed \u00fatraty: od z\u00e1\u0159\u00ed 2025, maxim\u00e1ln\u011b 100 K\u010d za v\u0161echny elektronick\u00e9 j\u00edzdenky za 24 hodin. Cenu pohl\u00edd\u00e1 Syst\u00e9m Fair tarif.","og_url":"https:\/\/www.dpmhk.cz\/en\/rides\/overview-of-the-rides\/capping-the-maximum-daily-spend\/","og_site_name":"Dopravn\u00ed podnik m\u011bsta Hradce Kr\u00e1lov\u00e9","article_publisher":"https:\/\/www.facebook.com\/dopravnipodnikhk\/","article_modified_time":"2026-03-12T09:12:00+00:00","og_image":[{"width":1600,"height":1067,"url":"https:\/\/www.dpmhk.cz\/wp-content\/uploads\/2025\/11\/dopravni-podnik-hk-oznacnik-zastavka.jpg","type":"image\/jpeg"}],"twitter_card":"summary_large_image","twitter_misc":{"Est. reading time":"1 minute"},"schema":{"@context":"https:\/\/schema.org","@graph":[{"@type":"WebPage","@id":"https:\/\/www.dpmhk.cz\/cz\/jizdenky\/prehled-jizdenek\/zastropovani-maximalni-denni-utraty\/","url":"https:\/\/www.dpmhk.cz\/cz\/jizdenky\/prehled-jizdenek\/zastropovani-maximalni-denni-utraty\/","name":"Capping the maximum daily spend - Hradec Kr\u00e1lov\u00e9 City Transport Company","isPartOf":{"@id":"https:\/\/www.dpmhk.cz\/cz\/#website"},"datePublished":"2025-11-18T13:39:33+00:00","dateModified":"2026-03-12T09:12:00+00:00","description":"Flat-rate daily spending: from September 2025, a maximum of CZK 100 for all e-tickets in 24 hours. The price will be monitored by the Fair Tariff System.","breadcrumb":{"@id":"https:\/\/www.dpmhk.cz\/cz\/jizdenky\/prehled-jizdenek\/zastropovani-maximalni-denni-utraty\/#breadcrumb"},"inLanguage":"en-US","potentialAction":[{"@type":"ReadAction","target":["https:\/\/www.dpmhk.cz\/cz\/jizdenky\/prehled-jizdenek\/zastropovani-maximalni-denni-utraty\/"]}]},{"@type":"BreadcrumbList","@id":"https:\/\/www.dpmhk.cz\/cz\/jizdenky\/prehled-jizdenek\/zastropovani-maximalni-denni-utraty\/#breadcrumb","itemListElement":[{"@type":"ListItem","position":1,"name":"Dom\u016f","item":"https:\/\/www.dpmhk.cz\/cz\/"},{"@type":"ListItem","position":2,"name":"J\u00edzdenky","item":"https:\/\/www.dpmhk.cz\/cz\/jizdenky\/"},{"@type":"ListItem","position":3,"name":"Celkov\u00fd p\u0159ehled j\u00edzdenek","item":"https:\/\/dpmhk.cz\/cz\/jizdenky\/prehled-jizdenek\/"},{"@type":"ListItem","position":4,"name":"Zastropov\u00e1n\u00ed maxim\u00e1ln\u00ed denn\u00ed \u00fatraty"}]},{"@type":"WebSite","@id":"https:\/\/www.dpmhk.cz\/cz\/#website","url":"https:\/\/www.dpmhk.cz\/cz\/","name":"Hradec Kr\u00e1lov\u00e9 City Transport Company","description":"Official website","publisher":{"@id":"https:\/\/www.dpmhk.cz\/cz\/#organization"},"alternateName":"Dopravn\u00ed podnik m\u011bsta Hradce Kr\u00e1lov\u00e9","potentialAction":[{"@type":"SearchAction","target":{"@type":"EntryPoint","urlTemplate":"https:\/\/www.dpmhk.cz\/cz\/?s={search_term_string}"},"query-input":{"@type":"PropertyValueSpecification","valueRequired":true,"valueName":"search_term_string"}}],"inLanguage":"en-US"},{"@type":["Organization","Place"],"@id":"https:\/\/www.dpmhk.cz\/cz\/#organization","name":"Hradec Kr\u00e1lov\u00e9 City Transport Company, a.s.","alternateName":"DPmHK","url":"https:\/\/www.dpmhk.cz\/cz\/","logo":{"@id":"https:\/\/www.dpmhk.cz\/cz\/jizdenky\/prehled-jizdenek\/zastropovani-maximalni-denni-utraty\/#local-main-organization-logo"},"image":{"@id":"https:\/\/www.dpmhk.cz\/cz\/jizdenky\/prehled-jizdenek\/zastropovani-maximalni-denni-utraty\/#local-main-organization-logo"},"sameAs":["https:\/\/www.facebook.com\/dopravnipodnikhk\/","https:\/\/www.instagram.com\/dopravnipodnikhk\/","https:\/\/www.youtube.com\/@dopravnipodnik-hk"],"legalName":"Dopravn\u00ed podnik m\u011bsta Hradce Kr\u00e1lov\u00e9, a.s.","foundingDate":"1948-04-26","numberOfEmployees":{"@type":"QuantitativeValue","minValue":"201","maxValue":"500"},"ownershipFundingInfo":"https:\/\/www.dpmhk.cz\/cz\/o-nas\/o-spolecnosti\/","actionableFeedbackPolicy":"https:\/\/www.dpmhk.cz\/cz\/o-nas\/dokumenty-formulare\/","ethicsPolicy":"https:\/\/www.dpmhk.cz\/cz\/o-nas\/o-spolecnosti\/","diversityStaffingReport":"https:\/\/www.dpmhk.cz\/cz\/kariera\/","address":{"@id":"https:\/\/www.dpmhk.cz\/cz\/jizdenky\/prehled-jizdenek\/zastropovani-maximalni-denni-utraty\/#local-main-place-address"},"telephone":["+420 495 089 271","+420 495 546 095"],"contactPoint":{"@type":"ContactPoint","email":"info@dpmhk.cz"},"openingHoursSpecification":[{"@type":"OpeningHoursSpecification","dayOfWeek":["Monday","Wednesday"],"opens":"07:00","closes":"17:00"},{"@type":"OpeningHoursSpecification","dayOfWeek":["Tuesday","Thursday"],"opens":"07:00","closes":"16:30"},{"@type":"OpeningHoursSpecification","dayOfWeek":["Friday"],"opens":"07:00","closes":"15:00"},{"@type":"OpeningHoursSpecification","dayOfWeek":["Saturday","Sunday"],"opens":"00:00","closes":"00:00"}],"vatID":"CZ25267213","taxID":"25267213"},{"@type":"PostalAddress","@id":"https:\/\/www.dpmhk.cz\/cz\/jizdenky\/prehled-jizdenek\/zastropovani-maximalni-denni-utraty\/#local-main-place-address","streetAddress":"Pouchovsk\u00e1 153","addressLocality":"Hradec Kr\u00e1lov\u00e9","postalCode":"500 03","addressRegion":"Aktivn\u00ed","addressCountry":"CZ"},{"@type":"ImageObject","inLanguage":"en-US","@id":"https:\/\/www.dpmhk.cz\/cz\/jizdenky\/prehled-jizdenek\/zastropovani-maximalni-denni-utraty\/#local-main-organization-logo","url":"https:\/\/www.dpmhk.cz\/wp-content\/uploads\/2025\/11\/DP_HK_Logo_cerne2025-1.svg","contentUrl":"https:\/\/www.dpmhk.cz\/wp-content\/uploads\/2025\/11\/DP_HK_Logo_cerne2025-1.svg","width":123,"height":60,"caption":"Dopravn\u00ed podnik m\u011bsta Hradce Kr\u00e1lov\u00e9, a.s."}]},"geo.placename":"Hradec Kr\u00e1lov\u00e9","geo.region":"Czech Republic"},"_links":{"self":[{"href":"https:\/\/www.dpmhk.cz\/en\/wp-json\/wp\/v2\/pages\/7294","targetHints":{"allow":["GET"]}}],"collection":[{"href":"https:\/\/www.dpmhk.cz\/en\/wp-json\/wp\/v2\/pages"}],"about":[{"href":"https:\/\/www.dpmhk.cz\/en\/wp-json\/wp\/v2\/types\/page"}],"author":[{"embeddable":true,"href":"https:\/\/www.dpmhk.cz\/en\/wp-json\/wp\/v2\/users\/1"}],"replies":[{"embeddable":true,"href":"https:\/\/www.dpmhk.cz\/en\/wp-json\/wp\/v2\/comments?post=7294"}],"version-history":[{"count":5,"href":"https:\/\/www.dpmhk.cz\/en\/wp-json\/wp\/v2\/pages\/7294\/revisions"}],"predecessor-version":[{"id":21583,"href":"https:\/\/www.dpmhk.cz\/en\/wp-json\/wp\/v2\/pages\/7294\/revisions\/21583"}],"up":[{"embeddable":true,"href":"https:\/\/www.dpmhk.cz\/en\/wp-json\/wp\/v2\/pages\/5321"}],"wp:attachment":[{"href":"https:\/\/www.dpmhk.cz\/en\/wp-json\/wp\/v2\/media?parent=7294"}],"curies":[{"name":"wp","href":"https:\/\/api.w.org\/{rel}","templated":true}]}}