{"id":7374,"date":"2025-11-19T08:54:29","date_gmt":"2025-11-19T07:54:29","guid":{"rendered":"https:\/\/www.dopravnipodnikhk.cz\/?page_id=7374"},"modified":"2026-01-30T13:34:09","modified_gmt":"2026-01-30T12:34:09","slug":"paint-shop","status":"publish","type":"page","link":"https:\/\/www.dpmhk.cz\/en\/ostatni-sluzby\/servis-vozidel\/lakovna\/","title":{"rendered":"The Paint Shop"},"content":{"rendered":"<div data-elementor-type=\"wp-page\" data-elementor-id=\"7374\" class=\"elementor elementor-7374\" wpc-filter-elementor-widget=\"1\" data-elementor-post-type=\"page\">\n\t\t\t\t<div class=\"elementor-element elementor-element-a698d5e e-flex e-con-boxed e-con e-parent\" data-id=\"a698d5e\" data-element_type=\"container\" data-e-type=\"container\">\n\t\t\t\t\t<div class=\"e-con-inner\">\n\t\t\t\t<div class=\"elementor-element elementor-element-6a44977 elementor-widget elementor-widget-wp-widget-bcn_widget\" data-id=\"6a44977\" data-element_type=\"widget\" data-e-type=\"widget\" data-widget_type=\"wp-widget-bcn_widget.default\">\n\t\t\t\t<div class=\"elementor-widget-container\">\n\t\t\t\t\t<nav aria-label=\"Breadcrumb\" class=\"breadcrumbs\" vocab=\"https:\/\/schema.org\/\" typeof=\"BreadcrumbList\"><span property=\"itemListElement\" typeof=\"ListItem\"><a property=\"item\" typeof=\"WebPage\" title=\"Go to the Hradec Kr\u00e1lov\u00e9 Transport Company.\" href=\"https:\/\/www.dpmhk.cz\/en\" class=\"home\" aria-current=\"page\"><span property=\"name\" class=\"sr-only\">Home<\/span><i class=\"fa fa-home\" aria-hidden=\"rute\"><\/i><\/a><meta property=\"position\" content=\"1\"><\/span><\/nav>\t\t\t\t<\/div>\n\t\t\t\t<\/div>\n\t\t\t\t\t<\/div>\n\t\t\t\t<\/div>\n\t\t<div class=\"elementor-element elementor-element-6b8bcfe e-flex e-con-boxed e-con e-parent\" data-id=\"6b8bcfe\" data-element_type=\"container\" data-e-type=\"container\">\n\t\t\t\t\t<div class=\"e-con-inner\">\n\t\t<div class=\"elementor-element elementor-element-3ac0985 e-con-full e-flex e-con e-child\" data-id=\"3ac0985\" data-element_type=\"container\" data-e-type=\"container\">\n\t\t\t\t<div class=\"elementor-element elementor-element-6173e3d elementor-widget elementor-widget-heading\" data-id=\"6173e3d\" data-element_type=\"widget\" data-e-type=\"widget\" data-widget_type=\"heading.default\">\n\t\t\t\t<div class=\"elementor-widget-container\">\n\t\t\t\t\t<h2 class=\"elementor-heading-title elementor-size-default\">\nPaint shop for buses, vans, trucks, structural units, containers, sandwich panels, gates, etc.<\/h2>\t\t\t\t<\/div>\n\t\t\t\t<\/div>\n\t\t\t\t<div class=\"elementor-element elementor-element-0efcd9a elementor-widget elementor-widget-text-editor\" data-id=\"0efcd9a\" data-element_type=\"widget\" data-e-type=\"widget\" data-widget_type=\"text-editor.default\">\n\t\t\t\t<div class=\"elementor-widget-container\">\n\t\t\t\t\t\t\t\t\t<ul><li>Complete and partial painting of buses of all manufacturers and types.<\/li><li>Complete and partial painting of all makes and types of trucks, tractors and trailers.<\/li><li>Industrial painting of various structural units, containers, sandwich panels, doors, etc.<\/li><li>Paint box 22 metres long! (can be divided into 1\/3 and 2\/3 lengths if required).<\/li><li>Technology for Spies Hecker acrylic paints, including colour shade mixer.<\/li><li>Individual approach.<\/li><\/ul>\t\t\t\t\t\t\t\t<\/div>\n\t\t\t\t<\/div>\n\t\t<div class=\"elementor-element elementor-element-ea37eda e-con-full e-flex e-con e-child\" data-id=\"ea37eda\" data-element_type=\"container\" data-e-type=\"container\">\n\t\t\t\t<div class=\"elementor-element elementor-element-f9f7b75 elementor-widget elementor-widget-image\" data-id=\"f9f7b75\" data-element_type=\"widget\" data-e-type=\"widget\" data-widget_type=\"image.default\">\n\t\t\t\t<div class=\"elementor-widget-container\">\n\t\t\t\t\t\t\t\t\t\t\t\t\t\t\t<img fetchpriority=\"high\" decoding=\"async\" width=\"768\" height=\"432\" src=\"https:\/\/www.dpmhk.cz\/wp-content\/uploads\/2026\/01\/20190809_125112-768x432.jpg\" class=\"attachment-medium_large size-medium_large wp-image-11589\" alt=\"View into the paint shop of MHD HK\" srcset=\"https:\/\/www.dpmhk.cz\/wp-content\/uploads\/2026\/01\/20190809_125112-768x432.jpg 768w, https:\/\/www.dpmhk.cz\/wp-content\/uploads\/2026\/01\/20190809_125112-300x169.jpg 300w, https:\/\/www.dpmhk.cz\/wp-content\/uploads\/2026\/01\/20190809_125112-1536x864.jpg 1536w, https:\/\/www.dpmhk.cz\/wp-content\/uploads\/2026\/01\/20190809_125112-18x10.jpg 18w, https:\/\/www.dpmhk.cz\/wp-content\/uploads\/2026\/01\/20190809_125112.jpg 1600w\" sizes=\"(max-width: 768px) 100vw, 768px\" \/>\t\t\t\t\t\t\t\t\t\t\t\t\t\t\t<\/div>\n\t\t\t\t<\/div>\n\t\t\t\t<div class=\"elementor-element elementor-element-0b5bd8d elementor-widget__width-initial elementor-widget-mobile__width-initial elementor-widget elementor-widget-image\" data-id=\"0b5bd8d\" data-element_type=\"widget\" data-e-type=\"widget\" data-widget_type=\"image.default\">\n\t\t\t\t<div class=\"elementor-widget-container\">\n\t\t\t\t\t\t\t\t\t\t\t\t\t\t\t<img decoding=\"async\" width=\"768\" height=\"513\" src=\"https:\/\/www.dpmhk.cz\/wp-content\/uploads\/2026\/01\/MPF_9232s-768x513.jpg\" class=\"attachment-medium_large size-medium_large wp-image-11590\" alt=\"View into the paint shop of MHD HK\" srcset=\"https:\/\/www.dpmhk.cz\/wp-content\/uploads\/2026\/01\/MPF_9232s-768x513.jpg 768w, https:\/\/www.dpmhk.cz\/wp-content\/uploads\/2026\/01\/MPF_9232s-300x200.jpg 300w, https:\/\/www.dpmhk.cz\/wp-content\/uploads\/2026\/01\/MPF_9232s-1536x1025.jpg 1536w, https:\/\/www.dpmhk.cz\/wp-content\/uploads\/2026\/01\/MPF_9232s-18x12.jpg 18w, https:\/\/www.dpmhk.cz\/wp-content\/uploads\/2026\/01\/MPF_9232s.jpg 1600w\" sizes=\"(max-width: 768px) 100vw, 768px\" \/>\t\t\t\t\t\t\t\t\t\t\t\t\t\t\t<\/div>\n\t\t\t\t<\/div>\n\t\t\t\t<\/div>\n\t\t\t\t<div class=\"elementor-element elementor-element-ff23733 elementor-widget elementor-widget-text-editor\" data-id=\"ff23733\" data-element_type=\"widget\" data-e-type=\"widget\" data-widget_type=\"text-editor.default\">\n\t\t\t\t<div class=\"elementor-widget-container\">\n\t\t\t\t\t\t\t\t\t<p><strong>Contact<br \/>Ji\u0159\u00ed Mat\u011bjka<br \/><\/strong>matejka@dpmhk.cz<br \/>Phone: 495 089 245, 721 047 367<\/p>\t\t\t\t\t\t\t\t<\/div>\n\t\t\t\t<\/div>\n\t\t\t\t<\/div>\n\t\t\t\t\t<\/div>\n\t\t\t\t<\/div>\n\t\t\t\t<\/div>","protected":false},"excerpt":{"rendered":"<p>Lakovna autobus\u016f, dod\u00e1vkov\u00fdch, n\u00e1kladn\u00edch vozidel, konstruk\u010dn\u00edch celk\u016f, kontejner\u016f, sendvi\u010dov\u00fdch panel\u016f, vrat, apod. Kompletn\u00ed i d\u00edl\u010d\u00ed lakov\u00e1n\u00ed autobus\u016f v\u0161ech v\u00fdrobc\u016f a typ\u016f. Kompletn\u00ed i d\u00edl\u010d\u00ed lakov\u00e1n\u00ed v\u0161ech v\u00fdrobc\u016f a typ\u016f n\u00e1kladn\u00edch vozidel, taha\u010d\u016f a n\u00e1v\u011bs\u016f. Pr\u016fmyslov\u00e9 lakov\u00e1n\u00ed r\u016fzn\u00fdch konstruk\u010dn\u00edch celk\u016f, kontejner\u016f, sendvi\u010dov\u00fdch panel\u016f, vrat, apod. Lakovac\u00ed box o d\u00e9lce 22 metr\u016f! (dle pot\u0159eby se d\u00e1 rozd\u011blit [&hellip;]<\/p>\n","protected":false},"author":4,"featured_media":0,"parent":7056,"menu_order":0,"comment_status":"closed","ping_status":"closed","template":"","meta":{"_acf_changed":false,"footnotes":""},"class_list":["post-7374","page","type-page","status-publish","hentry"],"acf":[],"yoast_head":"<!-- This site is optimized with the Yoast SEO Premium plugin v27.2 (Yoast SEO v27.3) - https:\/\/yoast.com\/product\/yoast-seo-premium-wordpress\/ -->\n<title>Lakovna - Dopravn\u00ed podnik m\u011bsta Hradce Kr\u00e1lov\u00e9<\/title>\n<meta name=\"description\" content=\"Lakovna DPmHK \u2013 profesion\u00e1ln\u00ed lakov\u00e1n\u00ed autobus\u016f, n\u00e1kladn\u00edch vozidel i konstruk\u010dn\u00edch celk\u016f s individu\u00e1ln\u00edm p\u0159\u00edstupem a modern\u00ed technologi\u00ed.\" \/>\n<meta name=\"robots\" content=\"index, follow, max-snippet:-1, max-image-preview:large, max-video-preview:-1\" \/>\n<link rel=\"canonical\" href=\"https:\/\/www.dpmhk.cz\/en\/last-services\/vehicle-service\/paint-shop\/\" \/>\n<meta property=\"og:locale\" content=\"en_US\" \/>\n<meta property=\"og:type\" content=\"article\" \/>\n<meta property=\"og:title\" content=\"Lakovna\" \/>\n<meta property=\"og:description\" content=\"Lakovna DPmHK \u2013 profesion\u00e1ln\u00ed lakov\u00e1n\u00ed autobus\u016f, n\u00e1kladn\u00edch vozidel i konstruk\u010dn\u00edch celk\u016f s individu\u00e1ln\u00edm p\u0159\u00edstupem a modern\u00ed technologi\u00ed.\" \/>\n<meta property=\"og:url\" content=\"https:\/\/www.dpmhk.cz\/en\/last-services\/vehicle-service\/paint-shop\/\" \/>\n<meta property=\"og:site_name\" content=\"Dopravn\u00ed podnik m\u011bsta Hradce Kr\u00e1lov\u00e9\" \/>\n<meta property=\"article:publisher\" content=\"https:\/\/www.facebook.com\/dopravnipodnikhk\/\" \/>\n<meta property=\"article:modified_time\" content=\"2026-01-30T12:34:09+00:00\" \/>\n<meta property=\"og:image\" content=\"https:\/\/www.dpmhk.cz\/wp-content\/uploads\/2026\/01\/20190809_125112-768x432.jpg\" \/>\n<meta name=\"twitter:card\" content=\"summary_large_image\" \/>\n<meta name=\"twitter:label1\" content=\"Est. reading time\" \/>\n\t<meta name=\"twitter:data1\" content=\"1 minute\" \/>\n<script type=\"application\/ld+json\" class=\"yoast-schema-graph\">{\"@context\":\"https:\\\/\\\/schema.org\",\"@graph\":[{\"@type\":\"WebPage\",\"@id\":\"https:\\\/\\\/www.dpmhk.cz\\\/ostatni-sluzby\\\/servis-vozidel\\\/lakovna\\\/\",\"url\":\"https:\\\/\\\/www.dpmhk.cz\\\/ostatni-sluzby\\\/servis-vozidel\\\/lakovna\\\/\",\"name\":\"Lakovna - Dopravn\u00ed podnik m\u011bsta Hradce Kr\u00e1lov\u00e9\",\"isPartOf\":{\"@id\":\"https:\\\/\\\/www.dpmhk.cz\\\/cz\\\/#website\"},\"primaryImageOfPage\":{\"@id\":\"https:\\\/\\\/www.dpmhk.cz\\\/ostatni-sluzby\\\/servis-vozidel\\\/lakovna\\\/#primaryimage\"},\"image\":{\"@id\":\"https:\\\/\\\/www.dpmhk.cz\\\/ostatni-sluzby\\\/servis-vozidel\\\/lakovna\\\/#primaryimage\"},\"thumbnailUrl\":\"https:\\\/\\\/www.dpmhk.cz\\\/wp-content\\\/uploads\\\/2026\\\/01\\\/20190809_125112-768x432.jpg\",\"datePublished\":\"2025-11-19T07:54:29+00:00\",\"dateModified\":\"2026-01-30T12:34:09+00:00\",\"description\":\"Lakovna DPmHK \u2013 profesion\u00e1ln\u00ed lakov\u00e1n\u00ed autobus\u016f, n\u00e1kladn\u00edch vozidel i konstruk\u010dn\u00edch celk\u016f s individu\u00e1ln\u00edm p\u0159\u00edstupem a modern\u00ed technologi\u00ed.\",\"breadcrumb\":{\"@id\":\"https:\\\/\\\/www.dpmhk.cz\\\/ostatni-sluzby\\\/servis-vozidel\\\/lakovna\\\/#breadcrumb\"},\"inLanguage\":\"en-US\",\"potentialAction\":[{\"@type\":\"ReadAction\",\"target\":[\"https:\\\/\\\/www.dpmhk.cz\\\/ostatni-sluzby\\\/servis-vozidel\\\/lakovna\\\/\"]}]},{\"@type\":\"ImageObject\",\"inLanguage\":\"en-US\",\"@id\":\"https:\\\/\\\/www.dpmhk.cz\\\/ostatni-sluzby\\\/servis-vozidel\\\/lakovna\\\/#primaryimage\",\"url\":\"https:\\\/\\\/www.dpmhk.cz\\\/wp-content\\\/uploads\\\/2026\\\/01\\\/20190809_125112-768x432.jpg\",\"contentUrl\":\"https:\\\/\\\/www.dpmhk.cz\\\/wp-content\\\/uploads\\\/2026\\\/01\\\/20190809_125112-768x432.jpg\"},{\"@type\":\"BreadcrumbList\",\"@id\":\"https:\\\/\\\/www.dpmhk.cz\\\/ostatni-sluzby\\\/servis-vozidel\\\/lakovna\\\/#breadcrumb\",\"itemListElement\":[{\"@type\":\"ListItem\",\"position\":1,\"name\":\"Dom\u016f\",\"item\":\"https:\\\/\\\/www.dpmhk.cz\\\/cz\\\/\"},{\"@type\":\"ListItem\",\"position\":2,\"name\":\"Ostatn\u00ed slu\u017eby\",\"item\":\"https:\\\/\\\/www.dpmhk.cz\\\/ostatni-sluzby\\\/\"},{\"@type\":\"ListItem\",\"position\":3,\"name\":\"Servis vozidel\",\"item\":\"https:\\\/\\\/www.dpmhk.cz\\\/ostatni-sluzby\\\/servis-vozidel\\\/\"},{\"@type\":\"ListItem\",\"position\":4,\"name\":\"Lakovna\"}]},{\"@type\":\"WebSite\",\"@id\":\"https:\\\/\\\/www.dpmhk.cz\\\/cz\\\/#website\",\"url\":\"https:\\\/\\\/www.dpmhk.cz\\\/cz\\\/\",\"name\":\"Dopravn\u00ed podnik m\u011bsta Hradce Kr\u00e1lov\u00e9\",\"description\":\"Ofici\u00e1ln\u00ed webov\u00e9 str\u00e1nky\",\"publisher\":{\"@id\":\"https:\\\/\\\/www.dpmhk.cz\\\/cz\\\/#organization\"},\"alternateName\":\"Dopravn\u00ed podnik m\u011bsta Hradce Kr\u00e1lov\u00e9\",\"potentialAction\":[{\"@type\":\"SearchAction\",\"target\":{\"@type\":\"EntryPoint\",\"urlTemplate\":\"https:\\\/\\\/www.dpmhk.cz\\\/cz\\\/?s={search_term_string}\"},\"query-input\":{\"@type\":\"PropertyValueSpecification\",\"valueRequired\":true,\"valueName\":\"search_term_string\"}}],\"inLanguage\":\"en-US\"},{\"@type\":[\"Organization\",\"Place\"],\"@id\":\"https:\\\/\\\/www.dpmhk.cz\\\/cz\\\/#organization\",\"name\":\"Dopravn\u00ed podnik m\u011bsta Hradce Kr\u00e1lov\u00e9, a.s.\",\"alternateName\":\"DPmHK\",\"url\":\"https:\\\/\\\/www.dpmhk.cz\\\/cz\\\/\",\"logo\":{\"@id\":\"https:\\\/\\\/www.dpmhk.cz\\\/ostatni-sluzby\\\/servis-vozidel\\\/lakovna\\\/#local-main-organization-logo\"},\"image\":{\"@id\":\"https:\\\/\\\/www.dpmhk.cz\\\/ostatni-sluzby\\\/servis-vozidel\\\/lakovna\\\/#local-main-organization-logo\"},\"sameAs\":[\"https:\\\/\\\/www.facebook.com\\\/dopravnipodnikhk\\\/\",\"https:\\\/\\\/www.instagram.com\\\/dopravnipodnikhk\\\/\",\"https:\\\/\\\/www.youtube.com\\\/@dopravnipodnik-hk\"],\"legalName\":\"Dopravn\u00ed podnik m\u011bsta Hradce Kr\u00e1lov\u00e9, a.s.\",\"foundingDate\":\"1948-04-26\",\"numberOfEmployees\":{\"@type\":\"QuantitativeValue\",\"minValue\":\"201\",\"maxValue\":\"500\"},\"ownershipFundingInfo\":\"https:\\\/\\\/www.dpmhk.cz\\\/cz\\\/o-nas\\\/o-spolecnosti\\\/\",\"actionableFeedbackPolicy\":\"https:\\\/\\\/www.dpmhk.cz\\\/cz\\\/o-nas\\\/dokumenty-formulare\\\/\",\"ethicsPolicy\":\"https:\\\/\\\/www.dpmhk.cz\\\/cz\\\/o-nas\\\/o-spolecnosti\\\/\",\"diversityStaffingReport\":\"https:\\\/\\\/www.dpmhk.cz\\\/cz\\\/kariera\\\/\",\"address\":{\"@id\":\"https:\\\/\\\/www.dpmhk.cz\\\/ostatni-sluzby\\\/servis-vozidel\\\/lakovna\\\/#local-main-place-address\"},\"telephone\":[\"+420 495 089 271\",\"+420 495 546 095\"],\"contactPoint\":{\"@type\":\"ContactPoint\",\"email\":\"info@dpmhk.cz\"},\"openingHoursSpecification\":[{\"@type\":\"OpeningHoursSpecification\",\"dayOfWeek\":[\"Monday\",\"Wednesday\"],\"opens\":\"07:00\",\"closes\":\"17:00\"},{\"@type\":\"OpeningHoursSpecification\",\"dayOfWeek\":[\"Tuesday\",\"Thursday\"],\"opens\":\"07:00\",\"closes\":\"16:30\"},{\"@type\":\"OpeningHoursSpecification\",\"dayOfWeek\":[\"Friday\"],\"opens\":\"07:00\",\"closes\":\"15:00\"},{\"@type\":\"OpeningHoursSpecification\",\"dayOfWeek\":[\"Saturday\",\"Sunday\"],\"opens\":\"00:00\",\"closes\":\"00:00\"}],\"vatID\":\"CZ25267213\",\"taxID\":\"25267213\"},{\"@type\":\"PostalAddress\",\"@id\":\"https:\\\/\\\/www.dpmhk.cz\\\/ostatni-sluzby\\\/servis-vozidel\\\/lakovna\\\/#local-main-place-address\",\"streetAddress\":\"Pouchovsk\u00e1 153\",\"addressLocality\":\"Hradec Kr\u00e1lov\u00e9\",\"postalCode\":\"500 03\",\"addressRegion\":\"Aktivn\u00ed\",\"addressCountry\":\"CZ\"},{\"@type\":\"ImageObject\",\"inLanguage\":\"en-US\",\"@id\":\"https:\\\/\\\/www.dpmhk.cz\\\/ostatni-sluzby\\\/servis-vozidel\\\/lakovna\\\/#local-main-organization-logo\",\"url\":\"https:\\\/\\\/www.dpmhk.cz\\\/wp-content\\\/uploads\\\/2025\\\/11\\\/DP_HK_Logo_cerne2025-1.svg\",\"contentUrl\":\"https:\\\/\\\/www.dpmhk.cz\\\/wp-content\\\/uploads\\\/2025\\\/11\\\/DP_HK_Logo_cerne2025-1.svg\",\"width\":123,\"height\":60,\"caption\":\"Dopravn\u00ed podnik m\u011bsta Hradce Kr\u00e1lov\u00e9, a.s.\"}]}<\/script>\n<meta name=\"geo.placename\" content=\"Hradec Kr\u00e1lov\u00e9\" \/>\n<meta name=\"geo.region\" content=\"Czech Republic\" \/>\n<!-- \/ Yoast SEO Premium plugin. -->","yoast_head_json":{"title":"Lakovna - Hradec Kr\u00e1lov\u00e9 City Transport Company","description":"Paint shop DPmHK - professional painting of buses, trucks and structural units with individual approach and modern technology.","robots":{"index":"index","follow":"follow","max-snippet":"max-snippet:-1","max-image-preview":"max-image-preview:large","max-video-preview":"max-video-preview:-1"},"canonical":"https:\/\/www.dpmhk.cz\/en\/last-services\/vehicle-service\/paint-shop\/","og_locale":"en_US","og_type":"article","og_title":"Lakovna","og_description":"Lakovna DPmHK \u2013 profesion\u00e1ln\u00ed lakov\u00e1n\u00ed autobus\u016f, n\u00e1kladn\u00edch vozidel i konstruk\u010dn\u00edch celk\u016f s individu\u00e1ln\u00edm p\u0159\u00edstupem a modern\u00ed technologi\u00ed.","og_url":"https:\/\/www.dpmhk.cz\/en\/last-services\/vehicle-service\/paint-shop\/","og_site_name":"Dopravn\u00ed podnik m\u011bsta Hradce Kr\u00e1lov\u00e9","article_publisher":"https:\/\/www.facebook.com\/dopravnipodnikhk\/","article_modified_time":"2026-01-30T12:34:09+00:00","og_image":[{"url":"https:\/\/www.dpmhk.cz\/wp-content\/uploads\/2026\/01\/20190809_125112-768x432.jpg","type":"","width":"","height":""}],"twitter_card":"summary_large_image","twitter_misc":{"Est. reading time":"1 minute"},"schema":{"@context":"https:\/\/schema.org","@graph":[{"@type":"WebPage","@id":"https:\/\/www.dpmhk.cz\/ostatni-sluzby\/servis-vozidel\/lakovna\/","url":"https:\/\/www.dpmhk.cz\/ostatni-sluzby\/servis-vozidel\/lakovna\/","name":"Lakovna - Hradec Kr\u00e1lov\u00e9 City Transport Company","isPartOf":{"@id":"https:\/\/www.dpmhk.cz\/cz\/#website"},"primaryImageOfPage":{"@id":"https:\/\/www.dpmhk.cz\/ostatni-sluzby\/servis-vozidel\/lakovna\/#primaryimage"},"image":{"@id":"https:\/\/www.dpmhk.cz\/ostatni-sluzby\/servis-vozidel\/lakovna\/#primaryimage"},"thumbnailUrl":"https:\/\/www.dpmhk.cz\/wp-content\/uploads\/2026\/01\/20190809_125112-768x432.jpg","datePublished":"2025-11-19T07:54:29+00:00","dateModified":"2026-01-30T12:34:09+00:00","description":"Paint shop DPmHK - professional painting of buses, trucks and structural units with individual approach and modern technology.","breadcrumb":{"@id":"https:\/\/www.dpmhk.cz\/ostatni-sluzby\/servis-vozidel\/lakovna\/#breadcrumb"},"inLanguage":"en-US","potentialAction":[{"@type":"ReadAction","target":["https:\/\/www.dpmhk.cz\/ostatni-sluzby\/servis-vozidel\/lakovna\/"]}]},{"@type":"ImageObject","inLanguage":"en-US","@id":"https:\/\/www.dpmhk.cz\/ostatni-sluzby\/servis-vozidel\/lakovna\/#primaryimage","url":"https:\/\/www.dpmhk.cz\/wp-content\/uploads\/2026\/01\/20190809_125112-768x432.jpg","contentUrl":"https:\/\/www.dpmhk.cz\/wp-content\/uploads\/2026\/01\/20190809_125112-768x432.jpg"},{"@type":"BreadcrumbList","@id":"https:\/\/www.dpmhk.cz\/ostatni-sluzby\/servis-vozidel\/lakovna\/#breadcrumb","itemListElement":[{"@type":"ListItem","position":1,"name":"Dom\u016f","item":"https:\/\/www.dpmhk.cz\/cz\/"},{"@type":"ListItem","position":2,"name":"Ostatn\u00ed slu\u017eby","item":"https:\/\/www.dpmhk.cz\/ostatni-sluzby\/"},{"@type":"ListItem","position":3,"name":"Servis vozidel","item":"https:\/\/www.dpmhk.cz\/ostatni-sluzby\/servis-vozidel\/"},{"@type":"ListItem","position":4,"name":"Lakovna"}]},{"@type":"WebSite","@id":"https:\/\/www.dpmhk.cz\/cz\/#website","url":"https:\/\/www.dpmhk.cz\/cz\/","name":"Hradec Kr\u00e1lov\u00e9 City Transport Company","description":"Official website","publisher":{"@id":"https:\/\/www.dpmhk.cz\/cz\/#organization"},"alternateName":"Dopravn\u00ed podnik m\u011bsta Hradce Kr\u00e1lov\u00e9","potentialAction":[{"@type":"SearchAction","target":{"@type":"EntryPoint","urlTemplate":"https:\/\/www.dpmhk.cz\/cz\/?s={search_term_string}"},"query-input":{"@type":"PropertyValueSpecification","valueRequired":true,"valueName":"search_term_string"}}],"inLanguage":"en-US"},{"@type":["Organization","Place"],"@id":"https:\/\/www.dpmhk.cz\/cz\/#organization","name":"Hradec Kr\u00e1lov\u00e9 City Transport Company, a.s.","alternateName":"DPmHK","url":"https:\/\/www.dpmhk.cz\/cz\/","logo":{"@id":"https:\/\/www.dpmhk.cz\/ostatni-sluzby\/servis-vozidel\/lakovna\/#local-main-organization-logo"},"image":{"@id":"https:\/\/www.dpmhk.cz\/ostatni-sluzby\/servis-vozidel\/lakovna\/#local-main-organization-logo"},"sameAs":["https:\/\/www.facebook.com\/dopravnipodnikhk\/","https:\/\/www.instagram.com\/dopravnipodnikhk\/","https:\/\/www.youtube.com\/@dopravnipodnik-hk"],"legalName":"Dopravn\u00ed podnik m\u011bsta Hradce Kr\u00e1lov\u00e9, a.s.","foundingDate":"1948-04-26","numberOfEmployees":{"@type":"QuantitativeValue","minValue":"201","maxValue":"500"},"ownershipFundingInfo":"https:\/\/www.dpmhk.cz\/cz\/o-nas\/o-spolecnosti\/","actionableFeedbackPolicy":"https:\/\/www.dpmhk.cz\/cz\/o-nas\/dokumenty-formulare\/","ethicsPolicy":"https:\/\/www.dpmhk.cz\/cz\/o-nas\/o-spolecnosti\/","diversityStaffingReport":"https:\/\/www.dpmhk.cz\/cz\/kariera\/","address":{"@id":"https:\/\/www.dpmhk.cz\/ostatni-sluzby\/servis-vozidel\/lakovna\/#local-main-place-address"},"telephone":["+420 495 089 271","+420 495 546 095"],"contactPoint":{"@type":"ContactPoint","email":"info@dpmhk.cz"},"openingHoursSpecification":[{"@type":"OpeningHoursSpecification","dayOfWeek":["Monday","Wednesday"],"opens":"07:00","closes":"17:00"},{"@type":"OpeningHoursSpecification","dayOfWeek":["Tuesday","Thursday"],"opens":"07:00","closes":"16:30"},{"@type":"OpeningHoursSpecification","dayOfWeek":["Friday"],"opens":"07:00","closes":"15:00"},{"@type":"OpeningHoursSpecification","dayOfWeek":["Saturday","Sunday"],"opens":"00:00","closes":"00:00"}],"vatID":"CZ25267213","taxID":"25267213"},{"@type":"PostalAddress","@id":"https:\/\/www.dpmhk.cz\/ostatni-sluzby\/servis-vozidel\/lakovna\/#local-main-place-address","streetAddress":"Pouchovsk\u00e1 153","addressLocality":"Hradec Kr\u00e1lov\u00e9","postalCode":"500 03","addressRegion":"Aktivn\u00ed","addressCountry":"CZ"},{"@type":"ImageObject","inLanguage":"en-US","@id":"https:\/\/www.dpmhk.cz\/ostatni-sluzby\/servis-vozidel\/lakovna\/#local-main-organization-logo","url":"https:\/\/www.dpmhk.cz\/wp-content\/uploads\/2025\/11\/DP_HK_Logo_cerne2025-1.svg","contentUrl":"https:\/\/www.dpmhk.cz\/wp-content\/uploads\/2025\/11\/DP_HK_Logo_cerne2025-1.svg","width":123,"height":60,"caption":"Dopravn\u00ed podnik m\u011bsta Hradce Kr\u00e1lov\u00e9, a.s."}]},"geo.placename":"Hradec Kr\u00e1lov\u00e9","geo.region":"Czech Republic"},"_links":{"self":[{"href":"https:\/\/www.dpmhk.cz\/en\/wp-json\/wp\/v2\/pages\/7374","targetHints":{"allow":["GET"]}}],"collection":[{"href":"https:\/\/www.dpmhk.cz\/en\/wp-json\/wp\/v2\/pages"}],"about":[{"href":"https:\/\/www.dpmhk.cz\/en\/wp-json\/wp\/v2\/types\/page"}],"author":[{"embeddable":true,"href":"https:\/\/www.dpmhk.cz\/en\/wp-json\/wp\/v2\/users\/4"}],"replies":[{"embeddable":true,"href":"https:\/\/www.dpmhk.cz\/en\/wp-json\/wp\/v2\/comments?post=7374"}],"version-history":[{"count":5,"href":"https:\/\/www.dpmhk.cz\/en\/wp-json\/wp\/v2\/pages\/7374\/revisions"}],"predecessor-version":[{"id":17474,"href":"https:\/\/www.dpmhk.cz\/en\/wp-json\/wp\/v2\/pages\/7374\/revisions\/17474"}],"up":[{"embeddable":true,"href":"https:\/\/www.dpmhk.cz\/en\/wp-json\/wp\/v2\/pages\/7056"}],"wp:attachment":[{"href":"https:\/\/www.dpmhk.cz\/en\/wp-json\/wp\/v2\/media?parent=7374"}],"curies":[{"name":"wp","href":"https:\/\/api.w.org\/{rel}","templated":true}]}}